{"id":4830,"date":"2024-01-04T17:08:36","date_gmt":"2024-01-04T16:08:36","guid":{"rendered":"https:\/\/animicaportraits.com\/portraits-de-celebrites\/"},"modified":"2026-03-12T16:12:40","modified_gmt":"2026-03-12T15:12:40","slug":"portraits-de-celebrites","status":"publish","type":"page","link":"https:\/\/animicaportraits.com\/fr\/portraits-de-celebrites\/","title":{"rendered":"Portraits de c\u00e9l\u00e9brit\u00e9s"},"content":{"rendered":"\t\t<div data-elementor-type=\"wp-page\" data-elementor-id=\"4830\" class=\"elementor elementor-4830 elementor-452\" data-elementor-post-type=\"page\">\n\t\t\t\t<div class=\"elementor-element elementor-element-7d54b23 e-flex e-con-boxed e-con e-parent\" data-id=\"7d54b23\" data-element_type=\"container\" data-e-type=\"container\" data-settings=\"{&quot;background_background&quot;:&quot;slideshow&quot;,&quot;background_slideshow_gallery&quot;:[{&quot;id&quot;:26832,&quot;url&quot;:&quot;https:\\\/\\\/animicaportraits.com\\\/wp-content\\\/uploads\\\/2025\\\/07\\\/angelina-jolie-celebrities-venice-film-festival-2024-barbara-pigazzi-photo.jpg&quot;},{&quot;id&quot;:26354,&quot;url&quot;:&quot;https:\\\/\\\/animicaportraits.com\\\/wp-content\\\/uploads\\\/2024\\\/09\\\/taylor-russell-venice-film-festival-2024-05.jpg&quot;},{&quot;id&quot;:26366,&quot;url&quot;:&quot;https:\\\/\\\/animicaportraits.com\\\/wp-content\\\/uploads\\\/2024\\\/09\\\/christian-de-sica-venice-film-festival-2024-01.jpg&quot;},{&quot;id&quot;:26288,&quot;url&quot;:&quot;https:\\\/\\\/animicaportraits.com\\\/wp-content\\\/uploads\\\/2024\\\/10\\\/luca-guadagnino-venice-film-festival-2024-08.jpg&quot;},{&quot;id&quot;:26246,&quot;url&quot;:&quot;https:\\\/\\\/animicaportraits.com\\\/wp-content\\\/uploads\\\/2024\\\/09\\\/daniel-craig-venice-film-festival-2024-07.jpg&quot;},{&quot;id&quot;:26228,&quot;url&quot;:&quot;https:\\\/\\\/animicaportraits.com\\\/wp-content\\\/uploads\\\/2024\\\/09\\\/eva-herzigova-venice-film-festival-2024-02.jpg&quot;},{&quot;id&quot;:26201,&quot;url&quot;:&quot;https:\\\/\\\/animicaportraits.com\\\/wp-content\\\/uploads\\\/2024\\\/09\\\/kevin-costner-venice-film-festival-2024-18.jpg&quot;},{&quot;id&quot;:26147,&quot;url&quot;:&quot;https:\\\/\\\/animicaportraits.com\\\/wp-content\\\/uploads\\\/2024\\\/09\\\/kasia-smutniak-venice-film-festival-2024-01.jpg&quot;},{&quot;id&quot;:25963,&quot;url&quot;:&quot;https:\\\/\\\/animicaportraits.com\\\/wp-content\\\/uploads\\\/2024\\\/09\\\/caterina-murino-venice-film-festival-2024-05.jpg&quot;},{&quot;id&quot;:25785,&quot;url&quot;:&quot;https:\\\/\\\/animicaportraits.com\\\/wp-content\\\/uploads\\\/2024\\\/09\\\/cate-blanchett-venice-film-festival-2024-07.jpg&quot;},{&quot;id&quot;:25799,&quot;url&quot;:&quot;https:\\\/\\\/animicaportraits.com\\\/wp-content\\\/uploads\\\/2024\\\/09\\\/cate-blanchett-venice-film-festival-2024-11.jpg&quot;},{&quot;id&quot;:25779,&quot;url&quot;:&quot;https:\\\/\\\/animicaportraits.com\\\/wp-content\\\/uploads\\\/2024\\\/08\\\/cate-blanchett-venice-film-festival-2024-04.jpg&quot;},{&quot;id&quot;:5696,&quot;url&quot;:&quot;https:\\\/\\\/animicaportraits.com\\\/wp-content\\\/uploads\\\/2024\\\/01\\\/cate-blanchette-animica-custom-potraits-official-barbara-pigazzi-photographer-venezia-giudecca.jpg&quot;},{&quot;id&quot;:5705,&quot;url&quot;:&quot;https:\\\/\\\/animicaportraits.com\\\/wp-content\\\/uploads\\\/2024\\\/01\\\/caterina-murino-animica-custom-potraits-official-barbara-pigazzi-photographer-venezia-giudecca.jpg&quot;}],&quot;background_slideshow_ken_burns&quot;:&quot;yes&quot;,&quot;background_slideshow_loop&quot;:&quot;yes&quot;,&quot;background_slideshow_slide_duration&quot;:5000,&quot;background_slideshow_slide_transition&quot;:&quot;fade&quot;,&quot;background_slideshow_transition_duration&quot;:500,&quot;background_slideshow_ken_burns_zoom_direction&quot;:&quot;in&quot;}\">\n\t\t\t\t\t<div class=\"e-con-inner\">\n\t\t<div class=\"elementor-element elementor-element-1a5d92d e-con-full e-flex e-con e-child\" data-id=\"1a5d92d\" data-element_type=\"container\" data-e-type=\"container\">\n\t\t\t\t<div class=\"elementor-element elementor-element-39723eb elementor-widget elementor-widget-heading\" data-id=\"39723eb\" data-element_type=\"widget\" data-e-type=\"widget\" data-widget_type=\"heading.default\">\n\t\t\t\t<div class=\"elementor-widget-container\">\n\t\t\t\t\t<h1 class=\"elementor-heading-title elementor-size-default\">Animica Portraits de c\u00e9l\u00e9brit\u00e9s<\/h1>\t\t\t\t<\/div>\n\t\t\t\t<\/div>\n\t\t\t\t<div class=\"elementor-element elementor-element-fabf37b elementor-widget elementor-widget-text-editor\" data-id=\"fabf37b\" data-element_type=\"widget\" data-e-type=\"widget\" data-widget_type=\"text-editor.default\">\n\t\t\t\t<div class=\"elementor-widget-container\">\n\t\t\t\t\t\t\t\t\t<nav aria-label=\"breadcrumbs\" class=\"rank-math-breadcrumb\"><p><span class=\"last\">Home<\/span><\/p><\/nav>\n\t\t\t\t\t\t\t\t<\/div>\n\t\t\t\t<\/div>\n\t\t\t\t<\/div>\n\t\t\t\t\t<\/div>\n\t\t\t\t<\/div>\n\t\t<div class=\"elementor-element elementor-element-5445ee9 e-flex e-con-boxed e-con e-parent\" data-id=\"5445ee9\" data-element_type=\"container\" data-e-type=\"container\">\n\t\t\t\t\t<div class=\"e-con-inner\">\n\t\t<div class=\"elementor-element elementor-element-25c6af5 e-con-full e-flex e-con e-child\" data-id=\"25c6af5\" data-element_type=\"container\" data-e-type=\"container\">\n\t\t\t\t<div class=\"elementor-element elementor-element-4af13eb elementor-widget elementor-widget-heading\" data-id=\"4af13eb\" data-element_type=\"widget\" data-e-type=\"widget\" data-widget_type=\"heading.default\">\n\t\t\t\t<div class=\"elementor-widget-container\">\n\t\t\t\t\t<h2 class=\"elementor-heading-title elementor-size-default\">What is Animica Celebrities Portraits<\/h2>\t\t\t\t<\/div>\n\t\t\t\t<\/div>\n\t\t\t\t<div class=\"elementor-element elementor-element-fea0753 elementor-widget elementor-widget-text-editor\" data-id=\"fea0753\" data-element_type=\"widget\" data-e-type=\"widget\" data-widget_type=\"text-editor.default\">\n\t\t\t\t<div class=\"elementor-widget-container\">\n\t\t\t\t\t\t\t\t\t<p>In this exclusive photo gallery, we immerse ourselves in the fascinating world of red carpet celebrities, capturing not only their external beauty, but also the very essence of their souls.<\/p>\n<p><strong><span style=\"color: #b20808;\">The Animica Art Studio<\/span><\/strong> stands out for its ability to go beyond the simple glamorous portrait of celebrities. Each photo tells a story, an emotion, a fleeting moment captured by the lens with skill and sensitivity.<\/p>\n<p>Here, we have had the honor of immortalizing some of the most illustrious figures on the international scene, but our goal goes beyond fame and prestige. Through our photographs, we try to capture something more intimate and authentic: the very soul of the people we have the privilege of portraying.<\/p>\n<p>Every expression, every look, every smile tells a unique and unrepeatable story. With our art, we seek to convey the depth and complexity of each individual, celebrating the beauty and diversity of the human experience.<\/p>\n<p>We invite you to explore this unique collection of portraits and let yourself be transported by the emotions they arouse. Welcome to the enchanting world of <strong><span style=\"color: #b20808;\">Celebrities Portraits by Studio Animica Art.<\/span><\/strong><\/p>\n\t\t\t\t\t\t\t\t<\/div>\n\t\t\t\t<\/div>\n\t\t\t\t<div class=\"elementor-element elementor-element-f9b12d7 elementor-align-left elementor-widget elementor-widget-button\" data-id=\"f9b12d7\" data-element_type=\"widget\" data-e-type=\"widget\" data-widget_type=\"button.default\">\n\t\t\t\t<div class=\"elementor-widget-container\">\n\t\t\t\t\t\t\t\t\t<div class=\"elementor-button-wrapper\">\n\t\t\t\t\t<a class=\"elementor-button elementor-button-link elementor-size-sm elementor-animation-float\" href=\"https:\/\/animicaportraits.com\/fr\/portraits-personnalises\/#celebrities-portraits\">\n\t\t\t\t\t\t<span class=\"elementor-button-content-wrapper\">\n\t\t\t\t\t\t\t\t\t<span class=\"elementor-button-text\">see all custom portraits<\/span>\n\t\t\t\t\t<\/span>\n\t\t\t\t\t<\/a>\n\t\t\t\t<\/div>\n\t\t\t\t\t\t\t\t<\/div>\n\t\t\t\t<\/div>\n\t\t\t\t<\/div>\n\t\t<div class=\"elementor-element elementor-element-1c242dc e-con-full e-flex e-con e-child\" data-id=\"1c242dc\" data-element_type=\"container\" data-e-type=\"container\">\n\t\t\t\t<div class=\"elementor-element elementor-element-60d9148 elementor-widget elementor-widget-heading\" data-id=\"60d9148\" data-element_type=\"widget\" data-e-type=\"widget\" data-widget_type=\"heading.default\">\n\t\t\t\t<div class=\"elementor-widget-container\">\n\t\t\t\t\t<h2 class=\"elementor-heading-title elementor-size-default\">Who is Custom Portraits suitable for?<\/h2>\t\t\t\t<\/div>\n\t\t\t\t<\/div>\n\t\t\t\t<div class=\"elementor-element elementor-element-e843223 elementor-align-start elementor-icon-list--layout-traditional elementor-list-item-link-full_width elementor-widget elementor-widget-icon-list\" data-id=\"e843223\" data-element_type=\"widget\" data-e-type=\"widget\" data-widget_type=\"icon-list.default\">\n\t\t\t\t<div class=\"elementor-widget-container\">\n\t\t\t\t\t\t\t<ul class=\"elementor-icon-list-items\">\n\t\t\t\t\t\t\t<li class=\"elementor-icon-list-item\">\n\t\t\t\t\t\t\t\t\t\t\t<span class=\"elementor-icon-list-icon\">\n\t\t\t\t\t\t\t<i aria-hidden=\"true\" class=\"icon icon-photo-camera\"><\/i>\t\t\t\t\t\t<\/span>\n\t\t\t\t\t\t\t\t\t\t<span class=\"elementor-icon-list-text\">Celebrity Agents and Managers: Those who manage celebrity careers may be interested in capturing high-quality portraits of their clients.<\/span>\n\t\t\t\t\t\t\t\t\t<\/li>\n\t\t\t\t\t\t\t\t<li class=\"elementor-icon-list-item\">\n\t\t\t\t\t\t\t\t\t\t\t<span class=\"elementor-icon-list-icon\">\n\t\t\t\t\t\t\t<i aria-hidden=\"true\" class=\"icon icon-photo-camera\"><\/i>\t\t\t\t\t\t<\/span>\n\t\t\t\t\t\t\t\t\t\t<span class=\"elementor-icon-list-text\">Film and television production companies: Film and television production companies may be interested in purchasing photos to promote films and television programs, or for internal use.<\/span>\n\t\t\t\t\t\t\t\t\t<\/li>\n\t\t\t\t\t\t\t\t<li class=\"elementor-icon-list-item\">\n\t\t\t\t\t\t\t\t\t\t\t<span class=\"elementor-icon-list-icon\">\n\t\t\t\t\t\t\t<i aria-hidden=\"true\" class=\"icon icon-photo-camera\"><\/i>\t\t\t\t\t\t<\/span>\n\t\t\t\t\t\t\t\t\t\t<span class=\"elementor-icon-list-text\">Advertising and Marketing Agencies: Advertising and marketing agencies may use celebrity photos for advertising and promotional campaigns.<\/span>\n\t\t\t\t\t\t\t\t\t<\/li>\n\t\t\t\t\t\t\t\t<li class=\"elementor-icon-list-item\">\n\t\t\t\t\t\t\t\t\t\t\t<span class=\"elementor-icon-list-icon\">\n\t\t\t\t\t\t\t<i aria-hidden=\"true\" class=\"icon icon-photo-camera\"><\/i>\t\t\t\t\t\t<\/span>\n\t\t\t\t\t\t\t\t\t\t<span class=\"elementor-icon-list-text\">Art Galleries: Art galleries may be interested in displaying and selling celebrity portraits as works of art.<\/span>\n\t\t\t\t\t\t\t\t\t<\/li>\n\t\t\t\t\t\t\t\t<li class=\"elementor-icon-list-item\">\n\t\t\t\t\t\t\t\t\t\t\t<span class=\"elementor-icon-list-icon\">\n\t\t\t\t\t\t\t<i aria-hidden=\"true\" class=\"icon icon-photo-camera\"><\/i>\t\t\t\t\t\t<\/span>\n\t\t\t\t\t\t\t\t\t\t<span class=\"elementor-icon-list-text\">Private Collectors: Photography enthusiasts or memorabilia collectors may be interested in adding celebrity portraits to their personal collection.<\/span>\n\t\t\t\t\t\t\t\t\t<\/li>\n\t\t\t\t\t\t\t\t<li class=\"elementor-icon-list-item\">\n\t\t\t\t\t\t\t\t\t\t\t<span class=\"elementor-icon-list-icon\">\n\t\t\t\t\t\t\t<i aria-hidden=\"true\" class=\"icon icon-photo-camera\"><\/i>\t\t\t\t\t\t<\/span>\n\t\t\t\t\t\t\t\t\t\t<span class=\"elementor-icon-list-text\">News agencies and media: News agencies and media may purchase celebrity photos for editorial use, such as illustrations for articles or covers.<\/span>\n\t\t\t\t\t\t\t\t\t<\/li>\n\t\t\t\t\t\t\t\t<li class=\"elementor-icon-list-item\">\n\t\t\t\t\t\t\t\t\t\t\t<span class=\"elementor-icon-list-icon\">\n\t\t\t\t\t\t\t<i aria-hidden=\"true\" class=\"icon icon-photo-camera\"><\/i>\t\t\t\t\t\t<\/span>\n\t\t\t\t\t\t\t\t\t\t<span class=\"elementor-icon-list-text\">Luxury hotels and resorts: Luxury properties may be interested in purchasing artwork to decorate common spaces or guest rooms.<\/span>\n\t\t\t\t\t\t\t\t\t<\/li>\n\t\t\t\t\t\t\t\t<li class=\"elementor-icon-list-item\">\n\t\t\t\t\t\t\t\t\t\t\t<span class=\"elementor-icon-list-icon\">\n\t\t\t\t\t\t\t<i aria-hidden=\"true\" class=\"icon icon-photo-camera\"><\/i>\t\t\t\t\t\t<\/span>\n\t\t\t\t\t\t\t\t\t\t<span class=\"elementor-icon-list-text\">Gala Events and Charity Auctions: Organizers of gala events and charity auctions may purchase celebrity photos for inclusion in charity packages or as prizes for guests.<\/span>\n\t\t\t\t\t\t\t\t\t<\/li>\n\t\t\t\t\t\t\t\t<li class=\"elementor-icon-list-item\">\n\t\t\t\t\t\t\t\t\t\t\t<span class=\"elementor-icon-list-icon\">\n\t\t\t\t\t\t\t<i aria-hidden=\"true\" class=\"icon icon-photo-camera\"><\/i>\t\t\t\t\t\t<\/span>\n\t\t\t\t\t\t\t\t\t\t<span class=\"elementor-icon-list-text\">Fashion and entertainment magazines and retailers: Fashion and entertainment magazines may purchase celebrity photos for their covers or feature articles.<\/span>\n\t\t\t\t\t\t\t\t\t<\/li>\n\t\t\t\t\t\t<\/ul>\n\t\t\t\t\t\t<\/div>\n\t\t\t\t<\/div>\n\t\t\t\t<div class=\"elementor-element elementor-element-cfc7c55 elementor-align-left elementor-widget elementor-widget-button\" data-id=\"cfc7c55\" data-element_type=\"widget\" data-e-type=\"widget\" data-widget_type=\"button.default\">\n\t\t\t\t<div class=\"elementor-widget-container\">\n\t\t\t\t\t\t\t\t\t<div class=\"elementor-button-wrapper\">\n\t\t\t\t\t<a class=\"elementor-button elementor-button-link elementor-size-sm elementor-animation-float\" href=\"#elementor-action%3Aaction%3Dpopup%3Aopen%26settings%3DeyJpZCI6NjIxNiwidG9nZ2xlIjpmYWxzZX0%3D\">\n\t\t\t\t\t\t<span class=\"elementor-button-content-wrapper\">\n\t\t\t\t\t\t\t\t\t<span class=\"elementor-button-text\">book your custom portrait<\/span>\n\t\t\t\t\t<\/span>\n\t\t\t\t\t<\/a>\n\t\t\t\t<\/div>\n\t\t\t\t\t\t\t\t<\/div>\n\t\t\t\t<\/div>\n\t\t\t\t<\/div>\n\t\t\t\t\t<\/div>\n\t\t\t\t<\/div>\n\t\t\t\t<section class=\"elementor-section elementor-top-section elementor-element elementor-element-38e91f9 elementor-section-boxed elementor-section-height-default elementor-section-height-default\" data-id=\"38e91f9\" data-element_type=\"section\" data-e-type=\"section\" id=\"celebrities-portraits\">\n\t\t\t\t\t\t<div class=\"elementor-container elementor-column-gap-default\">\n\t\t\t\t\t<div class=\"elementor-column elementor-col-100 elementor-top-column elementor-element elementor-element-c6320ea\" data-id=\"c6320ea\" data-element_type=\"column\" data-e-type=\"column\">\n\t\t\t<div class=\"elementor-widget-wrap elementor-element-populated\">\n\t\t\t\t\t\t<div class=\"elementor-element elementor-element-ff5d9b3 elementor-widget elementor-widget-heading\" data-id=\"ff5d9b3\" data-element_type=\"widget\" data-e-type=\"widget\" data-widget_type=\"heading.default\">\n\t\t\t\t<div class=\"elementor-widget-container\">\n\t\t\t\t\t<h3 class=\"elementor-heading-title elementor-size-default\">Le charme des c\u00e9l\u00e9brit\u00e9s dans le portrait de l'auteur<\/h3>\t\t\t\t<\/div>\n\t\t\t\t<\/div>\n\t\t\t\t<div class=\"elementor-element elementor-element-3aff77b elementor-widget-divider--view-line_text elementor-widget-divider--element-align-center elementor-widget elementor-widget-divider\" data-id=\"3aff77b\" data-element_type=\"widget\" data-e-type=\"widget\" data-widget_type=\"divider.default\">\n\t\t\t\t<div class=\"elementor-widget-container\">\n\t\t\t\t\t\t\t<div class=\"elementor-divider\">\n\t\t\t<span class=\"elementor-divider-separator\">\n\t\t\t\t\t\t\t<h4 class=\"elementor-divider__text elementor-divider__element\">\n\t\t\t\tportraits de c\u00e9l\u00e9brit\u00e9s\t\t\t\t<\/h4>\n\t\t\t\t\t\t<\/span>\n\t\t<\/div>\n\t\t\t\t\t\t<\/div>\n\t\t\t\t<\/div>\n\t\t\t\t<div class=\"elementor-element elementor-element-712c288 elementor-widget elementor-widget-spacer\" data-id=\"712c288\" data-element_type=\"widget\" data-e-type=\"widget\" data-widget_type=\"spacer.default\">\n\t\t\t\t<div class=\"elementor-widget-container\">\n\t\t\t\t\t\t\t<div class=\"elementor-spacer\">\n\t\t\t<div class=\"elementor-spacer-inner\"><\/div>\n\t\t<\/div>\n\t\t\t\t\t\t<\/div>\n\t\t\t\t<\/div>\n\t\t\t\t\t<\/div>\n\t\t<\/div>\n\t\t\t\t\t<\/div>\n\t\t<\/section>\n\t\t\t\t<\/div>\n\t\t","protected":false},"excerpt":{"rendered":"<p>Animica Portraits de c\u00e9l\u00e9brit\u00e9s What is Animica Celebrities Portraits In this exclusive photo gallery, we immerse ourselves in the fascinating world of red carpet celebrities, capturing not only their external beauty, but also the very essence of their souls. The Animica Art Studio stands out for its ability to go beyond the simple glamorous portrait [&hellip;]<\/p>\n","protected":false},"author":1,"featured_media":0,"parent":0,"menu_order":0,"comment_status":"closed","ping_status":"closed","template":"elementor_header_footer","meta":{"_acf_changed":false,"footnotes":""},"class_list":["post-4830","page","type-page","status-publish","hentry"],"acf":[],"_links":{"self":[{"href":"https:\/\/animicaportraits.com\/fr\/wp-json\/wp\/v2\/pages\/4830","targetHints":{"allow":["GET"]}}],"collection":[{"href":"https:\/\/animicaportraits.com\/fr\/wp-json\/wp\/v2\/pages"}],"about":[{"href":"https:\/\/animicaportraits.com\/fr\/wp-json\/wp\/v2\/types\/page"}],"author":[{"embeddable":true,"href":"https:\/\/animicaportraits.com\/fr\/wp-json\/wp\/v2\/users\/1"}],"replies":[{"embeddable":true,"href":"https:\/\/animicaportraits.com\/fr\/wp-json\/wp\/v2\/comments?post=4830"}],"version-history":[{"count":4,"href":"https:\/\/animicaportraits.com\/fr\/wp-json\/wp\/v2\/pages\/4830\/revisions"}],"predecessor-version":[{"id":32831,"href":"https:\/\/animicaportraits.com\/fr\/wp-json\/wp\/v2\/pages\/4830\/revisions\/32831"}],"wp:attachment":[{"href":"https:\/\/animicaportraits.com\/fr\/wp-json\/wp\/v2\/media?parent=4830"}],"curies":[{"name":"wp","href":"https:\/\/api.w.org\/{rel}","templated":true}]}}