{"id":10885,"date":"2024-07-04T17:52:43","date_gmt":"2024-07-04T15:52:43","guid":{"rendered":"https:\/\/animicaportraits.com\/product\/carte-postale-lux-art-et-bliss-n-7\/"},"modified":"2024-07-12T18:59:39","modified_gmt":"2024-07-12T16:59:39","slug":"carte-postale-lux-art-et-bliss-n-7","status":"publish","type":"product","link":"https:\/\/animicaportraits.com\/fr\/produit\/carte-postale-lux-art-et-bliss-n-7\/","title":{"rendered":"Carte postale Lux Art et Bliss N.7"},"content":{"rendered":"<p><strong>Lux Art Carte postale<\/strong><br \/>\nUne photographie d&rsquo;auteur de <span style=\"color: #b51b1b;\"><strong>Barbara Pigazzi<\/strong><\/span> imprim\u00e9e sur m\u00e9tal pr\u00e9cieux certifi\u00e9 <em>LUX ART FINITION MIROIR CHROMALUXE.<\/em><\/p>\n<p><strong>Format carte postale:<\/strong> 10&#215;15 cm imprim\u00e9e sur support m\u00e9tallique LUX ART certifi\u00e9 ChromaLuxe, associ\u00e9e \u00e0 l&rsquo;authentification de l&rsquo;auteur avec signature.<br \/>\n<strong>Lien:<\/strong> <a href=\"https:\/\/animicaportraits.com\/fr\/produit\/la-divine-caligine\/\" target=\"_blank\" rel=\"noopener\">La Divine Caligine<\/a><\/p>\n<p><strong>Bonheur en Flacon &#8211; Chakra N\u00b07 &#8211; Chakra Couronne (50ml)<\/strong><br \/>\nBliss in a Bottle est un Chypr\u00e9 Bois\u00e9. Les notes de t\u00eate exaltantes fusionnent avec le jasmin, l\u2019encens et le oud. Le jasmin est consid\u00e9r\u00e9 comme la fleur des dieux tandis que l&rsquo;encens est utilis\u00e9 dans les rituels pour purifier l&rsquo;\u00e2me. Toutes les notes sont envelopp\u00e9es dans des bois de cachemire sensuels.<\/p>\n<p><strong>NOTES DE PARFUM:<\/strong><br \/>\nBaies de geni\u00e8vre, bergamote, encens, jasmin, oud, patchouli, v\u00e9tiver, bois de santal, bois de cachemire.<\/p>\n","protected":false},"excerpt":{"rendered":"<p>Le produit professionnel N7 &#8211; BLISS de Pauline Rochas, D\u00c9DI\u00c9 \u00e0 Animica<\/p>\n<p>Il est accompagn\u00e9 d&rsquo;un auteur \u00e9vocateur LUX ART CHROMALUXE, finition MIROIR de l&rsquo;op\u00e9ra \u00ab\u00a0<em>La Divine Caligine<\/em>\u00a0\u00bb ann\u00e9e 2020, avec l&rsquo;authenticit\u00e9 de l&rsquo;auteur Barbara Pigazzi et certification CromaLuxe.<\/p>\n","protected":false},"featured_media":10856,"comment_status":"open","ping_status":"closed","template":"","meta":{"_acf_changed":false},"attore":[],"product_brand":[],"product_cat":[249],"product_tag":[262,103,95],"giftcard-category":[],"class_list":{"0":"post-10885","1":"product","2":"type-product","3":"status-publish","4":"has-post-thumbnail","6":"product_cat-ambiance-et-essence","7":"product_tag-ambiance-et-essence","8":"product_tag-la-divine-caligine","9":"product_tag-pauline-rochas-fr","11":"first","12":"instock","13":"taxable","14":"shipping-taxable","15":"purchasable","16":"product-type-simple"},"acf":[],"_links":{"self":[{"href":"https:\/\/animicaportraits.com\/fr\/wp-json\/wp\/v2\/product\/10885","targetHints":{"allow":["GET"]}}],"collection":[{"href":"https:\/\/animicaportraits.com\/fr\/wp-json\/wp\/v2\/product"}],"about":[{"href":"https:\/\/animicaportraits.com\/fr\/wp-json\/wp\/v2\/types\/product"}],"replies":[{"embeddable":true,"href":"https:\/\/animicaportraits.com\/fr\/wp-json\/wp\/v2\/comments?post=10885"}],"version-history":[{"count":1,"href":"https:\/\/animicaportraits.com\/fr\/wp-json\/wp\/v2\/product\/10885\/revisions"}],"predecessor-version":[{"id":10990,"href":"https:\/\/animicaportraits.com\/fr\/wp-json\/wp\/v2\/product\/10885\/revisions\/10990"}],"wp:featuredmedia":[{"embeddable":true,"href":"https:\/\/animicaportraits.com\/fr\/wp-json\/wp\/v2\/media\/10856"}],"wp:attachment":[{"href":"https:\/\/animicaportraits.com\/fr\/wp-json\/wp\/v2\/media?parent=10885"}],"wp:term":[{"taxonomy":"attore","embeddable":true,"href":"https:\/\/animicaportraits.com\/fr\/wp-json\/wp\/v2\/attore?post=10885"},{"taxonomy":"product_brand","embeddable":true,"href":"https:\/\/animicaportraits.com\/fr\/wp-json\/wp\/v2\/product_brand?post=10885"},{"taxonomy":"product_cat","embeddable":true,"href":"https:\/\/animicaportraits.com\/fr\/wp-json\/wp\/v2\/product_cat?post=10885"},{"taxonomy":"product_tag","embeddable":true,"href":"https:\/\/animicaportraits.com\/fr\/wp-json\/wp\/v2\/product_tag?post=10885"},{"taxonomy":"giftcard-category","embeddable":true,"href":"https:\/\/animicaportraits.com\/fr\/wp-json\/wp\/v2\/giftcard-category?post=10885"}],"curies":[{"name":"wp","href":"https:\/\/api.w.org\/{rel}","templated":true}]}}