{"id":10975,"date":"2024-07-01T19:36:51","date_gmt":"2024-07-01T17:36:51","guid":{"rendered":"https:\/\/animicaportraits.com\/product\/carte-postale-lux-art-et-burning-for-you\/"},"modified":"2024-07-01T19:36:51","modified_gmt":"2024-07-01T17:36:51","slug":"carte-postale-lux-art-et-burning-for-you","status":"publish","type":"product","link":"https:\/\/animicaportraits.com\/fr\/produit\/carte-postale-lux-art-et-burning-for-you\/","title":{"rendered":"Carte postale Lux Art et Burning For You"},"content":{"rendered":"<p><strong>Carte Postale Lux Art<br \/>\n<\/strong>Une photographie d&rsquo;auteur de <span style=\"color: #b51b1b;\"><strong>Barbara Pigazzi<\/strong><\/span> imprim\u00e9e sur du m\u00e9tal pr\u00e9cieux <em>LUX ART<\/em> certifi\u00e9 <em> FINITION MIROIR CHROMALUXE.<\/em><\/p>\n<p><strong>Format carte postale:<\/strong> 10&#215;15 cm imprim\u00e9 sur support m\u00e9tallique LUX ART certifi\u00e9 ChromaLuxe, associ\u00e9 \u00e0 l&rsquo;authentification de l&rsquo;auteur avec signature.<br \/>\n<strong>Link:<\/strong> <a href=\"https:\/\/animicaportraits.com\/fr\/produit\/giorgia-serie-1\/\" target=\"_blank\" rel=\"noopener\"><em>Animica Art Giorgia Serie 1<\/em><\/a><\/p>\n<p><strong>Burning For You (180g)<\/strong><br \/>\nBougie parfum\u00e9e orientale bois\u00e9e \u00ab\u00a0<em>Burning For You<\/em>\u00a0\u00bb par <span style=\"color: #b51b1b;\"><strong>Pauline Rochas<\/strong><\/span>. Au c\u0153ur de cette flamme, le bois\u00e9 du Bouleau, du Patchouli et du Santal impr\u00e8gne l&rsquo;air. La nuance hypnotique du safran rappelle une attirance douce-am\u00e8re.<\/p>\n<p><strong>NOTES OLFACTIVES\u00a0:<\/strong> Bergamote, Cannelle, Cardamome, Safran, Patchouli, Bouleau, Labdanum, Bois de santal, Accord de su\u00e8de, Oud, Ambre, V\u00e9tiver, Vanille, Musc.<\/p>\n<p><em>Combinant art visuel et parfums de luxe, cet ensemble repr\u00e9sente une fusion parfaite de beaut\u00e9 et de sophistication, disponible exclusivement chez Animica Art Gallery..<\/em><\/p>\n","protected":false},"excerpt":{"rendered":"<p>Excellence artistique et sensorielle r\u00e9unies dans notre coffret exclusif \u00ab\u00a0Carte Postale Lux Art et Burning For You\u00a0\u00bb.<\/p>\n<p>Animica Art Gallery est un magasin agr\u00e9\u00e9 par la marque Pauline Rochas pour la vente de produits Rochas pour l&rsquo;Italie.<\/p>\n","protected":false},"featured_media":10399,"comment_status":"open","ping_status":"closed","template":"","meta":{"_acf_changed":false},"attore":[],"product_brand":[],"product_cat":[249],"product_tag":[262,266,268,267],"giftcard-category":[],"class_list":{"0":"post-10975","1":"product","2":"type-product","3":"status-publish","4":"has-post-thumbnail","6":"product_cat-ambiance-et-essence","7":"product_tag-ambiance-et-essence","8":"product_tag-animica-art-giorgia-serie-1-fr","9":"product_tag-bougie-parfumee","10":"product_tag-burning-for-you-fr","12":"first","13":"instock","14":"taxable","15":"shipping-taxable","16":"purchasable","17":"product-type-simple"},"acf":[],"_links":{"self":[{"href":"https:\/\/animicaportraits.com\/fr\/wp-json\/wp\/v2\/product\/10975","targetHints":{"allow":["GET"]}}],"collection":[{"href":"https:\/\/animicaportraits.com\/fr\/wp-json\/wp\/v2\/product"}],"about":[{"href":"https:\/\/animicaportraits.com\/fr\/wp-json\/wp\/v2\/types\/product"}],"replies":[{"embeddable":true,"href":"https:\/\/animicaportraits.com\/fr\/wp-json\/wp\/v2\/comments?post=10975"}],"version-history":[{"count":0,"href":"https:\/\/animicaportraits.com\/fr\/wp-json\/wp\/v2\/product\/10975\/revisions"}],"wp:featuredmedia":[{"embeddable":true,"href":"https:\/\/animicaportraits.com\/fr\/wp-json\/wp\/v2\/media\/10399"}],"wp:attachment":[{"href":"https:\/\/animicaportraits.com\/fr\/wp-json\/wp\/v2\/media?parent=10975"}],"wp:term":[{"taxonomy":"attore","embeddable":true,"href":"https:\/\/animicaportraits.com\/fr\/wp-json\/wp\/v2\/attore?post=10975"},{"taxonomy":"product_brand","embeddable":true,"href":"https:\/\/animicaportraits.com\/fr\/wp-json\/wp\/v2\/product_brand?post=10975"},{"taxonomy":"product_cat","embeddable":true,"href":"https:\/\/animicaportraits.com\/fr\/wp-json\/wp\/v2\/product_cat?post=10975"},{"taxonomy":"product_tag","embeddable":true,"href":"https:\/\/animicaportraits.com\/fr\/wp-json\/wp\/v2\/product_tag?post=10975"},{"taxonomy":"giftcard-category","embeddable":true,"href":"https:\/\/animicaportraits.com\/fr\/wp-json\/wp\/v2\/giftcard-category?post=10975"}],"curies":[{"name":"wp","href":"https:\/\/api.w.org\/{rel}","templated":true}]}}