{"id":10977,"date":"2024-06-30T19:57:42","date_gmt":"2024-06-30T17:57:42","guid":{"rendered":"https:\/\/animicaportraits.com\/product\/carte-postale-lux-art-et-the-awakening\/"},"modified":"2024-06-30T19:57:42","modified_gmt":"2024-06-30T17:57:42","slug":"carte-postale-lux-art-et-the-awakening","status":"publish","type":"product","link":"https:\/\/animicaportraits.com\/fr\/produit\/carte-postale-lux-art-et-the-awakening\/","title":{"rendered":"Carte Postale Lux Art et The Awakening"},"content":{"rendered":"<p><strong>Carte postale Lux Art<br \/>\n<\/strong>Une photographie d&rsquo;auteur de <span style=\"color: #b51b1b;\"><strong>Barbara Pigazzi<\/strong><\/span> imprim\u00e9e sur du m\u00e9tal pr\u00e9cieux <em>LUX ART<\/em> certifi\u00e9 <em> FINITION MIROIR CHROMALUXE.<\/em><\/p>\n<p><strong>Format carte postale :<\/strong> 10&#215;15 cm imprim\u00e9 sur support m\u00e9tallique LUX ART certifi\u00e9 ChromaLuxe, associ\u00e9 \u00e0 l&rsquo;authentification de l&rsquo;auteur avec signature.<br \/>\n<strong>Link\u00a0:<\/strong> <a href=\"https:\/\/animicaportraits.com\/fr\/produit\/giorgia-serie-1\/\" target=\"_blank\" rel=\"noopener\"><em>Animica Art Giorgia S\u00e9rie 1 <\/em><\/a><\/p>\n<p><strong>The Awakening (10 ml)<\/strong><br \/>\nL&rsquo;huile de parfum \u00e9l\u00e9gante \u00ab\u00a0<em>The Awakening<\/em>\u00a0\u00bb de <span style=\"color: #b51b1b;\"><strong>Pauline Rochas<\/strong><\/span>. Cette huile, aux ingr\u00e9dients naturels, offre une exp\u00e9rience olfactive unique.<\/p>\n<p><strong>Ingr\u00e9dients\u00a0:<\/strong> Gingembre, Citron vert, Air marin, Menthe verte, Herbe coup\u00e9e, Pomme verte, Musc blanc, Vitamine C.<\/p>\n<p><em>Combinant art visuel et parfums de luxe, cet ensemble repr\u00e9sente une fusion parfaite de beaut\u00e9 et de sophistication, disponible exclusivement \u00e0 l&rsquo;Animica Art Gallery.<\/em><\/p>\n","protected":false},"excerpt":{"rendered":"<p>Excellence artistique et sensorielle r\u00e9unies dans notre coffret exclusif \u00ab\u00a0Lux Art Postcard et The Awakening\u00a0\u00bb.<\/p>\n<p>Animica Art Gallery est un magasin agr\u00e9\u00e9 par la marque Pauline Rochas pour la vente de produits Rochas pour l&rsquo;Italie.<\/p>\n","protected":false},"featured_media":10365,"comment_status":"open","ping_status":"closed","template":"","meta":{"_acf_changed":false},"attore":[],"product_brand":[],"product_cat":[249],"product_tag":[262,266,270],"giftcard-category":[],"class_list":{"0":"post-10977","1":"product","2":"type-product","3":"status-publish","4":"has-post-thumbnail","6":"product_cat-ambiance-et-essence","7":"product_tag-ambiance-et-essence","8":"product_tag-animica-art-giorgia-serie-1-fr","9":"product_tag-the-avakening-fr","11":"first","12":"instock","13":"taxable","14":"shipping-taxable","15":"purchasable","16":"product-type-simple"},"acf":[],"_links":{"self":[{"href":"https:\/\/animicaportraits.com\/fr\/wp-json\/wp\/v2\/product\/10977","targetHints":{"allow":["GET"]}}],"collection":[{"href":"https:\/\/animicaportraits.com\/fr\/wp-json\/wp\/v2\/product"}],"about":[{"href":"https:\/\/animicaportraits.com\/fr\/wp-json\/wp\/v2\/types\/product"}],"replies":[{"embeddable":true,"href":"https:\/\/animicaportraits.com\/fr\/wp-json\/wp\/v2\/comments?post=10977"}],"version-history":[{"count":0,"href":"https:\/\/animicaportraits.com\/fr\/wp-json\/wp\/v2\/product\/10977\/revisions"}],"wp:featuredmedia":[{"embeddable":true,"href":"https:\/\/animicaportraits.com\/fr\/wp-json\/wp\/v2\/media\/10365"}],"wp:attachment":[{"href":"https:\/\/animicaportraits.com\/fr\/wp-json\/wp\/v2\/media?parent=10977"}],"wp:term":[{"taxonomy":"attore","embeddable":true,"href":"https:\/\/animicaportraits.com\/fr\/wp-json\/wp\/v2\/attore?post=10977"},{"taxonomy":"product_brand","embeddable":true,"href":"https:\/\/animicaportraits.com\/fr\/wp-json\/wp\/v2\/product_brand?post=10977"},{"taxonomy":"product_cat","embeddable":true,"href":"https:\/\/animicaportraits.com\/fr\/wp-json\/wp\/v2\/product_cat?post=10977"},{"taxonomy":"product_tag","embeddable":true,"href":"https:\/\/animicaportraits.com\/fr\/wp-json\/wp\/v2\/product_tag?post=10977"},{"taxonomy":"giftcard-category","embeddable":true,"href":"https:\/\/animicaportraits.com\/fr\/wp-json\/wp\/v2\/giftcard-category?post=10977"}],"curies":[{"name":"wp","href":"https:\/\/api.w.org\/{rel}","templated":true}]}}