{"id":11561,"date":"2024-08-15T16:14:55","date_gmt":"2024-08-15T14:14:55","guid":{"rendered":"https:\/\/animicaportraits.com\/product\/melonie-foster-hennessy-et-barbara-pigazzi-performance\/"},"modified":"2025-05-13T12:44:57","modified_gmt":"2025-05-13T10:44:57","slug":"melonie-foster-hennessy-et-barbara-pigazzi-performance","status":"publish","type":"product","link":"https:\/\/animicaportraits.com\/fr\/produit\/melonie-foster-hennessy-et-barbara-pigazzi-performance\/","title":{"rendered":"Melonie Foster Hennessy et Barbara Pigazzi Performance"},"content":{"rendered":"<p>Dans cette photographie unique, prise \u00e0 Paris en 2021, la c\u00e9l\u00e8bre <strong>photographe Barbara Pigazzi<\/strong> capture le visage de la superbe <strong>Melonie Foster Hennessy<\/strong>, dans un moment d&rsquo;intense expressivit\u00e9. L&rsquo;\u0153uvre, intitul\u00e9e \u00ab <strong><em>Melonie and Barbara Performance<\/em><\/strong> \u00bb, repr\u00e9sente Melonie mordant doucement le pouce de Barbara, cr\u00e9ant un dialogue visuel qui transcende le simple portrait. Ce geste \u00e9nigmatique laisse place \u00e0 de multiples interpr\u00e9tations, sugg\u00e9rant une communication interne entre force et vuln\u00e9rabilit\u00e9.<\/p>\n<p>L&rsquo;\u0153uvre est imprim\u00e9e sur un support en aluminium certifi\u00e9 Lux Art Chromaluxe, de dimensions 70&#215;100 cm et d&rsquo;une finition miroir (Miroir). <strong>Cette \u00e9dition est limit\u00e9e \u00e0 seulement 7 exemplaires, ce qui conf\u00e8re \u00e0 chaque exemplaire une valeur inestimable.<\/strong><\/p>\n","protected":false},"excerpt":{"rendered":"<p>Performance artistique entre Melonie Foster Hennessy et Barbara Pigazzi<br \/>\nLieu : Paris<br \/>\nAnn\u00e9e : 2021<\/p>\n<p><strong>D\u00e9tails<\/strong><br \/>\nTitre : IMMACULATE CONCEPTION 21<br \/>\n\u0152uvre : Unique<br \/>\nSupport : Aluminium Lux Art &#8211; Certifi\u00e9 Chromaluxe<br \/>\nDimensions : 70 x 100 x 0,114 cm<br \/>\nFinition : Miroir<br \/>\nEdition de 7<\/p>\n","protected":false},"featured_media":11531,"comment_status":"open","ping_status":"closed","template":"","meta":{"_acf_changed":false},"attore":[],"product_brand":[],"product_cat":[274],"product_tag":[90,636],"giftcard-category":[],"class_list":{"0":"post-11561","1":"product","2":"type-product","3":"status-publish","4":"has-post-thumbnail","6":"product_cat-tirages","7":"product_tag-melonie-foster-hennessy-fr","8":"product_tag-objets-de-collection","10":"first","11":"instock","12":"taxable","13":"shipping-taxable","14":"purchasable","15":"product-type-simple"},"acf":[],"_links":{"self":[{"href":"https:\/\/animicaportraits.com\/fr\/wp-json\/wp\/v2\/product\/11561","targetHints":{"allow":["GET"]}}],"collection":[{"href":"https:\/\/animicaportraits.com\/fr\/wp-json\/wp\/v2\/product"}],"about":[{"href":"https:\/\/animicaportraits.com\/fr\/wp-json\/wp\/v2\/types\/product"}],"replies":[{"embeddable":true,"href":"https:\/\/animicaportraits.com\/fr\/wp-json\/wp\/v2\/comments?post=11561"}],"version-history":[{"count":1,"href":"https:\/\/animicaportraits.com\/fr\/wp-json\/wp\/v2\/product\/11561\/revisions"}],"predecessor-version":[{"id":11640,"href":"https:\/\/animicaportraits.com\/fr\/wp-json\/wp\/v2\/product\/11561\/revisions\/11640"}],"wp:featuredmedia":[{"embeddable":true,"href":"https:\/\/animicaportraits.com\/fr\/wp-json\/wp\/v2\/media\/11531"}],"wp:attachment":[{"href":"https:\/\/animicaportraits.com\/fr\/wp-json\/wp\/v2\/media?parent=11561"}],"wp:term":[{"taxonomy":"attore","embeddable":true,"href":"https:\/\/animicaportraits.com\/fr\/wp-json\/wp\/v2\/attore?post=11561"},{"taxonomy":"product_brand","embeddable":true,"href":"https:\/\/animicaportraits.com\/fr\/wp-json\/wp\/v2\/product_brand?post=11561"},{"taxonomy":"product_cat","embeddable":true,"href":"https:\/\/animicaportraits.com\/fr\/wp-json\/wp\/v2\/product_cat?post=11561"},{"taxonomy":"product_tag","embeddable":true,"href":"https:\/\/animicaportraits.com\/fr\/wp-json\/wp\/v2\/product_tag?post=11561"},{"taxonomy":"giftcard-category","embeddable":true,"href":"https:\/\/animicaportraits.com\/fr\/wp-json\/wp\/v2\/giftcard-category?post=11561"}],"curies":[{"name":"wp","href":"https:\/\/api.w.org\/{rel}","templated":true}]}}