{"id":11692,"date":"2024-06-01T12:09:04","date_gmt":"2024-06-01T10:09:04","guid":{"rendered":"https:\/\/animicaportraits.com\/product\/pauline-rochas-iconique-iv\/"},"modified":"2025-06-28T19:06:56","modified_gmt":"2025-06-28T17:06:56","slug":"pauline-rochas-iconique-iv","status":"publish","type":"product","link":"https:\/\/animicaportraits.com\/fr\/produit\/pauline-rochas-iconique-iv\/","title":{"rendered":"Pauline Rochas Iconique IV"},"content":{"rendered":"<p><strong>Pauline Rochas<\/strong> est n\u00e9e dans le monde des odeurs.<\/p>\n<p>Son grand-p\u00e8re, Marcel Rochas, a cr\u00e9\u00e9 le parfum iconique Femme<br \/>\npour sa femme et muse, la l\u00e9gendaire H\u00e9l\u00e8ne Rochas. H\u00e9l\u00e8ne \u00e9tait une visionnaire dont l\u2019influence s\u2019est fait sentir dans le monde de l\u2019art, de la culture et de la mode.<br \/>\nCela a laiss\u00e9 une empreinte ind\u00e9l\u00e9bile sur la jeune Pauline, qui accompagnait sa grand-m\u00e8re au ballet et \u00e0 l\u2019op\u00e9ra, o\u00f9 elle rencontrait de grands artistes.<\/p>\n<p>La maison de sa grand-m\u00e8re maternelle, Denise Boyriven, se trouvait sur la C\u00f4te d\u2019Azur, \u00e0 proximit\u00e9 de la maison de Pierre Cardin, le Palais Bulles. C\u2019est ici que Pauline a pass\u00e9 de nombreux \u00e9t\u00e9s idylliques. Mimosas, datura de minuit, jasmin, gard\u00e9nias et eucalyptus s\u2019\u00e9panouissaient dans ce jardin luxuriant. La brise sal\u00e9e de la mer M\u00e9diterran\u00e9e apportait la touche finale \u00e0 cette potion nocturne. La nature prenait cette allure magique. Elle s\u2019entrem\u00ealait au parfum et \u00e0 la m\u00e9moire pour faire partie de son h\u00e9ritage.<\/p>\n<p>La capacit\u00e9 du parfum \u00e0 d\u00e9clencher l\u2019\u00e9motion et la m\u00e9moire est devenue la base du travail de Pauline. Pauline propose une gamme de produits parfum\u00e9s, ax\u00e9s sur l&rsquo;esprit et le corps. Les collections Seven et Dual permettent l&rsquo;autonomisation et la gu\u00e9rison tandis que les bougies parfum\u00e9es br\u00fblent d&rsquo;imagination.<\/p>\n<p><strong>Dans la s\u00e9rie, on trouve un clich\u00e9 avec l&rsquo;\u0153uvre murale photographique de la c\u00e9l\u00e8bre artiste Valie Export, intitul\u00e9e BODY SIGN ACTION, une \u0153uvre r\u00e9alis\u00e9e en 1970 et expos\u00e9e au mus\u00e9e Albertina de Vienne.<\/strong><\/p>\n","protected":false},"excerpt":{"rendered":"<p>J&rsquo;ai pris cette s\u00e9rie de photographies de l&#8217;embl\u00e9matique Pauline Rochas, parfumeuse et cr\u00e9atrice, \u00e0 Venise 2023, lors de vacances chez un ami collectionneur d&rsquo;art, Reza Akhavan<\/p>\n","protected":false},"featured_media":8723,"comment_status":"open","ping_status":"closed","template":"","meta":{"_acf_changed":false},"attore":[],"product_brand":[],"product_cat":[274],"product_tag":[95,638],"giftcard-category":[],"class_list":{"0":"post-11692","1":"product","2":"type-product","3":"status-publish","4":"has-post-thumbnail","6":"product_cat-tirages","7":"product_tag-pauline-rochas-fr","8":"product_tag-tirage-de-collection","10":"first","11":"instock","12":"taxable","13":"shipping-taxable","14":"purchasable","15":"product-type-variable"},"acf":[],"_links":{"self":[{"href":"https:\/\/animicaportraits.com\/fr\/wp-json\/wp\/v2\/product\/11692","targetHints":{"allow":["GET"]}}],"collection":[{"href":"https:\/\/animicaportraits.com\/fr\/wp-json\/wp\/v2\/product"}],"about":[{"href":"https:\/\/animicaportraits.com\/fr\/wp-json\/wp\/v2\/types\/product"}],"replies":[{"embeddable":true,"href":"https:\/\/animicaportraits.com\/fr\/wp-json\/wp\/v2\/comments?post=11692"}],"version-history":[{"count":1,"href":"https:\/\/animicaportraits.com\/fr\/wp-json\/wp\/v2\/product\/11692\/revisions"}],"predecessor-version":[{"id":25611,"href":"https:\/\/animicaportraits.com\/fr\/wp-json\/wp\/v2\/product\/11692\/revisions\/25611"}],"wp:featuredmedia":[{"embeddable":true,"href":"https:\/\/animicaportraits.com\/fr\/wp-json\/wp\/v2\/media\/8723"}],"wp:attachment":[{"href":"https:\/\/animicaportraits.com\/fr\/wp-json\/wp\/v2\/media?parent=11692"}],"wp:term":[{"taxonomy":"attore","embeddable":true,"href":"https:\/\/animicaportraits.com\/fr\/wp-json\/wp\/v2\/attore?post=11692"},{"taxonomy":"product_brand","embeddable":true,"href":"https:\/\/animicaportraits.com\/fr\/wp-json\/wp\/v2\/product_brand?post=11692"},{"taxonomy":"product_cat","embeddable":true,"href":"https:\/\/animicaportraits.com\/fr\/wp-json\/wp\/v2\/product_cat?post=11692"},{"taxonomy":"product_tag","embeddable":true,"href":"https:\/\/animicaportraits.com\/fr\/wp-json\/wp\/v2\/product_tag?post=11692"},{"taxonomy":"giftcard-category","embeddable":true,"href":"https:\/\/animicaportraits.com\/fr\/wp-json\/wp\/v2\/giftcard-category?post=11692"}],"curies":[{"name":"wp","href":"https:\/\/api.w.org\/{rel}","templated":true}]}}