{"id":11937,"date":"2024-08-19T16:44:36","date_gmt":"2024-08-19T14:44:36","guid":{"rendered":"https:\/\/animicaportraits.com\/product\/veronica-vincenzo-et-bebe-nicola\/"},"modified":"2024-08-20T10:15:39","modified_gmt":"2024-08-20T08:15:39","slug":"veronica-vincenzo-et-bebe-nicola","status":"publish","type":"product","link":"https:\/\/animicaportraits.com\/fr\/produit\/veronica-vincenzo-et-bebe-nicola\/","title":{"rendered":"Veronica Vincenzo et b\u00e9b\u00e9 Nicola"},"content":{"rendered":"","protected":false},"excerpt":{"rendered":"<p>Le 17 ao\u00fbt 2024, je vous raconterai l&rsquo;histoire de Vincenzo Veronica et de leur petit Nicola, 11 mois.<\/p>\n<p>Vincenzo et Veronica sont arriv\u00e9s \u00e0 Venise depuis Naples pour des engagements professionnels, en d\u00e9cembre 2023, alors que Nicola n&rsquo;avait que 3 mois.<\/p>\n<p>Ils resteront ici quelques ann\u00e9es ; mais en septembre le petit Nicola aura 1 an. Ces photographies, rigoureusement imprim\u00e9es en Fine Art et Lux Art, sont et seront le t\u00e9moignage \u00e9motionnel, existentiel, de leur passage en famille, en couple, mais surtout en tant que m\u00e8re et p\u00e8re de Nicola.<br \/>\nQuand Nicola grandira, il aura le t\u00e9moignage de tout cela ; il sera fier et honor\u00e9 de ce souvenir.<\/p>\n<p>Comme le veut le rituel, la s\u00e9ance photo s&rsquo;est d\u00e9roul\u00e9e en studio et \u00e0 l&rsquo;ext\u00e9rieur, \u00e0 deux moments diff\u00e9rents de la journ\u00e9e, en respectant les heures de repas et de sieste du petit Nicola.<\/p>\n","protected":false},"featured_media":11713,"comment_status":"open","ping_status":"closed","template":"","meta":{"_acf_changed":false},"attore":[],"product_brand":[],"product_cat":[68],"product_tag":[69,232],"giftcard-category":[],"class_list":{"0":"post-11937","1":"product","2":"type-product","3":"status-publish","4":"has-post-thumbnail","6":"product_cat-portraits-de-famille","7":"product_tag-portraits-de-famille","8":"product_tag-prise-de-photos","10":"first","11":"instock","12":"taxable","13":"shipping-taxable","14":"product-type-simple"},"acf":[],"_links":{"self":[{"href":"https:\/\/animicaportraits.com\/fr\/wp-json\/wp\/v2\/product\/11937","targetHints":{"allow":["GET"]}}],"collection":[{"href":"https:\/\/animicaportraits.com\/fr\/wp-json\/wp\/v2\/product"}],"about":[{"href":"https:\/\/animicaportraits.com\/fr\/wp-json\/wp\/v2\/types\/product"}],"replies":[{"embeddable":true,"href":"https:\/\/animicaportraits.com\/fr\/wp-json\/wp\/v2\/comments?post=11937"}],"version-history":[{"count":0,"href":"https:\/\/animicaportraits.com\/fr\/wp-json\/wp\/v2\/product\/11937\/revisions"}],"wp:featuredmedia":[{"embeddable":true,"href":"https:\/\/animicaportraits.com\/fr\/wp-json\/wp\/v2\/media\/11713"}],"wp:attachment":[{"href":"https:\/\/animicaportraits.com\/fr\/wp-json\/wp\/v2\/media?parent=11937"}],"wp:term":[{"taxonomy":"attore","embeddable":true,"href":"https:\/\/animicaportraits.com\/fr\/wp-json\/wp\/v2\/attore?post=11937"},{"taxonomy":"product_brand","embeddable":true,"href":"https:\/\/animicaportraits.com\/fr\/wp-json\/wp\/v2\/product_brand?post=11937"},{"taxonomy":"product_cat","embeddable":true,"href":"https:\/\/animicaportraits.com\/fr\/wp-json\/wp\/v2\/product_cat?post=11937"},{"taxonomy":"product_tag","embeddable":true,"href":"https:\/\/animicaportraits.com\/fr\/wp-json\/wp\/v2\/product_tag?post=11937"},{"taxonomy":"giftcard-category","embeddable":true,"href":"https:\/\/animicaportraits.com\/fr\/wp-json\/wp\/v2\/giftcard-category?post=11937"}],"curies":[{"name":"wp","href":"https:\/\/api.w.org\/{rel}","templated":true}]}}