{"id":12414,"date":"2024-08-28T10:51:33","date_gmt":"2024-08-28T08:51:33","guid":{"rendered":"https:\/\/animicaportraits.com\/product\/sveva-alviti-marraine-du-festival-2024\/"},"modified":"2024-08-29T18:07:14","modified_gmt":"2024-08-29T16:07:14","slug":"sveva-alviti-marraine-du-festival-2024","status":"publish","type":"product","link":"https:\/\/animicaportraits.com\/fr\/produit\/sveva-alviti-marraine-du-festival-2024\/","title":{"rendered":"Sveva Alviti Marraine du Festival 2024"},"content":{"rendered":"<p><strong>Restrictions:<\/strong> Contactez votre agence locale pour toute utilisation commerciale ou promotionnelle.<br \/>\n<strong>Cr\u00e9dit:<\/strong> Barbara Pigazzi \/ Photographe certifi\u00e9 par Leica<br \/>\n<strong>\u00c9ditorial: <\/strong>20240827001<br \/>\n<strong>Collection:<\/strong> C\u00e9l\u00e9brit\u00e9s Animica 2024<br \/>\n<strong>Date de cr\u00e9ation:<\/strong> 27 ao\u00fbt 2024<br \/>\n<strong>Date de t\u00e9l\u00e9chargement:<\/strong> 28\u00a0ao\u00fbt\u00a02024<br \/>\n<strong>Type de licence:<\/strong> Droits g\u00e9r\u00e9s<br \/>\n<strong>Informations de sortie:<\/strong> non publi\u00e9. Apprendre encore plus<br \/>\n<strong>Source:<\/strong> Galerie d&rsquo;art Studio Animica<br \/>\n<strong>Nom de l&rsquo;objet:<\/strong> DO01150899<br \/>\n<strong>Taille maximale du fichier:<\/strong> 115 x 1731px (29,5 x 45,79 cm) &#8211; 300 dpi &#8211; 2 Mo<\/p>\n","protected":false},"excerpt":{"rendered":"<p>VENISE, ITALIE &#8211; AO\u00dbT 2024 : Sveva Alviti, marraine du festival international du film th81 de Venise 2024, d\u00e9file pour nous de l&rsquo;h\u00f4tel Excelsior au Lido de Venise<\/p>\n","protected":false},"featured_media":25768,"comment_status":"open","ping_status":"closed","template":"","meta":{"_acf_changed":false},"attore":[],"product_brand":[],"product_cat":[288],"product_tag":[289,290],"giftcard-category":[],"class_list":{"0":"post-12414","1":"product","2":"type-product","3":"status-publish","4":"has-post-thumbnail","6":"product_cat-sveva-alviti-fr","7":"product_tag-festival-du-film-de-venise-th81","8":"product_tag-sveva-alviti-fr","10":"first","11":"instock","12":"purchasable","13":"product-type-variable"},"acf":[],"_links":{"self":[{"href":"https:\/\/animicaportraits.com\/fr\/wp-json\/wp\/v2\/product\/12414","targetHints":{"allow":["GET"]}}],"collection":[{"href":"https:\/\/animicaportraits.com\/fr\/wp-json\/wp\/v2\/product"}],"about":[{"href":"https:\/\/animicaportraits.com\/fr\/wp-json\/wp\/v2\/types\/product"}],"replies":[{"embeddable":true,"href":"https:\/\/animicaportraits.com\/fr\/wp-json\/wp\/v2\/comments?post=12414"}],"version-history":[{"count":1,"href":"https:\/\/animicaportraits.com\/fr\/wp-json\/wp\/v2\/product\/12414\/revisions"}],"predecessor-version":[{"id":12500,"href":"https:\/\/animicaportraits.com\/fr\/wp-json\/wp\/v2\/product\/12414\/revisions\/12500"}],"wp:featuredmedia":[{"embeddable":true,"href":"https:\/\/animicaportraits.com\/fr\/wp-json\/wp\/v2\/media\/25768"}],"wp:attachment":[{"href":"https:\/\/animicaportraits.com\/fr\/wp-json\/wp\/v2\/media?parent=12414"}],"wp:term":[{"taxonomy":"attore","embeddable":true,"href":"https:\/\/animicaportraits.com\/fr\/wp-json\/wp\/v2\/attore?post=12414"},{"taxonomy":"product_brand","embeddable":true,"href":"https:\/\/animicaportraits.com\/fr\/wp-json\/wp\/v2\/product_brand?post=12414"},{"taxonomy":"product_cat","embeddable":true,"href":"https:\/\/animicaportraits.com\/fr\/wp-json\/wp\/v2\/product_cat?post=12414"},{"taxonomy":"product_tag","embeddable":true,"href":"https:\/\/animicaportraits.com\/fr\/wp-json\/wp\/v2\/product_tag?post=12414"},{"taxonomy":"giftcard-category","embeddable":true,"href":"https:\/\/animicaportraits.com\/fr\/wp-json\/wp\/v2\/giftcard-category?post=12414"}],"curies":[{"name":"wp","href":"https:\/\/api.w.org\/{rel}","templated":true}]}}