{"id":12946,"date":"2024-08-29T12:01:07","date_gmt":"2024-08-29T10:01:07","guid":{"rendered":"https:\/\/animicaportraits.com\/product\/isabelle-huppert-president-du-jury-du-festival-2024\/"},"modified":"2024-08-29T12:01:07","modified_gmt":"2024-08-29T10:01:07","slug":"isabelle-huppert-president-du-jury-du-festival-2024","status":"publish","type":"product","link":"https:\/\/animicaportraits.com\/fr\/produit\/isabelle-huppert-president-du-jury-du-festival-2024\/","title":{"rendered":"Isabelle Huppert &#8211; Pr\u00e9sident du Jury du Festival 2024"},"content":{"rendered":"<p><strong>Restrictions :<\/strong> Contactez votre bureau local pour toute utilisation commerciale ou promotionnelle.<br \/>\n<strong>Cr\u00e9dit :<\/strong> Barbara Pigazzi \/ Photographe certifi\u00e9e par Leica<br \/>\n<strong>R\u00e9daction :<\/strong> 20240828002<br \/>\n<strong>Collection :<\/strong> Animica Celebrities 2024<br \/>\n<strong>Date de cr\u00e9ation :<\/strong> 28 ao\u00fbt 2024<br \/>\n<strong>Date de t\u00e9l\u00e9chargement :<\/strong> 29 ao\u00fbt 2024<br \/>\n<strong>Type de licence :<\/strong> Droits g\u00e9r\u00e9s<br \/>\n<strong>Informations sur la version :<\/strong> Non publi\u00e9e. En savoir plus<br \/>\n<strong>Source :<\/strong> Studio Animica Art Gallery<br \/>\n<strong>Nom de l&rsquo;objet :<\/strong> L1040576<br \/>\n<strong>Taille max. du fichier :<\/strong> 1115 x 1731 px (29,5 x 45,79 cm) &#8211; 300 ppp &#8211; 1 Mo<\/p>\n","protected":false},"excerpt":{"rendered":"<p>VENISE, ITALIE &#8211; AO\u00dbT 2024 : <strong>Isabelle Huppert enchante en tant que pr\u00e9sidente du jury de la Mostra de Venise 2024 : une ic\u00f4ne de style sign\u00e9e Balenciaga<\/strong><\/p>\n<p>L&rsquo;arriv\u00e9e d&rsquo;Isabelle Huppert en tant que pr\u00e9sidente du jury de la Mostra de Venise 2024 marque un moment d&rsquo;audace sophistiqu\u00e9e, gr\u00e2ce \u00e0 un look Balenciaga qui se d\u00e9marque clairement de la mode classique. Sous la direction cr\u00e9ative de Demna Gvasalia, l&rsquo;actrice adopte une allure plus moderne et radicale, sans jamais perdre son charme inimitable. Pour son premier tapis rouge, Isabelle a choisi une cr\u00e9ation de la 50e collection haute couture de la maison : une robe de soir\u00e9e en soie froiss\u00e9e rouge \u00e0 col montant et n\u0153ud dans le dos, associ\u00e9e \u00e0 des gants d&rsquo;op\u00e9ra en jersey blanc agr\u00e9ment\u00e9s de bracelets manchettes et aux iconiques escarpins Knife en cuir noir. Cet ensemble souligne non seulement son statut d&rsquo;ic\u00f4ne de style, mais d\u00e9finit \u00e9galement un nouveau standard d&rsquo;\u00e9l\u00e9gance contemporaine.<\/p>\n","protected":false},"featured_media":24903,"comment_status":"open","ping_status":"closed","template":"","meta":{"_acf_changed":false},"attore":[],"product_brand":[],"product_cat":[294],"product_tag":[289,301],"giftcard-category":[],"class_list":{"0":"post-12946","1":"product","2":"type-product","3":"status-publish","4":"has-post-thumbnail","6":"product_cat-isabelle-huppert-fr","7":"product_tag-festival-du-film-de-venise-th81","8":"product_tag-isabelle-huppert-fr","10":"first","11":"instock","12":"purchasable","13":"product-type-variable"},"acf":[],"_links":{"self":[{"href":"https:\/\/animicaportraits.com\/fr\/wp-json\/wp\/v2\/product\/12946","targetHints":{"allow":["GET"]}}],"collection":[{"href":"https:\/\/animicaportraits.com\/fr\/wp-json\/wp\/v2\/product"}],"about":[{"href":"https:\/\/animicaportraits.com\/fr\/wp-json\/wp\/v2\/types\/product"}],"replies":[{"embeddable":true,"href":"https:\/\/animicaportraits.com\/fr\/wp-json\/wp\/v2\/comments?post=12946"}],"version-history":[{"count":0,"href":"https:\/\/animicaportraits.com\/fr\/wp-json\/wp\/v2\/product\/12946\/revisions"}],"wp:featuredmedia":[{"embeddable":true,"href":"https:\/\/animicaportraits.com\/fr\/wp-json\/wp\/v2\/media\/24903"}],"wp:attachment":[{"href":"https:\/\/animicaportraits.com\/fr\/wp-json\/wp\/v2\/media?parent=12946"}],"wp:term":[{"taxonomy":"attore","embeddable":true,"href":"https:\/\/animicaportraits.com\/fr\/wp-json\/wp\/v2\/attore?post=12946"},{"taxonomy":"product_brand","embeddable":true,"href":"https:\/\/animicaportraits.com\/fr\/wp-json\/wp\/v2\/product_brand?post=12946"},{"taxonomy":"product_cat","embeddable":true,"href":"https:\/\/animicaportraits.com\/fr\/wp-json\/wp\/v2\/product_cat?post=12946"},{"taxonomy":"product_tag","embeddable":true,"href":"https:\/\/animicaportraits.com\/fr\/wp-json\/wp\/v2\/product_tag?post=12946"},{"taxonomy":"giftcard-category","embeddable":true,"href":"https:\/\/animicaportraits.com\/fr\/wp-json\/wp\/v2\/giftcard-category?post=12946"}],"curies":[{"name":"wp","href":"https:\/\/api.w.org\/{rel}","templated":true}]}}