{"id":13647,"date":"2024-09-01T17:53:10","date_gmt":"2024-09-01T15:53:10","guid":{"rendered":"https:\/\/animicaportraits.com\/product\/ursula-corbero-5-festival-du-film-de-venise-2024\/"},"modified":"2024-10-15T10:24:08","modified_gmt":"2024-10-15T08:24:08","slug":"ursula-corbero-5-festival-du-film-de-venise-2024","status":"publish","type":"product","link":"https:\/\/animicaportraits.com\/fr\/produit\/ursula-corbero-5-festival-du-film-de-venise-2024\/","title":{"rendered":"Ursula Corbero #5 &#8211; Festival du Film de Venise 2024"},"content":{"rendered":"<p>Restrictions : Contactez votre bureau local pour toute utilisation commerciale ou promotionnelle.<br \/>\nCr\u00e9dit : Barbara Pigazzi \/ Photographe certifi\u00e9e par Leica<br \/>\nR\u00e9daction : 20240831046<br \/>\nCollection : Animica Celebrities 2024<br \/>\nDate de cr\u00e9ation : 31 ao\u00fbt 2024<br \/>\nDate de t\u00e9l\u00e9chargement : 1er septembre 2024<br \/>\nType de licence : Droits g\u00e9r\u00e9s<br \/>\nInformations sur la version : Non publi\u00e9e. En savoir plus<br \/>\nSource : Studio Animica Art Gallery<br \/>\nNom de l&rsquo;objet : L1050062<br \/>\nTaille max. du fichier : 4002 x 5997 px &#8211; 300 dpi &#8211; 24 Mo<\/p>\n","protected":false},"excerpt":{"rendered":"<p>VENISE, ITALIE &#8211; SEPTEMBRE 2024 : <strong>Ursula Corbero<\/strong> \u00e0 la <strong>Mostra de Venise<\/strong>, la star a assist\u00e9 \u00e0 la deuxi\u00e8me soir\u00e9e de la Mostra de Venise, celle o\u00f9 son nouveau film <em>El Jockey<\/em> a \u00e9t\u00e9 pr\u00e9sent\u00e9. L&rsquo;actrice est devenue c\u00e9l\u00e8bre dans le r\u00f4le de <em>Tokyo<\/em> de <em>La Casa di Carta.<\/em><\/p>\n","protected":false},"featured_media":25891,"comment_status":"open","ping_status":"closed","template":"","meta":{"_acf_changed":false},"attore":[],"product_brand":[],"product_cat":[323],"product_tag":[289,341],"giftcard-category":[],"class_list":{"0":"post-13647","1":"product","2":"type-product","3":"status-publish","4":"has-post-thumbnail","6":"product_cat-ursula-corbero-fr","7":"product_tag-festival-du-film-de-venise-th81","8":"product_tag-ursula-corbero-fr","10":"first","11":"instock","12":"purchasable","13":"product-type-variable"},"acf":[],"_links":{"self":[{"href":"https:\/\/animicaportraits.com\/fr\/wp-json\/wp\/v2\/product\/13647","targetHints":{"allow":["GET"]}}],"collection":[{"href":"https:\/\/animicaportraits.com\/fr\/wp-json\/wp\/v2\/product"}],"about":[{"href":"https:\/\/animicaportraits.com\/fr\/wp-json\/wp\/v2\/types\/product"}],"replies":[{"embeddable":true,"href":"https:\/\/animicaportraits.com\/fr\/wp-json\/wp\/v2\/comments?post=13647"}],"version-history":[{"count":1,"href":"https:\/\/animicaportraits.com\/fr\/wp-json\/wp\/v2\/product\/13647\/revisions"}],"predecessor-version":[{"id":19111,"href":"https:\/\/animicaportraits.com\/fr\/wp-json\/wp\/v2\/product\/13647\/revisions\/19111"}],"wp:featuredmedia":[{"embeddable":true,"href":"https:\/\/animicaportraits.com\/fr\/wp-json\/wp\/v2\/media\/25891"}],"wp:attachment":[{"href":"https:\/\/animicaportraits.com\/fr\/wp-json\/wp\/v2\/media?parent=13647"}],"wp:term":[{"taxonomy":"attore","embeddable":true,"href":"https:\/\/animicaportraits.com\/fr\/wp-json\/wp\/v2\/attore?post=13647"},{"taxonomy":"product_brand","embeddable":true,"href":"https:\/\/animicaportraits.com\/fr\/wp-json\/wp\/v2\/product_brand?post=13647"},{"taxonomy":"product_cat","embeddable":true,"href":"https:\/\/animicaportraits.com\/fr\/wp-json\/wp\/v2\/product_cat?post=13647"},{"taxonomy":"product_tag","embeddable":true,"href":"https:\/\/animicaportraits.com\/fr\/wp-json\/wp\/v2\/product_tag?post=13647"},{"taxonomy":"giftcard-category","embeddable":true,"href":"https:\/\/animicaportraits.com\/fr\/wp-json\/wp\/v2\/giftcard-category?post=13647"}],"curies":[{"name":"wp","href":"https:\/\/api.w.org\/{rel}","templated":true}]}}