{"id":14565,"date":"2024-09-10T19:30:27","date_gmt":"2024-09-10T17:30:27","guid":{"rendered":"https:\/\/animicaportraits.com\/product\/tilda-swinton-1-mostra-de-venise-2024\/"},"modified":"2024-09-10T19:30:27","modified_gmt":"2024-09-10T17:30:27","slug":"tilda-swinton-1-mostra-de-venise-2024","status":"publish","type":"product","link":"https:\/\/animicaportraits.com\/fr\/produit\/tilda-swinton-1-mostra-de-venise-2024\/","title":{"rendered":"Tilda Swinton #1 &#8211; Mostra de Venise 2024"},"content":{"rendered":"<p>Restrictions : Contactez votre bureau local pour toute utilisation commerciale ou promotionnelle.<br \/>\nCr\u00e9dit : Barbara Pigazzi \/ Photographe certifi\u00e9e par Leica<br \/>\nR\u00e9daction : 20240904067<br \/>\nCollection : Animica Celebrities 2024<br \/>\nDate de cr\u00e9ation : 4 septembre 2024<br \/>\nDate de t\u00e9l\u00e9chargement : 6 septembre 2024<br \/>\nType de licence : Droits g\u00e9r\u00e9s<br \/>\nInformations sur la version : Non publi\u00e9e. En savoir plus<br \/>\nSource : Studio Animica Art Gallery<br \/>\nNom de l&rsquo;objet : L1060865<br \/>\nTaille max. du fichier : 4002 x 5997 px &#8211; 300 dpi &#8211; 24 Mo<\/p>\n","protected":false},"excerpt":{"rendered":"<p>VENISE, ITALIE &#8211; SEPTEMBRE 2024 : Tilda Swinton, protagoniste du film Lion d&rsquo;or \u00ab <em>The Room Next Door<\/em>\u00a0 \u00bb d&rsquo;Almod\u00f3var : \u00ab Travailler avec Pedro a \u00e9t\u00e9 un acte de gr\u00e2ce \u00bb<\/p>\n","protected":false},"featured_media":26032,"comment_status":"open","ping_status":"closed","template":"","meta":{"_acf_changed":false},"attore":[],"product_brand":[],"product_cat":[360],"product_tag":[289,363],"giftcard-category":[],"class_list":{"0":"post-14565","1":"product","2":"type-product","3":"status-publish","4":"has-post-thumbnail","6":"product_cat-tilda-swinton-fr","7":"product_tag-festival-du-film-de-venise-th81","8":"product_tag-tilda-swinton-fr","10":"first","11":"instock","12":"purchasable","13":"product-type-variable"},"acf":[],"_links":{"self":[{"href":"https:\/\/animicaportraits.com\/fr\/wp-json\/wp\/v2\/product\/14565","targetHints":{"allow":["GET"]}}],"collection":[{"href":"https:\/\/animicaportraits.com\/fr\/wp-json\/wp\/v2\/product"}],"about":[{"href":"https:\/\/animicaportraits.com\/fr\/wp-json\/wp\/v2\/types\/product"}],"replies":[{"embeddable":true,"href":"https:\/\/animicaportraits.com\/fr\/wp-json\/wp\/v2\/comments?post=14565"}],"version-history":[{"count":0,"href":"https:\/\/animicaportraits.com\/fr\/wp-json\/wp\/v2\/product\/14565\/revisions"}],"wp:featuredmedia":[{"embeddable":true,"href":"https:\/\/animicaportraits.com\/fr\/wp-json\/wp\/v2\/media\/26032"}],"wp:attachment":[{"href":"https:\/\/animicaportraits.com\/fr\/wp-json\/wp\/v2\/media?parent=14565"}],"wp:term":[{"taxonomy":"attore","embeddable":true,"href":"https:\/\/animicaportraits.com\/fr\/wp-json\/wp\/v2\/attore?post=14565"},{"taxonomy":"product_brand","embeddable":true,"href":"https:\/\/animicaportraits.com\/fr\/wp-json\/wp\/v2\/product_brand?post=14565"},{"taxonomy":"product_cat","embeddable":true,"href":"https:\/\/animicaportraits.com\/fr\/wp-json\/wp\/v2\/product_cat?post=14565"},{"taxonomy":"product_tag","embeddable":true,"href":"https:\/\/animicaportraits.com\/fr\/wp-json\/wp\/v2\/product_tag?post=14565"},{"taxonomy":"giftcard-category","embeddable":true,"href":"https:\/\/animicaportraits.com\/fr\/wp-json\/wp\/v2\/giftcard-category?post=14565"}],"curies":[{"name":"wp","href":"https:\/\/api.w.org\/{rel}","templated":true}]}}