{"id":15188,"date":"2024-09-14T15:21:35","date_gmt":"2024-09-14T13:21:35","guid":{"rendered":"https:\/\/animicaportraits.com\/product\/robert-gervais-architect\/"},"modified":"2024-09-14T15:21:35","modified_gmt":"2024-09-14T13:21:35","slug":"robert-gervais-architect","status":"publish","type":"product","link":"https:\/\/animicaportraits.com\/fr\/produit\/robert-gervais-architect\/","title":{"rendered":"Robert Gervais &#8211; Architect"},"content":{"rendered":"","protected":false},"excerpt":{"rendered":"<p>Giudecca, Galerie d&rsquo;art Studio Animica, 12 septembre 2024<\/p>\n<p>Robert, architecte avec studio d&rsquo;int\u00e9rieur \u00e0 Paris et Dieppe.<\/p>\n<p>Le portrait refl\u00e8te l&rsquo;humanit\u00e9 du moment, l&rsquo;ici et maintenant.<\/p>\n<p>A travers le langage de la photographie, il cristallise l&rsquo;humanit\u00e9 de cet instant, plein d&rsquo;amour, d&rsquo;\u00e9motion, du parfum de qui nous sommes, de notre identit\u00e9, dans un moment important de notre vie, arr\u00eat\u00e9 \u00e0 jamais.<\/p>\n<p>site web: <a href=\"https:\/\/www.robertgervaisstudio.fr\/\" target=\"_blank\" rel=\"noopener\">www.robertgervaisstudio.fr<\/a><\/p>\n","protected":false},"featured_media":15150,"comment_status":"open","ping_status":"closed","template":"","meta":{"_acf_changed":false},"attore":[],"product_brand":[],"product_cat":[78],"product_tag":[378,83],"giftcard-category":[],"class_list":{"0":"post-15188","1":"product","2":"type-product","3":"status-publish","4":"has-post-thumbnail","6":"product_cat-portraits-personnalises","7":"product_tag-architect-fr","8":"product_tag-portraits-personnalises","10":"first","11":"instock","12":"taxable","13":"shipping-taxable","14":"product-type-simple"},"acf":[],"_links":{"self":[{"href":"https:\/\/animicaportraits.com\/fr\/wp-json\/wp\/v2\/product\/15188","targetHints":{"allow":["GET"]}}],"collection":[{"href":"https:\/\/animicaportraits.com\/fr\/wp-json\/wp\/v2\/product"}],"about":[{"href":"https:\/\/animicaportraits.com\/fr\/wp-json\/wp\/v2\/types\/product"}],"replies":[{"embeddable":true,"href":"https:\/\/animicaportraits.com\/fr\/wp-json\/wp\/v2\/comments?post=15188"}],"version-history":[{"count":0,"href":"https:\/\/animicaportraits.com\/fr\/wp-json\/wp\/v2\/product\/15188\/revisions"}],"wp:featuredmedia":[{"embeddable":true,"href":"https:\/\/animicaportraits.com\/fr\/wp-json\/wp\/v2\/media\/15150"}],"wp:attachment":[{"href":"https:\/\/animicaportraits.com\/fr\/wp-json\/wp\/v2\/media?parent=15188"}],"wp:term":[{"taxonomy":"attore","embeddable":true,"href":"https:\/\/animicaportraits.com\/fr\/wp-json\/wp\/v2\/attore?post=15188"},{"taxonomy":"product_brand","embeddable":true,"href":"https:\/\/animicaportraits.com\/fr\/wp-json\/wp\/v2\/product_brand?post=15188"},{"taxonomy":"product_cat","embeddable":true,"href":"https:\/\/animicaportraits.com\/fr\/wp-json\/wp\/v2\/product_cat?post=15188"},{"taxonomy":"product_tag","embeddable":true,"href":"https:\/\/animicaportraits.com\/fr\/wp-json\/wp\/v2\/product_tag?post=15188"},{"taxonomy":"giftcard-category","embeddable":true,"href":"https:\/\/animicaportraits.com\/fr\/wp-json\/wp\/v2\/giftcard-category?post=15188"}],"curies":[{"name":"wp","href":"https:\/\/api.w.org\/{rel}","templated":true}]}}