{"id":17683,"date":"2024-10-02T11:15:56","date_gmt":"2024-10-02T09:15:56","guid":{"rendered":"https:\/\/animicaportraits.com\/product\/ensemble-de-clusters-visible-de-nuit\/"},"modified":"2024-10-02T11:15:56","modified_gmt":"2024-10-02T09:15:56","slug":"ensemble-de-clusters-visible-de-nuit","status":"publish","type":"product","link":"https:\/\/animicaportraits.com\/fr\/produit\/ensemble-de-clusters-visible-de-nuit\/","title":{"rendered":"Ensemble de clusters &#8211; visible de nuit"},"content":{"rendered":"<p>Le spectacle est purement artistique, visant \u00e0 placer le spectateur dans un dialogue et une r\u00e9flexion sur le th\u00e8me de l&rsquo;amour pour la vie.<br \/>\nAttention : les images sont adapt\u00e9es \u00e0 un public adulte et contiennent des donn\u00e9es sensibles.<\/p>\n<p>La mer est \u00ab\u00a0PACHA MAMA\u00a0\u00bb la grande m\u00e8re, symbole de vie, ventre maternel, DANS CE CAS JE me l\u00e8ve et m&rsquo;incline devant MA M\u00c8RE, m&rsquo;acceptant.(Modificato)Ripristina originale<\/p>\n","protected":false},"excerpt":{"rendered":"<p>Ensemble de clusters &#8211; visible de nuit<br \/>\n3 ao\u00fbt 2024, Lido de Venise<\/p>\n<p>l&rsquo;origine du visible se trouve dans l&rsquo;invisible.<br \/>\n\u00ab\u00a0ce soir je me suis plong\u00e9 dans un monde invisible\u00a0\u00bb<br \/>\ndans ce monde invisible se trouve la source des vertus les plus \u00e9lev\u00e9es, en particulier la plus importante : l&rsquo;amour envers tous les \u00eatres.<br \/>\nJe dois sans cesse puiser \u00e0 cette source. Parce que la perfection n\u2019est possible que lorsque l\u2019invisible se transforme encore et encore en VISIBLE.<\/p>\n","protected":false},"featured_media":17606,"comment_status":"open","ping_status":"closed","template":"","meta":{"_acf_changed":false},"attore":[],"product_brand":[],"product_cat":[81],"product_tag":[162,105],"giftcard-category":[],"class_list":{"0":"post-17683","1":"product","2":"type-product","3":"status-publish","4":"has-post-thumbnail","6":"product_cat-autoportraits","7":"product_tag-animica-autoportrait-fr","8":"product_tag-self-portraits-fr","10":"first","11":"instock","12":"taxable","13":"shipping-taxable","14":"product-type-simple"},"acf":[],"_links":{"self":[{"href":"https:\/\/animicaportraits.com\/fr\/wp-json\/wp\/v2\/product\/17683","targetHints":{"allow":["GET"]}}],"collection":[{"href":"https:\/\/animicaportraits.com\/fr\/wp-json\/wp\/v2\/product"}],"about":[{"href":"https:\/\/animicaportraits.com\/fr\/wp-json\/wp\/v2\/types\/product"}],"replies":[{"embeddable":true,"href":"https:\/\/animicaportraits.com\/fr\/wp-json\/wp\/v2\/comments?post=17683"}],"version-history":[{"count":0,"href":"https:\/\/animicaportraits.com\/fr\/wp-json\/wp\/v2\/product\/17683\/revisions"}],"wp:featuredmedia":[{"embeddable":true,"href":"https:\/\/animicaportraits.com\/fr\/wp-json\/wp\/v2\/media\/17606"}],"wp:attachment":[{"href":"https:\/\/animicaportraits.com\/fr\/wp-json\/wp\/v2\/media?parent=17683"}],"wp:term":[{"taxonomy":"attore","embeddable":true,"href":"https:\/\/animicaportraits.com\/fr\/wp-json\/wp\/v2\/attore?post=17683"},{"taxonomy":"product_brand","embeddable":true,"href":"https:\/\/animicaportraits.com\/fr\/wp-json\/wp\/v2\/product_brand?post=17683"},{"taxonomy":"product_cat","embeddable":true,"href":"https:\/\/animicaportraits.com\/fr\/wp-json\/wp\/v2\/product_cat?post=17683"},{"taxonomy":"product_tag","embeddable":true,"href":"https:\/\/animicaportraits.com\/fr\/wp-json\/wp\/v2\/product_tag?post=17683"},{"taxonomy":"giftcard-category","embeddable":true,"href":"https:\/\/animicaportraits.com\/fr\/wp-json\/wp\/v2\/giftcard-category?post=17683"}],"curies":[{"name":"wp","href":"https:\/\/api.w.org\/{rel}","templated":true}]}}