{"id":17699,"date":"2024-10-02T11:42:39","date_gmt":"2024-10-02T09:42:39","guid":{"rendered":"https:\/\/animicaportraits.com\/product\/ensemble-de-clusters-annee-2022\/"},"modified":"2024-10-02T11:42:39","modified_gmt":"2024-10-02T09:42:39","slug":"ensemble-de-clusters-annee-2022","status":"publish","type":"product","link":"https:\/\/animicaportraits.com\/fr\/produit\/ensemble-de-clusters-annee-2022\/","title":{"rendered":"Ensemble de clusters &#8211; ann\u00e9e 2022"},"content":{"rendered":"","protected":false},"excerpt":{"rendered":"<p>S\u00c9RIE D&rsquo;AUTOPORTRAITS CLUSTER SET<br \/>\nANN\u00c9E 2022<\/p>\n<p>Localisation Barena au sud de la lagune v\u00e9nitienne<\/p>\n<p>\u00c9tude m\u00e9ditative \u00e0 travers l&rsquo;autoportrait.<\/p>\n<p>J&rsquo;apprends \u00e0 me conna\u00eetre comme un \u00eatre en mouvement, dont l&rsquo;\u00e9volution s&rsquo;accompagne de la pr\u00e9sence du Christ.<\/p>\n<p>autoportrait comme pri\u00e8re<br \/>\n\u00ab\u00a0que je suis capable de laisser le karma fa\u00e7onner ce qui deviendra \u00e0 travers moi, \u00e0 partir de ce que j&rsquo;ai vu et v\u00e9cu\u00a0\u00bb<\/p>\n","protected":false},"featured_media":17686,"comment_status":"open","ping_status":"closed","template":"","meta":{"_acf_changed":false},"attore":[],"product_brand":[],"product_cat":[81],"product_tag":[162,105],"giftcard-category":[],"class_list":{"0":"post-17699","1":"product","2":"type-product","3":"status-publish","4":"has-post-thumbnail","6":"product_cat-autoportraits","7":"product_tag-animica-autoportrait-fr","8":"product_tag-self-portraits-fr","10":"first","11":"instock","12":"taxable","13":"shipping-taxable","14":"product-type-simple"},"acf":[],"_links":{"self":[{"href":"https:\/\/animicaportraits.com\/fr\/wp-json\/wp\/v2\/product\/17699","targetHints":{"allow":["GET"]}}],"collection":[{"href":"https:\/\/animicaportraits.com\/fr\/wp-json\/wp\/v2\/product"}],"about":[{"href":"https:\/\/animicaportraits.com\/fr\/wp-json\/wp\/v2\/types\/product"}],"replies":[{"embeddable":true,"href":"https:\/\/animicaportraits.com\/fr\/wp-json\/wp\/v2\/comments?post=17699"}],"version-history":[{"count":0,"href":"https:\/\/animicaportraits.com\/fr\/wp-json\/wp\/v2\/product\/17699\/revisions"}],"wp:featuredmedia":[{"embeddable":true,"href":"https:\/\/animicaportraits.com\/fr\/wp-json\/wp\/v2\/media\/17686"}],"wp:attachment":[{"href":"https:\/\/animicaportraits.com\/fr\/wp-json\/wp\/v2\/media?parent=17699"}],"wp:term":[{"taxonomy":"attore","embeddable":true,"href":"https:\/\/animicaportraits.com\/fr\/wp-json\/wp\/v2\/attore?post=17699"},{"taxonomy":"product_brand","embeddable":true,"href":"https:\/\/animicaportraits.com\/fr\/wp-json\/wp\/v2\/product_brand?post=17699"},{"taxonomy":"product_cat","embeddable":true,"href":"https:\/\/animicaportraits.com\/fr\/wp-json\/wp\/v2\/product_cat?post=17699"},{"taxonomy":"product_tag","embeddable":true,"href":"https:\/\/animicaportraits.com\/fr\/wp-json\/wp\/v2\/product_tag?post=17699"},{"taxonomy":"giftcard-category","embeddable":true,"href":"https:\/\/animicaportraits.com\/fr\/wp-json\/wp\/v2\/giftcard-category?post=17699"}],"curies":[{"name":"wp","href":"https:\/\/api.w.org\/{rel}","templated":true}]}}