{"id":19849,"date":"2024-11-13T12:14:33","date_gmt":"2024-11-13T11:14:33","guid":{"rendered":"https:\/\/animicaportraits.com\/product\/bon-cadeau-pour-une-maternite-portraits\/"},"modified":"2026-02-18T17:12:46","modified_gmt":"2026-02-18T16:12:46","slug":"bon-cadeau-pour-une-maternite-portraits","status":"publish","type":"product","link":"https:\/\/animicaportraits.com\/fr\/produit\/bon-cadeau-pour-une-maternite-portraits\/","title":{"rendered":"Bon cadeau pour une maternit\u00e9 Portraits"},"content":{"rendered":"<p>La s\u00e9ance photo durera 40 minutes. Vous recevrez un tirage Fine Art sign\u00e9 par l&rsquo;auteur.<\/p>\n<p>Vous avez 6 mois pour utiliser votre carte cadeau en prenant rendez-vous avec Barbara.<\/p>\n<p>T\u00e9l. +39 348 240 3401<br \/>\nhello@animicaportraits.com<br \/>\nwww.animicaportraits.com<\/p>\n","protected":false},"excerpt":{"rendered":"<p>Une exp\u00e9rience pr\u00e9cieuse de photographie de portrait d&rsquo;auteur avec Barbara Pigazzi dans la galerie d&rsquo;art Studio Animica \u00e0 Giudecca \u00e0 Venise.<br \/>\nC\u00e9l\u00e9brez votre maternit\u00e9 avec un portrait d&rsquo;auteur.<\/p>\n<p>Bon cadeau pour une s\u00e9ance photo de maternit\u00e9, d&rsquo;une valeur de 290 \u20ac<\/p>\n","protected":false},"featured_media":24321,"comment_status":"open","ping_status":"closed","template":"","meta":{"_acf_changed":false},"attore":[],"product_brand":[],"product_cat":[470],"product_tag":[467,466],"giftcard-category":[],"class_list":{"0":"post-19849","1":"product","2":"type-product","3":"status-publish","4":"has-post-thumbnail","6":"product_cat-carte-cadeau","7":"product_tag-cadeau","8":"product_tag-coupon-fr","10":"first","11":"instock","12":"virtual","13":"purchasable","14":"product-type-gift-card"},"acf":[],"_links":{"self":[{"href":"https:\/\/animicaportraits.com\/fr\/wp-json\/wp\/v2\/product\/19849","targetHints":{"allow":["GET"]}}],"collection":[{"href":"https:\/\/animicaportraits.com\/fr\/wp-json\/wp\/v2\/product"}],"about":[{"href":"https:\/\/animicaportraits.com\/fr\/wp-json\/wp\/v2\/types\/product"}],"replies":[{"embeddable":true,"href":"https:\/\/animicaportraits.com\/fr\/wp-json\/wp\/v2\/comments?post=19849"}],"version-history":[{"count":2,"href":"https:\/\/animicaportraits.com\/fr\/wp-json\/wp\/v2\/product\/19849\/revisions"}],"predecessor-version":[{"id":31606,"href":"https:\/\/animicaportraits.com\/fr\/wp-json\/wp\/v2\/product\/19849\/revisions\/31606"}],"wp:featuredmedia":[{"embeddable":true,"href":"https:\/\/animicaportraits.com\/fr\/wp-json\/wp\/v2\/media\/24321"}],"wp:attachment":[{"href":"https:\/\/animicaportraits.com\/fr\/wp-json\/wp\/v2\/media?parent=19849"}],"wp:term":[{"taxonomy":"attore","embeddable":true,"href":"https:\/\/animicaportraits.com\/fr\/wp-json\/wp\/v2\/attore?post=19849"},{"taxonomy":"product_brand","embeddable":true,"href":"https:\/\/animicaportraits.com\/fr\/wp-json\/wp\/v2\/product_brand?post=19849"},{"taxonomy":"product_cat","embeddable":true,"href":"https:\/\/animicaportraits.com\/fr\/wp-json\/wp\/v2\/product_cat?post=19849"},{"taxonomy":"product_tag","embeddable":true,"href":"https:\/\/animicaportraits.com\/fr\/wp-json\/wp\/v2\/product_tag?post=19849"},{"taxonomy":"giftcard-category","embeddable":true,"href":"https:\/\/animicaportraits.com\/fr\/wp-json\/wp\/v2\/giftcard-category?post=19849"}],"curies":[{"name":"wp","href":"https:\/\/api.w.org\/{rel}","templated":true}]}}