{"id":19873,"date":"2024-11-13T13:09:07","date_gmt":"2024-11-13T12:09:07","guid":{"rendered":"https:\/\/animicaportraits.com\/product\/bon-cadeau-pour-une-experience-multisensorielle-portraits-avec-les-essences-de-pauline-rochas\/"},"modified":"2026-02-18T17:02:55","modified_gmt":"2026-02-18T16:02:55","slug":"bon-cadeau-pour-une-experience-multisensorielle-portraits-avec-les-essences-de-pauline-rochas","status":"publish","type":"product","link":"https:\/\/animicaportraits.com\/fr\/produit\/bon-cadeau-pour-une-experience-multisensorielle-portraits-avec-les-essences-de-pauline-rochas\/","title":{"rendered":"Bon Cadeau pour une Exp\u00e9rience Multisensorielle Portraits avec les Essences de Pauline Rochas"},"content":{"rendered":"<p>La s\u00e9ance photo durera 40 minutes. Vous recevrez un tirage Fine Art sign\u00e9 par l&rsquo;auteur.<\/p>\n<p>Vous avez 6 mois pour utiliser votre carte cadeau en prenant rendez-vous avec Barbara.<\/p>\n<p>T\u00e9l. +39 348 240 3401<br \/>\nhello@animicaportraits.com<br \/>\nwww.animicaportraits.com<\/p>\n","protected":false},"excerpt":{"rendered":"<p>Une exp\u00e9rience pr\u00e9cieuse de photographie de portrait d&rsquo;auteur avec Barbara Pigazzi dans la galerie d&rsquo;art Studio Animica \u00e0 Giudecca \u00e0 Venise.<br \/>\nC\u00e9l\u00e9brez votre portrait d&rsquo;auteur en embrassant votre exp\u00e9rience multisensorielle.<\/p>\n<p>Bon cadeau pour une s\u00e9ance photo multisensorielle, d&rsquo;une valeur de 390 \u20ac.<\/p>\n","protected":false},"featured_media":24318,"comment_status":"open","ping_status":"closed","template":"","meta":{"_acf_changed":false},"attore":[],"product_brand":[],"product_cat":[470],"product_tag":[467,466],"giftcard-category":[],"class_list":{"0":"post-19873","1":"product","2":"type-product","3":"status-publish","4":"has-post-thumbnail","6":"product_cat-carte-cadeau","7":"product_tag-cadeau","8":"product_tag-coupon-fr","10":"first","11":"instock","12":"virtual","13":"purchasable","14":"product-type-gift-card"},"acf":[],"_links":{"self":[{"href":"https:\/\/animicaportraits.com\/fr\/wp-json\/wp\/v2\/product\/19873","targetHints":{"allow":["GET"]}}],"collection":[{"href":"https:\/\/animicaportraits.com\/fr\/wp-json\/wp\/v2\/product"}],"about":[{"href":"https:\/\/animicaportraits.com\/fr\/wp-json\/wp\/v2\/types\/product"}],"replies":[{"embeddable":true,"href":"https:\/\/animicaportraits.com\/fr\/wp-json\/wp\/v2\/comments?post=19873"}],"version-history":[{"count":2,"href":"https:\/\/animicaportraits.com\/fr\/wp-json\/wp\/v2\/product\/19873\/revisions"}],"predecessor-version":[{"id":31601,"href":"https:\/\/animicaportraits.com\/fr\/wp-json\/wp\/v2\/product\/19873\/revisions\/31601"}],"wp:featuredmedia":[{"embeddable":true,"href":"https:\/\/animicaportraits.com\/fr\/wp-json\/wp\/v2\/media\/24318"}],"wp:attachment":[{"href":"https:\/\/animicaportraits.com\/fr\/wp-json\/wp\/v2\/media?parent=19873"}],"wp:term":[{"taxonomy":"attore","embeddable":true,"href":"https:\/\/animicaportraits.com\/fr\/wp-json\/wp\/v2\/attore?post=19873"},{"taxonomy":"product_brand","embeddable":true,"href":"https:\/\/animicaportraits.com\/fr\/wp-json\/wp\/v2\/product_brand?post=19873"},{"taxonomy":"product_cat","embeddable":true,"href":"https:\/\/animicaportraits.com\/fr\/wp-json\/wp\/v2\/product_cat?post=19873"},{"taxonomy":"product_tag","embeddable":true,"href":"https:\/\/animicaportraits.com\/fr\/wp-json\/wp\/v2\/product_tag?post=19873"},{"taxonomy":"giftcard-category","embeddable":true,"href":"https:\/\/animicaportraits.com\/fr\/wp-json\/wp\/v2\/giftcard-category?post=19873"}],"curies":[{"name":"wp","href":"https:\/\/api.w.org\/{rel}","templated":true}]}}