{"id":20341,"date":"2024-11-24T17:46:09","date_gmt":"2024-11-24T16:46:09","guid":{"rendered":"https:\/\/animicaportraits.com\/product\/zuleika-thomas-et-le-petit-gabriel\/"},"modified":"2024-11-24T17:46:09","modified_gmt":"2024-11-24T16:46:09","slug":"zuleika-thomas-et-le-petit-gabriel","status":"publish","type":"product","link":"https:\/\/animicaportraits.com\/fr\/produit\/zuleika-thomas-et-le-petit-gabriel\/","title":{"rendered":"Zuleika Thomas et le petit Gabriel"},"content":{"rendered":"","protected":false},"excerpt":{"rendered":"<p>Capturer la magie d\u2019un moment unique est ce qui nous inspire chaque jour. <em>Zuleika<\/em> et <em>Thomas<\/em> ont choisi de c\u00e9l\u00e9brer la naissance <em>du petit Gabriel<\/em> avec un portrait de famille, r\u00e9alis\u00e9 par la <strong>photographe Barbara Pigazzi<\/strong>, auteur et \u00e2me cr\u00e9atrice du Studio Animica Art Gallery.<\/p>\n<p>Avec sensibilit\u00e9 et professionnalisme, Barbara a transform\u00e9 ce moment en un souvenir intemporel, o\u00f9 chaque sourire et chaque regard raconte la joie d&rsquo;un lien indestructible.<\/p>\n<p>Votre famille m\u00e9rite aussi un moment pour encadrer une \u0153uvre d\u2019art qui parle de vous, aujourd\u2019hui et pour toujours. Offrez-vous une exp\u00e9rience unique et laissez la beaut\u00e9 de votre histoire devenir \u00e9ternelle.<\/p>\n<p>R\u00e9servez votre portrait de famille<\/p>\n","protected":false},"featured_media":21078,"comment_status":"open","ping_status":"closed","template":"","meta":{"_acf_changed":false},"attore":[],"product_brand":[],"product_cat":[68],"product_tag":[69,232],"giftcard-category":[],"class_list":{"0":"post-20341","1":"product","2":"type-product","3":"status-publish","4":"has-post-thumbnail","6":"product_cat-portraits-de-famille","7":"product_tag-portraits-de-famille","8":"product_tag-prise-de-photos","10":"first","11":"instock","12":"taxable","13":"shipping-taxable","14":"product-type-simple"},"acf":[],"_links":{"self":[{"href":"https:\/\/animicaportraits.com\/fr\/wp-json\/wp\/v2\/product\/20341","targetHints":{"allow":["GET"]}}],"collection":[{"href":"https:\/\/animicaportraits.com\/fr\/wp-json\/wp\/v2\/product"}],"about":[{"href":"https:\/\/animicaportraits.com\/fr\/wp-json\/wp\/v2\/types\/product"}],"replies":[{"embeddable":true,"href":"https:\/\/animicaportraits.com\/fr\/wp-json\/wp\/v2\/comments?post=20341"}],"version-history":[{"count":0,"href":"https:\/\/animicaportraits.com\/fr\/wp-json\/wp\/v2\/product\/20341\/revisions"}],"wp:featuredmedia":[{"embeddable":true,"href":"https:\/\/animicaportraits.com\/fr\/wp-json\/wp\/v2\/media\/21078"}],"wp:attachment":[{"href":"https:\/\/animicaportraits.com\/fr\/wp-json\/wp\/v2\/media?parent=20341"}],"wp:term":[{"taxonomy":"attore","embeddable":true,"href":"https:\/\/animicaportraits.com\/fr\/wp-json\/wp\/v2\/attore?post=20341"},{"taxonomy":"product_brand","embeddable":true,"href":"https:\/\/animicaportraits.com\/fr\/wp-json\/wp\/v2\/product_brand?post=20341"},{"taxonomy":"product_cat","embeddable":true,"href":"https:\/\/animicaportraits.com\/fr\/wp-json\/wp\/v2\/product_cat?post=20341"},{"taxonomy":"product_tag","embeddable":true,"href":"https:\/\/animicaportraits.com\/fr\/wp-json\/wp\/v2\/product_tag?post=20341"},{"taxonomy":"giftcard-category","embeddable":true,"href":"https:\/\/animicaportraits.com\/fr\/wp-json\/wp\/v2\/giftcard-category?post=20341"}],"curies":[{"name":"wp","href":"https:\/\/api.w.org\/{rel}","templated":true}]}}