{"id":20568,"date":"2024-01-11T10:55:03","date_gmt":"2024-01-11T09:55:03","guid":{"rendered":"https:\/\/animicaportraits.com\/product\/stefano-scandaletti\/"},"modified":"2025-08-05T19:12:21","modified_gmt":"2025-08-05T17:12:21","slug":"stefano-scandaletti","status":"publish","type":"product","link":"https:\/\/animicaportraits.com\/fr\/produit\/stefano-scandaletti\/","title":{"rendered":"Stefano Scandaletti"},"content":{"rendered":"","protected":false},"excerpt":{"rendered":"<p>Stefano Scandaletti est un acteur, metteur en sc\u00e8ne de th\u00e9\u00e2tre et auteur-compositeur-interpr\u00e8te italien.<br \/>\nAnn\u00e9e 2023<br \/>\nUne s\u00e9ance photo pour acteurs est le r\u00e9sultat d&rsquo;un travail symbiotique entre photographe et acteur dans lequel r\u00e8gnent harmonie, sentiment et confiance.<\/p>\n","protected":false},"featured_media":20569,"comment_status":"open","ping_status":"closed","template":"","meta":{"_acf_changed":false},"attore":[],"product_brand":[],"product_cat":[679],"product_tag":[683,682,83,685,681,686,684],"giftcard-category":[],"class_list":{"0":"post-20568","1":"product","2":"type-product","3":"status-publish","4":"has-post-thumbnail","6":"product_cat-visages-importants","7":"product_tag-actor-fr","8":"product_tag-dario-berrin-fr","9":"product_tag-portraits-personnalises","10":"product_tag-singer-fr","11":"product_tag-stefano-scandaletti-fr","12":"product_tag-stucky-series-2024-fr","13":"product_tag-theater-director-fr","15":"first","16":"instock","17":"taxable","18":"shipping-taxable","19":"product-type-simple"},"acf":[],"_links":{"self":[{"href":"https:\/\/animicaportraits.com\/fr\/wp-json\/wp\/v2\/product\/20568","targetHints":{"allow":["GET"]}}],"collection":[{"href":"https:\/\/animicaportraits.com\/fr\/wp-json\/wp\/v2\/product"}],"about":[{"href":"https:\/\/animicaportraits.com\/fr\/wp-json\/wp\/v2\/types\/product"}],"replies":[{"embeddable":true,"href":"https:\/\/animicaportraits.com\/fr\/wp-json\/wp\/v2\/comments?post=20568"}],"version-history":[{"count":1,"href":"https:\/\/animicaportraits.com\/fr\/wp-json\/wp\/v2\/product\/20568\/revisions"}],"predecessor-version":[{"id":27612,"href":"https:\/\/animicaportraits.com\/fr\/wp-json\/wp\/v2\/product\/20568\/revisions\/27612"}],"wp:featuredmedia":[{"embeddable":true,"href":"https:\/\/animicaportraits.com\/fr\/wp-json\/wp\/v2\/media\/20569"}],"wp:attachment":[{"href":"https:\/\/animicaportraits.com\/fr\/wp-json\/wp\/v2\/media?parent=20568"}],"wp:term":[{"taxonomy":"attore","embeddable":true,"href":"https:\/\/animicaportraits.com\/fr\/wp-json\/wp\/v2\/attore?post=20568"},{"taxonomy":"product_brand","embeddable":true,"href":"https:\/\/animicaportraits.com\/fr\/wp-json\/wp\/v2\/product_brand?post=20568"},{"taxonomy":"product_cat","embeddable":true,"href":"https:\/\/animicaportraits.com\/fr\/wp-json\/wp\/v2\/product_cat?post=20568"},{"taxonomy":"product_tag","embeddable":true,"href":"https:\/\/animicaportraits.com\/fr\/wp-json\/wp\/v2\/product_tag?post=20568"},{"taxonomy":"giftcard-category","embeddable":true,"href":"https:\/\/animicaportraits.com\/fr\/wp-json\/wp\/v2\/giftcard-category?post=20568"}],"curies":[{"name":"wp","href":"https:\/\/api.w.org\/{rel}","templated":true}]}}