{"id":20701,"date":"2024-11-29T17:57:50","date_gmt":"2024-11-29T16:57:50","guid":{"rendered":"https:\/\/animicaportraits.com\/product\/manuela\/"},"modified":"2024-11-29T17:57:50","modified_gmt":"2024-11-29T16:57:50","slug":"manuela","status":"publish","type":"product","link":"https:\/\/animicaportraits.com\/fr\/produit\/manuela\/","title":{"rendered":"Manuela"},"content":{"rendered":"","protected":false},"excerpt":{"rendered":"<p>Novembre 2024 Manuela<br \/>\nS\u00e9ance photo avec portraits exp\u00e9rience multisensorielle avec <strong>l&rsquo;essence du parfum en huile \u00ab\u00a0<a href=\"https:\/\/animicaportraits.com\/product\/lux-art-postcard-and-midnight-breaths\/\"><em>Midnight Breaths<\/em><\/a>\u00a0\u00bb de Pauline Rochas.<\/strong><\/p>\n<p><img fetchpriority=\"high\" decoding=\"async\" class=\"alignnone wp-image-10263 size-large\" src=\"https:\/\/animicaportraits.com\/wp-content\/uploads\/2024\/06\/product-animica-portraits-rochas-oil-parfum.giudecca.venice4-1009x1024.jpg\" alt=\"product-animica-portraits-rochas-oil-parfum.giudecca.venice4\" width=\"1009\" height=\"1024\" srcset=\"https:\/\/animicaportraits.com\/wp-content\/uploads\/2024\/06\/product-animica-portraits-rochas-oil-parfum.giudecca.venice4-1009x1024.jpg 1009w, https:\/\/animicaportraits.com\/wp-content\/uploads\/2024\/06\/product-animica-portraits-rochas-oil-parfum.giudecca.venice4-300x304.jpg 300w, https:\/\/animicaportraits.com\/wp-content\/uploads\/2024\/06\/product-animica-portraits-rochas-oil-parfum.giudecca.venice4-100x100.jpg 100w, https:\/\/animicaportraits.com\/wp-content\/uploads\/2024\/06\/product-animica-portraits-rochas-oil-parfum.giudecca.venice4-600x609.jpg 600w, https:\/\/animicaportraits.com\/wp-content\/uploads\/2024\/06\/product-animica-portraits-rochas-oil-parfum.giudecca.venice4-296x300.jpg 296w, https:\/\/animicaportraits.com\/wp-content\/uploads\/2024\/06\/product-animica-portraits-rochas-oil-parfum.giudecca.venice4-768x780.jpg 768w, https:\/\/animicaportraits.com\/wp-content\/uploads\/2024\/06\/product-animica-portraits-rochas-oil-parfum.giudecca.venice4-1320x1340.jpg 1320w, https:\/\/animicaportraits.com\/wp-content\/uploads\/2024\/06\/product-animica-portraits-rochas-oil-parfum.giudecca.venice4.jpg 1334w\" sizes=\"(max-width: 1009px) 100vw, 1009px\" \/><\/p>\n<p><strong>Ingr\u00e9dients:<\/strong> Bois de santal, bois de c\u00e8dre, v\u00e9tiver, cardamome, gen\u00e9vrier, baie rose, huile de CBD.<\/p>\n<p><strong>Lien produit:<\/strong> <a href=\"https:\/\/animicaportraits.com\/product\/lux-art-postcard-and-midnight-breaths\/\">Midnight Breaths &#8211; parfum dans l&rsquo;huile<\/a><\/p>\n","protected":false},"featured_media":20674,"comment_status":"open","ping_status":"closed","template":"","meta":{"_acf_changed":false},"attore":[],"product_brand":[],"product_cat":[230],"product_tag":[267,233,95,231,232],"giftcard-category":[],"class_list":{"0":"post-20701","1":"product","2":"type-product","3":"status-publish","4":"has-post-thumbnail","6":"product_cat-portraits-dexperience-multisensorielle","7":"product_tag-burning-for-you-fr","8":"product_tag-essence-fr","9":"product_tag-pauline-rochas-fr","10":"product_tag-portraits-dexperience-multisensorielle","11":"product_tag-prise-de-photos","13":"first","14":"instock","15":"taxable","16":"shipping-taxable","17":"product-type-simple"},"acf":[],"_links":{"self":[{"href":"https:\/\/animicaportraits.com\/fr\/wp-json\/wp\/v2\/product\/20701","targetHints":{"allow":["GET"]}}],"collection":[{"href":"https:\/\/animicaportraits.com\/fr\/wp-json\/wp\/v2\/product"}],"about":[{"href":"https:\/\/animicaportraits.com\/fr\/wp-json\/wp\/v2\/types\/product"}],"replies":[{"embeddable":true,"href":"https:\/\/animicaportraits.com\/fr\/wp-json\/wp\/v2\/comments?post=20701"}],"version-history":[{"count":0,"href":"https:\/\/animicaportraits.com\/fr\/wp-json\/wp\/v2\/product\/20701\/revisions"}],"wp:featuredmedia":[{"embeddable":true,"href":"https:\/\/animicaportraits.com\/fr\/wp-json\/wp\/v2\/media\/20674"}],"wp:attachment":[{"href":"https:\/\/animicaportraits.com\/fr\/wp-json\/wp\/v2\/media?parent=20701"}],"wp:term":[{"taxonomy":"attore","embeddable":true,"href":"https:\/\/animicaportraits.com\/fr\/wp-json\/wp\/v2\/attore?post=20701"},{"taxonomy":"product_brand","embeddable":true,"href":"https:\/\/animicaportraits.com\/fr\/wp-json\/wp\/v2\/product_brand?post=20701"},{"taxonomy":"product_cat","embeddable":true,"href":"https:\/\/animicaportraits.com\/fr\/wp-json\/wp\/v2\/product_cat?post=20701"},{"taxonomy":"product_tag","embeddable":true,"href":"https:\/\/animicaportraits.com\/fr\/wp-json\/wp\/v2\/product_tag?post=20701"},{"taxonomy":"giftcard-category","embeddable":true,"href":"https:\/\/animicaportraits.com\/fr\/wp-json\/wp\/v2\/giftcard-category?post=20701"}],"curies":[{"name":"wp","href":"https:\/\/api.w.org\/{rel}","templated":true}]}}