{"id":21039,"date":"2024-12-06T10:24:02","date_gmt":"2024-12-06T09:24:02","guid":{"rendered":"https:\/\/animicaportraits.com\/product\/giada-marco-et-la-petite-gabriele\/"},"modified":"2024-12-06T10:24:02","modified_gmt":"2024-12-06T09:24:02","slug":"giada-marco-et-la-petite-gabriele","status":"publish","type":"product","link":"https:\/\/animicaportraits.com\/fr\/produit\/giada-marco-et-la-petite-gabriele\/","title":{"rendered":"Giada Marco et la petite Gabriele"},"content":{"rendered":"","protected":false},"excerpt":{"rendered":"<p>Une histoire miraculeuse, Gabriele 4 mois avec maman Giada, p\u00e8re Marco et grand-m\u00e8re Monica, pour le portrait de famille aussi pr\u00e9cieux et unique que leur amour, qu&rsquo;ils ont choisi de c\u00e9l\u00e9brer avec la photographie de Barbara Pigazzi Portraits.<\/p>\n<p>Giudecca, atelier 27 novembre 2024<\/p>\n","protected":false},"featured_media":20996,"comment_status":"open","ping_status":"closed","template":"","meta":{"_acf_changed":false},"attore":[],"product_brand":[],"product_cat":[68],"product_tag":[69,246,232],"giftcard-category":[],"class_list":{"0":"post-21039","1":"product","2":"type-product","3":"status-publish","4":"has-post-thumbnail","6":"product_cat-portraits-de-famille","7":"product_tag-portraits-de-famille","8":"product_tag-portraits-de-maternite","9":"product_tag-prise-de-photos","11":"first","12":"instock","13":"taxable","14":"shipping-taxable","15":"product-type-simple"},"acf":[],"_links":{"self":[{"href":"https:\/\/animicaportraits.com\/fr\/wp-json\/wp\/v2\/product\/21039","targetHints":{"allow":["GET"]}}],"collection":[{"href":"https:\/\/animicaportraits.com\/fr\/wp-json\/wp\/v2\/product"}],"about":[{"href":"https:\/\/animicaportraits.com\/fr\/wp-json\/wp\/v2\/types\/product"}],"replies":[{"embeddable":true,"href":"https:\/\/animicaportraits.com\/fr\/wp-json\/wp\/v2\/comments?post=21039"}],"version-history":[{"count":0,"href":"https:\/\/animicaportraits.com\/fr\/wp-json\/wp\/v2\/product\/21039\/revisions"}],"wp:featuredmedia":[{"embeddable":true,"href":"https:\/\/animicaportraits.com\/fr\/wp-json\/wp\/v2\/media\/20996"}],"wp:attachment":[{"href":"https:\/\/animicaportraits.com\/fr\/wp-json\/wp\/v2\/media?parent=21039"}],"wp:term":[{"taxonomy":"attore","embeddable":true,"href":"https:\/\/animicaportraits.com\/fr\/wp-json\/wp\/v2\/attore?post=21039"},{"taxonomy":"product_brand","embeddable":true,"href":"https:\/\/animicaportraits.com\/fr\/wp-json\/wp\/v2\/product_brand?post=21039"},{"taxonomy":"product_cat","embeddable":true,"href":"https:\/\/animicaportraits.com\/fr\/wp-json\/wp\/v2\/product_cat?post=21039"},{"taxonomy":"product_tag","embeddable":true,"href":"https:\/\/animicaportraits.com\/fr\/wp-json\/wp\/v2\/product_tag?post=21039"},{"taxonomy":"giftcard-category","embeddable":true,"href":"https:\/\/animicaportraits.com\/fr\/wp-json\/wp\/v2\/giftcard-category?post=21039"}],"curies":[{"name":"wp","href":"https:\/\/api.w.org\/{rel}","templated":true}]}}