{"id":21073,"date":"2024-12-06T10:53:11","date_gmt":"2024-12-06T09:53:11","guid":{"rendered":"https:\/\/animicaportraits.com\/product\/tatiana-marco-et-milly\/"},"modified":"2024-12-06T10:53:11","modified_gmt":"2024-12-06T09:53:11","slug":"tatiana-marco-et-milly","status":"publish","type":"product","link":"https:\/\/animicaportraits.com\/fr\/produit\/tatiana-marco-et-milly\/","title":{"rendered":"Tatiana Marco et Milly"},"content":{"rendered":"","protected":false},"excerpt":{"rendered":"<p>La derni\u00e8re photographie imprim\u00e9e de ce merveilleux couple Giudecchini, qui vit et travaille sur l&rsquo;\u00eele de la Giudecca, date de 1998.<\/p>\n<p>Aujourd&rsquo;hui 5 d\u00e9cembre 2024, ils se sont offert une exp\u00e9rience de portrait personnalis\u00e9 avec Barbara.<br \/>\nAPR\u00c8S 26 ans, leur portrait sera imprim\u00e9 en beaux-arts et encadr\u00e9 accroch\u00e9 au mur de leur maison v\u00e9nitienne.<\/p>\n","protected":false},"featured_media":21043,"comment_status":"open","ping_status":"closed","template":"","meta":{"_acf_changed":false},"attore":[],"product_brand":[],"product_cat":[68],"product_tag":[69,232],"giftcard-category":[],"class_list":{"0":"post-21073","1":"product","2":"type-product","3":"status-publish","4":"has-post-thumbnail","6":"product_cat-portraits-de-famille","7":"product_tag-portraits-de-famille","8":"product_tag-prise-de-photos","10":"first","11":"instock","12":"taxable","13":"shipping-taxable","14":"product-type-simple"},"acf":[],"_links":{"self":[{"href":"https:\/\/animicaportraits.com\/fr\/wp-json\/wp\/v2\/product\/21073","targetHints":{"allow":["GET"]}}],"collection":[{"href":"https:\/\/animicaportraits.com\/fr\/wp-json\/wp\/v2\/product"}],"about":[{"href":"https:\/\/animicaportraits.com\/fr\/wp-json\/wp\/v2\/types\/product"}],"replies":[{"embeddable":true,"href":"https:\/\/animicaportraits.com\/fr\/wp-json\/wp\/v2\/comments?post=21073"}],"version-history":[{"count":0,"href":"https:\/\/animicaportraits.com\/fr\/wp-json\/wp\/v2\/product\/21073\/revisions"}],"wp:featuredmedia":[{"embeddable":true,"href":"https:\/\/animicaportraits.com\/fr\/wp-json\/wp\/v2\/media\/21043"}],"wp:attachment":[{"href":"https:\/\/animicaportraits.com\/fr\/wp-json\/wp\/v2\/media?parent=21073"}],"wp:term":[{"taxonomy":"attore","embeddable":true,"href":"https:\/\/animicaportraits.com\/fr\/wp-json\/wp\/v2\/attore?post=21073"},{"taxonomy":"product_brand","embeddable":true,"href":"https:\/\/animicaportraits.com\/fr\/wp-json\/wp\/v2\/product_brand?post=21073"},{"taxonomy":"product_cat","embeddable":true,"href":"https:\/\/animicaportraits.com\/fr\/wp-json\/wp\/v2\/product_cat?post=21073"},{"taxonomy":"product_tag","embeddable":true,"href":"https:\/\/animicaportraits.com\/fr\/wp-json\/wp\/v2\/product_tag?post=21073"},{"taxonomy":"giftcard-category","embeddable":true,"href":"https:\/\/animicaportraits.com\/fr\/wp-json\/wp\/v2\/giftcard-category?post=21073"}],"curies":[{"name":"wp","href":"https:\/\/api.w.org\/{rel}","templated":true}]}}