{"id":21151,"date":"2024-12-07T10:36:17","date_gmt":"2024-12-07T09:36:17","guid":{"rendered":"https:\/\/animicaportraits.com\/product\/grand-mere-monica-et-petit-fils-gabriele\/"},"modified":"2024-12-07T10:36:17","modified_gmt":"2024-12-07T09:36:17","slug":"grand-mere-monica-et-petit-fils-gabriele","status":"publish","type":"product","link":"https:\/\/animicaportraits.com\/fr\/produit\/grand-mere-monica-et-petit-fils-gabriele\/","title":{"rendered":"Grand-m\u00e8re Monica et petit-fils Gabriele"},"content":{"rendered":"","protected":false},"excerpt":{"rendered":"<p>Un cadeau de No\u00ebl inoubliable : un portrait de famille qui contient tout l&rsquo;amour de la grand-m\u00e8re, de la m\u00e8re et de la petite Gabriele.<\/p>\n<p>Un clich\u00e9 tendre qui immortalise leurs sourires et leurs regards affectueux, un souvenir pr\u00e9cieux \u00e0 ch\u00e9rir pour toujours.<\/p>\n","protected":false},"featured_media":21112,"comment_status":"open","ping_status":"closed","template":"","meta":{"_acf_changed":false},"attore":[],"product_brand":[],"product_cat":[68],"product_tag":[487,69,232],"giftcard-category":[],"class_list":{"0":"post-21151","1":"product","2":"type-product","3":"status-publish","4":"has-post-thumbnail","6":"product_cat-portraits-de-famille","7":"product_tag-grand-mere-et-petit-fils","8":"product_tag-portraits-de-famille","9":"product_tag-prise-de-photos","11":"first","12":"instock","13":"taxable","14":"shipping-taxable","15":"product-type-simple"},"acf":[],"_links":{"self":[{"href":"https:\/\/animicaportraits.com\/fr\/wp-json\/wp\/v2\/product\/21151","targetHints":{"allow":["GET"]}}],"collection":[{"href":"https:\/\/animicaportraits.com\/fr\/wp-json\/wp\/v2\/product"}],"about":[{"href":"https:\/\/animicaportraits.com\/fr\/wp-json\/wp\/v2\/types\/product"}],"replies":[{"embeddable":true,"href":"https:\/\/animicaportraits.com\/fr\/wp-json\/wp\/v2\/comments?post=21151"}],"version-history":[{"count":0,"href":"https:\/\/animicaportraits.com\/fr\/wp-json\/wp\/v2\/product\/21151\/revisions"}],"wp:featuredmedia":[{"embeddable":true,"href":"https:\/\/animicaportraits.com\/fr\/wp-json\/wp\/v2\/media\/21112"}],"wp:attachment":[{"href":"https:\/\/animicaportraits.com\/fr\/wp-json\/wp\/v2\/media?parent=21151"}],"wp:term":[{"taxonomy":"attore","embeddable":true,"href":"https:\/\/animicaportraits.com\/fr\/wp-json\/wp\/v2\/attore?post=21151"},{"taxonomy":"product_brand","embeddable":true,"href":"https:\/\/animicaportraits.com\/fr\/wp-json\/wp\/v2\/product_brand?post=21151"},{"taxonomy":"product_cat","embeddable":true,"href":"https:\/\/animicaportraits.com\/fr\/wp-json\/wp\/v2\/product_cat?post=21151"},{"taxonomy":"product_tag","embeddable":true,"href":"https:\/\/animicaportraits.com\/fr\/wp-json\/wp\/v2\/product_tag?post=21151"},{"taxonomy":"giftcard-category","embeddable":true,"href":"https:\/\/animicaportraits.com\/fr\/wp-json\/wp\/v2\/giftcard-category?post=21151"}],"curies":[{"name":"wp","href":"https:\/\/api.w.org\/{rel}","templated":true}]}}