{"id":21254,"date":"2024-12-18T17:57:47","date_gmt":"2024-12-18T16:57:47","guid":{"rendered":"https:\/\/animicaportraits.com\/product\/grand-mere-rita-et-sa-famille\/"},"modified":"2024-12-18T17:57:47","modified_gmt":"2024-12-18T16:57:47","slug":"grand-mere-rita-et-sa-famille","status":"publish","type":"product","link":"https:\/\/animicaportraits.com\/fr\/produit\/grand-mere-rita-et-sa-famille\/","title":{"rendered":"Grand-m\u00e8re Rita et sa famille"},"content":{"rendered":"","protected":false},"excerpt":{"rendered":"<p>Grand-m\u00e8re Rita souhaitait s&rsquo;offrir, ainsi qu&rsquo;\u00e0 sa famille, un service de portrait photographique familial.<\/p>\n<p>Gr\u00e2ce \u00e0 cette exp\u00e9rience, vous pourrez r\u00e9unir les liens familiaux les plus importants dans un moment unique pour c\u00e9l\u00e9brer la vie, No\u00ebl, le moment de bonheur.<\/p>\n<p>Grand-m\u00e8re Rita, son fils et p\u00e8re d&rsquo;Aysha, le partenaire d&rsquo;Aysha, Edwin, et son petit arri\u00e8re-petit-fils Santiago, ont choisi les portraits de famille.<\/p>\n","protected":false},"featured_media":21223,"comment_status":"open","ping_status":"closed","template":"","meta":{"_acf_changed":false},"attore":[],"product_brand":[],"product_cat":[68],"product_tag":[69,246,232],"giftcard-category":[],"class_list":{"0":"post-21254","1":"product","2":"type-product","3":"status-publish","4":"has-post-thumbnail","6":"product_cat-portraits-de-famille","7":"product_tag-portraits-de-famille","8":"product_tag-portraits-de-maternite","9":"product_tag-prise-de-photos","11":"first","12":"instock","13":"taxable","14":"shipping-taxable","15":"product-type-simple"},"acf":[],"_links":{"self":[{"href":"https:\/\/animicaportraits.com\/fr\/wp-json\/wp\/v2\/product\/21254","targetHints":{"allow":["GET"]}}],"collection":[{"href":"https:\/\/animicaportraits.com\/fr\/wp-json\/wp\/v2\/product"}],"about":[{"href":"https:\/\/animicaportraits.com\/fr\/wp-json\/wp\/v2\/types\/product"}],"replies":[{"embeddable":true,"href":"https:\/\/animicaportraits.com\/fr\/wp-json\/wp\/v2\/comments?post=21254"}],"version-history":[{"count":0,"href":"https:\/\/animicaportraits.com\/fr\/wp-json\/wp\/v2\/product\/21254\/revisions"}],"wp:featuredmedia":[{"embeddable":true,"href":"https:\/\/animicaportraits.com\/fr\/wp-json\/wp\/v2\/media\/21223"}],"wp:attachment":[{"href":"https:\/\/animicaportraits.com\/fr\/wp-json\/wp\/v2\/media?parent=21254"}],"wp:term":[{"taxonomy":"attore","embeddable":true,"href":"https:\/\/animicaportraits.com\/fr\/wp-json\/wp\/v2\/attore?post=21254"},{"taxonomy":"product_brand","embeddable":true,"href":"https:\/\/animicaportraits.com\/fr\/wp-json\/wp\/v2\/product_brand?post=21254"},{"taxonomy":"product_cat","embeddable":true,"href":"https:\/\/animicaportraits.com\/fr\/wp-json\/wp\/v2\/product_cat?post=21254"},{"taxonomy":"product_tag","embeddable":true,"href":"https:\/\/animicaportraits.com\/fr\/wp-json\/wp\/v2\/product_tag?post=21254"},{"taxonomy":"giftcard-category","embeddable":true,"href":"https:\/\/animicaportraits.com\/fr\/wp-json\/wp\/v2\/giftcard-category?post=21254"}],"curies":[{"name":"wp","href":"https:\/\/api.w.org\/{rel}","templated":true}]}}