{"id":21343,"date":"2024-12-26T23:24:49","date_gmt":"2024-12-26T22:24:49","guid":{"rendered":"https:\/\/animicaportraits.com\/product\/stephanie\/"},"modified":"2024-12-27T18:47:40","modified_gmt":"2024-12-27T17:47:40","slug":"stephanie","status":"publish","type":"product","link":"https:\/\/animicaportraits.com\/fr\/produit\/stephanie\/","title":{"rendered":"St\u00e9phanie"},"content":{"rendered":"","protected":false},"excerpt":{"rendered":"<p>D\u00e9cembre 2024 St\u00e9phanie.<br \/>\nF\u00eate Saint \u00c9tienne.<br \/>\nCadeau de la fille Zuleika pour sa m\u00e8re et sa grand-m\u00e8re St\u00e9phanie.<br \/>\nS\u00e9ance photo avec portraits exp\u00e9rience multisensorielle avec l&rsquo;essence du parfum en huile \u00ab\u00a0<a href=\"https:\/\/animicaportraits.com\/fr\/produit\/carte-postale-lux-art-et-the-awakening\/\"><strong><em>The Awakening<\/em><\/strong><\/a>\u00a0\u00bb de Pauline Rochas.<\/p>\n<p><img fetchpriority=\"high\" decoding=\"async\" class=\"alignnone wp-image-10377 size-large\" src=\"https:\/\/animicaportraits.com\/wp-content\/uploads\/2024\/06\/product-animica-portraits-rochas-oil-parfum-the-awakening-giudecca.venice2-1024x905.jpg\" alt=\"product animica portraits - rochas oil parfum the awakening - giudecca venice\" width=\"1024\" height=\"905\" srcset=\"https:\/\/animicaportraits.com\/wp-content\/uploads\/2024\/06\/product-animica-portraits-rochas-oil-parfum-the-awakening-giudecca.venice2-1024x905.jpg 1024w, https:\/\/animicaportraits.com\/wp-content\/uploads\/2024\/06\/product-animica-portraits-rochas-oil-parfum-the-awakening-giudecca.venice2-300x265.jpg 300w, https:\/\/animicaportraits.com\/wp-content\/uploads\/2024\/06\/product-animica-portraits-rochas-oil-parfum-the-awakening-giudecca.venice2-600x530.jpg 600w, https:\/\/animicaportraits.com\/wp-content\/uploads\/2024\/06\/product-animica-portraits-rochas-oil-parfum-the-awakening-giudecca.venice2-768x679.jpg 768w, https:\/\/animicaportraits.com\/wp-content\/uploads\/2024\/06\/product-animica-portraits-rochas-oil-parfum-the-awakening-giudecca.venice2-1320x1166.jpg 1320w, https:\/\/animicaportraits.com\/wp-content\/uploads\/2024\/06\/product-animica-portraits-rochas-oil-parfum-the-awakening-giudecca.venice2.jpg 1426w\" sizes=\"(max-width: 1024px) 100vw, 1024px\" \/><\/p>\n<p><strong>Ingr\u00e9dients:<\/strong> Gingembre, Air marin, Menthe verte, Herbe coup\u00e9e, Pomme verte, Musc blanc, Vitamine C, Citron vert.<\/p>\n<p><strong>Lien produit:<\/strong> <a href=\"https:\/\/animicaportraits.com\/fr\/produit\/carte-postale-lux-art-et-the-awakening\/\">The Awakening &#8211; parfum dans l&rsquo;huile\u00a0<\/a><\/p>\n","protected":false},"featured_media":21311,"comment_status":"open","ping_status":"closed","template":"","meta":{"_acf_changed":false},"attore":[],"product_brand":[],"product_cat":[230],"product_tag":[267,233,95,231,232],"giftcard-category":[],"class_list":{"0":"post-21343","1":"product","2":"type-product","3":"status-publish","4":"has-post-thumbnail","6":"product_cat-portraits-dexperience-multisensorielle","7":"product_tag-burning-for-you-fr","8":"product_tag-essence-fr","9":"product_tag-pauline-rochas-fr","10":"product_tag-portraits-dexperience-multisensorielle","11":"product_tag-prise-de-photos","13":"first","14":"instock","15":"taxable","16":"shipping-taxable","17":"product-type-simple"},"acf":[],"_links":{"self":[{"href":"https:\/\/animicaportraits.com\/fr\/wp-json\/wp\/v2\/product\/21343","targetHints":{"allow":["GET"]}}],"collection":[{"href":"https:\/\/animicaportraits.com\/fr\/wp-json\/wp\/v2\/product"}],"about":[{"href":"https:\/\/animicaportraits.com\/fr\/wp-json\/wp\/v2\/types\/product"}],"replies":[{"embeddable":true,"href":"https:\/\/animicaportraits.com\/fr\/wp-json\/wp\/v2\/comments?post=21343"}],"version-history":[{"count":0,"href":"https:\/\/animicaportraits.com\/fr\/wp-json\/wp\/v2\/product\/21343\/revisions"}],"wp:featuredmedia":[{"embeddable":true,"href":"https:\/\/animicaportraits.com\/fr\/wp-json\/wp\/v2\/media\/21311"}],"wp:attachment":[{"href":"https:\/\/animicaportraits.com\/fr\/wp-json\/wp\/v2\/media?parent=21343"}],"wp:term":[{"taxonomy":"attore","embeddable":true,"href":"https:\/\/animicaportraits.com\/fr\/wp-json\/wp\/v2\/attore?post=21343"},{"taxonomy":"product_brand","embeddable":true,"href":"https:\/\/animicaportraits.com\/fr\/wp-json\/wp\/v2\/product_brand?post=21343"},{"taxonomy":"product_cat","embeddable":true,"href":"https:\/\/animicaportraits.com\/fr\/wp-json\/wp\/v2\/product_cat?post=21343"},{"taxonomy":"product_tag","embeddable":true,"href":"https:\/\/animicaportraits.com\/fr\/wp-json\/wp\/v2\/product_tag?post=21343"},{"taxonomy":"giftcard-category","embeddable":true,"href":"https:\/\/animicaportraits.com\/fr\/wp-json\/wp\/v2\/giftcard-category?post=21343"}],"curies":[{"name":"wp","href":"https:\/\/api.w.org\/{rel}","templated":true}]}}