{"id":21563,"date":"2024-12-31T16:23:11","date_gmt":"2024-12-31T15:23:11","guid":{"rendered":"https:\/\/animicaportraits.com\/product\/la-famille-dalessandra-et-lex\/"},"modified":"2024-12-31T16:23:11","modified_gmt":"2024-12-31T15:23:11","slug":"la-famille-dalessandra-et-lex","status":"publish","type":"product","link":"https:\/\/animicaportraits.com\/fr\/produit\/la-famille-dalessandra-et-lex\/","title":{"rendered":"La famille d&rsquo;Alessandra et Lex"},"content":{"rendered":"","protected":false},"excerpt":{"rendered":"<p>Am\u00e9ricains 29\/12\/2024<\/p>\n<p><strong>Camille<\/strong> et sa m\u00e8re <strong>Alessandra<\/strong>, avec son p\u00e8re <strong>Lex<\/strong> et son petit ami <strong>Jonathan<\/strong>.<br \/>\nDe <em>New York<\/em> au studio Animica Art, sur l&rsquo;\u00eele de la Giudecca, en <em>Italie<\/em>, pour le portrait le plus important et le plus pr\u00e9cieux.<br \/>\nLors de la s\u00e9ance photo, Alessandra, la m\u00e8re, a d\u00e9clar\u00e9 qu&rsquo;elle n&rsquo;avait pas imprim\u00e9 de photos de la famille depuis environ 24 ans.<br \/>\nJe suis tr\u00e8s honor\u00e9 de savoir qu\u2019ils rapporteront chez eux leurs portraits authentifi\u00e9s et sign\u00e9s, dans l\u2019ici et maintenant d\u2019un lien indissoluble, cristallis\u00e9 \u00e0 travers le langage de la photographie.<\/p>\n","protected":false},"featured_media":21528,"comment_status":"open","ping_status":"closed","template":"","meta":{"_acf_changed":false},"attore":[],"product_brand":[],"product_cat":[68],"product_tag":[69,232],"giftcard-category":[],"class_list":{"0":"post-21563","1":"product","2":"type-product","3":"status-publish","4":"has-post-thumbnail","6":"product_cat-portraits-de-famille","7":"product_tag-portraits-de-famille","8":"product_tag-prise-de-photos","10":"first","11":"instock","12":"taxable","13":"shipping-taxable","14":"product-type-simple"},"acf":[],"_links":{"self":[{"href":"https:\/\/animicaportraits.com\/fr\/wp-json\/wp\/v2\/product\/21563","targetHints":{"allow":["GET"]}}],"collection":[{"href":"https:\/\/animicaportraits.com\/fr\/wp-json\/wp\/v2\/product"}],"about":[{"href":"https:\/\/animicaportraits.com\/fr\/wp-json\/wp\/v2\/types\/product"}],"replies":[{"embeddable":true,"href":"https:\/\/animicaportraits.com\/fr\/wp-json\/wp\/v2\/comments?post=21563"}],"version-history":[{"count":0,"href":"https:\/\/animicaportraits.com\/fr\/wp-json\/wp\/v2\/product\/21563\/revisions"}],"wp:featuredmedia":[{"embeddable":true,"href":"https:\/\/animicaportraits.com\/fr\/wp-json\/wp\/v2\/media\/21528"}],"wp:attachment":[{"href":"https:\/\/animicaportraits.com\/fr\/wp-json\/wp\/v2\/media?parent=21563"}],"wp:term":[{"taxonomy":"attore","embeddable":true,"href":"https:\/\/animicaportraits.com\/fr\/wp-json\/wp\/v2\/attore?post=21563"},{"taxonomy":"product_brand","embeddable":true,"href":"https:\/\/animicaportraits.com\/fr\/wp-json\/wp\/v2\/product_brand?post=21563"},{"taxonomy":"product_cat","embeddable":true,"href":"https:\/\/animicaportraits.com\/fr\/wp-json\/wp\/v2\/product_cat?post=21563"},{"taxonomy":"product_tag","embeddable":true,"href":"https:\/\/animicaportraits.com\/fr\/wp-json\/wp\/v2\/product_tag?post=21563"},{"taxonomy":"giftcard-category","embeddable":true,"href":"https:\/\/animicaportraits.com\/fr\/wp-json\/wp\/v2\/giftcard-category?post=21563"}],"curies":[{"name":"wp","href":"https:\/\/api.w.org\/{rel}","templated":true}]}}