{"id":21795,"date":"2025-01-11T09:48:46","date_gmt":"2025-01-11T08:48:46","guid":{"rendered":"https:\/\/animicaportraits.com\/product\/omar\/"},"modified":"2025-01-11T09:48:46","modified_gmt":"2025-01-11T08:48:46","slug":"omar","status":"publish","type":"product","link":"https:\/\/animicaportraits.com\/fr\/produit\/omar\/","title":{"rendered":"Omar"},"content":{"rendered":"","protected":false},"excerpt":{"rendered":"<p>Jeudi 9 janvier 2025<\/p>\n<p><strong>Omar<\/strong>, un jeune de la Giudecca \u00e0 la beaut\u00e9 intense et aux traits distinctifs, a choisi de s&rsquo;offrir une exp\u00e9rience unique avec le studio Animica. Nos photographies capturent son <em>\u00e2me profonde<\/em>, <em>r\u00e9v\u00e9lant une \u00e9l\u00e9gance naturelle<\/em> et <em>une expressivit\u00e9 engageante.<\/em><\/p>\n<p>Sa pose, spontan\u00e9e et pleine de charme, refl\u00e8te sa personnalit\u00e9 complexe et fascinante. <strong>Un portrait qui va au-del\u00e0 de la simple image<\/strong>, capturant l\u2019essence la plus intime d\u2019un individu.<\/p>\n<p>D\u00e9couvrez comment vous aussi pouvez valoriser votre singularit\u00e9 gr\u00e2ce \u00e0 un<strong> portrait d&rsquo;auteur personnalis\u00e9.<\/strong><\/p>\n","protected":false},"featured_media":21755,"comment_status":"open","ping_status":"closed","template":"","meta":{"_acf_changed":false},"attore":[],"product_brand":[],"product_cat":[78],"product_tag":[83,232],"giftcard-category":[],"class_list":{"0":"post-21795","1":"product","2":"type-product","3":"status-publish","4":"has-post-thumbnail","6":"product_cat-portraits-personnalises","7":"product_tag-portraits-personnalises","8":"product_tag-prise-de-photos","10":"first","11":"instock","12":"taxable","13":"shipping-taxable","14":"product-type-simple"},"acf":[],"_links":{"self":[{"href":"https:\/\/animicaportraits.com\/fr\/wp-json\/wp\/v2\/product\/21795","targetHints":{"allow":["GET"]}}],"collection":[{"href":"https:\/\/animicaportraits.com\/fr\/wp-json\/wp\/v2\/product"}],"about":[{"href":"https:\/\/animicaportraits.com\/fr\/wp-json\/wp\/v2\/types\/product"}],"replies":[{"embeddable":true,"href":"https:\/\/animicaportraits.com\/fr\/wp-json\/wp\/v2\/comments?post=21795"}],"version-history":[{"count":0,"href":"https:\/\/animicaportraits.com\/fr\/wp-json\/wp\/v2\/product\/21795\/revisions"}],"wp:featuredmedia":[{"embeddable":true,"href":"https:\/\/animicaportraits.com\/fr\/wp-json\/wp\/v2\/media\/21755"}],"wp:attachment":[{"href":"https:\/\/animicaportraits.com\/fr\/wp-json\/wp\/v2\/media?parent=21795"}],"wp:term":[{"taxonomy":"attore","embeddable":true,"href":"https:\/\/animicaportraits.com\/fr\/wp-json\/wp\/v2\/attore?post=21795"},{"taxonomy":"product_brand","embeddable":true,"href":"https:\/\/animicaportraits.com\/fr\/wp-json\/wp\/v2\/product_brand?post=21795"},{"taxonomy":"product_cat","embeddable":true,"href":"https:\/\/animicaportraits.com\/fr\/wp-json\/wp\/v2\/product_cat?post=21795"},{"taxonomy":"product_tag","embeddable":true,"href":"https:\/\/animicaportraits.com\/fr\/wp-json\/wp\/v2\/product_tag?post=21795"},{"taxonomy":"giftcard-category","embeddable":true,"href":"https:\/\/animicaportraits.com\/fr\/wp-json\/wp\/v2\/giftcard-category?post=21795"}],"curies":[{"name":"wp","href":"https:\/\/api.w.org\/{rel}","templated":true}]}}