{"id":21840,"date":"2025-01-11T11:18:38","date_gmt":"2025-01-11T10:18:38","guid":{"rendered":"https:\/\/animicaportraits.com\/product\/oncle-omar-niece-laila\/"},"modified":"2025-01-11T11:18:38","modified_gmt":"2025-01-11T10:18:38","slug":"oncle-omar-niece-laila","status":"publish","type":"product","link":"https:\/\/animicaportraits.com\/fr\/produit\/oncle-omar-niece-laila\/","title":{"rendered":"Oncle Omar, ni\u00e8ce Laila"},"content":{"rendered":"","protected":false},"excerpt":{"rendered":"<p>Jeudi 9 janvier 2025<\/p>\n<p>Nous capturons <strong>l\u2019amour<\/strong> et<strong> l\u2019affection<\/strong> qui unissent <strong>trois g\u00e9n\u00e9rations dans une seule photo<\/strong>. Omar, un oncle attentionn\u00e9, la petite Laila pleine de vie et la grand-m\u00e8re affectueuse Fatu : <strong>un portrait de famille<\/strong> qui raconte une histoire de <em>liens ind\u00e9fectibles<\/em> et de <em>moments pr\u00e9cieux.<\/em><\/p>\n<p>Chaque famille est un monde \u00e0 part. Dans notre studio, <strong>nous c\u00e9l\u00e9brons votre unicit\u00e9.<\/strong> Les photographies d\u2019Omar, Laila et Fatu sont un exemple de la fa\u00e7on dont nous pouvons transformer un simple portrait en une \u0153uvre d\u2019art qui raconte votre histoire.<\/p>\n<p><strong>Offrez-vous un souvenir qui durera toute une vie.<\/strong><\/p>\n","protected":false},"featured_media":21802,"comment_status":"open","ping_status":"closed","template":"","meta":{"_acf_changed":false},"attore":[],"product_brand":[],"product_cat":[68],"product_tag":[530,69],"giftcard-category":[],"class_list":{"0":"post-21840","1":"product","2":"type-product","3":"status-publish","4":"has-post-thumbnail","6":"product_cat-portraits-de-famille","7":"product_tag-oncle-et-niece","8":"product_tag-portraits-de-famille","10":"first","11":"instock","12":"taxable","13":"shipping-taxable","14":"product-type-simple"},"acf":[],"_links":{"self":[{"href":"https:\/\/animicaportraits.com\/fr\/wp-json\/wp\/v2\/product\/21840","targetHints":{"allow":["GET"]}}],"collection":[{"href":"https:\/\/animicaportraits.com\/fr\/wp-json\/wp\/v2\/product"}],"about":[{"href":"https:\/\/animicaportraits.com\/fr\/wp-json\/wp\/v2\/types\/product"}],"replies":[{"embeddable":true,"href":"https:\/\/animicaportraits.com\/fr\/wp-json\/wp\/v2\/comments?post=21840"}],"version-history":[{"count":0,"href":"https:\/\/animicaportraits.com\/fr\/wp-json\/wp\/v2\/product\/21840\/revisions"}],"wp:featuredmedia":[{"embeddable":true,"href":"https:\/\/animicaportraits.com\/fr\/wp-json\/wp\/v2\/media\/21802"}],"wp:attachment":[{"href":"https:\/\/animicaportraits.com\/fr\/wp-json\/wp\/v2\/media?parent=21840"}],"wp:term":[{"taxonomy":"attore","embeddable":true,"href":"https:\/\/animicaportraits.com\/fr\/wp-json\/wp\/v2\/attore?post=21840"},{"taxonomy":"product_brand","embeddable":true,"href":"https:\/\/animicaportraits.com\/fr\/wp-json\/wp\/v2\/product_brand?post=21840"},{"taxonomy":"product_cat","embeddable":true,"href":"https:\/\/animicaportraits.com\/fr\/wp-json\/wp\/v2\/product_cat?post=21840"},{"taxonomy":"product_tag","embeddable":true,"href":"https:\/\/animicaportraits.com\/fr\/wp-json\/wp\/v2\/product_tag?post=21840"},{"taxonomy":"giftcard-category","embeddable":true,"href":"https:\/\/animicaportraits.com\/fr\/wp-json\/wp\/v2\/giftcard-category?post=21840"}],"curies":[{"name":"wp","href":"https:\/\/api.w.org\/{rel}","templated":true}]}}