{"id":22120,"date":"2025-01-14T16:22:24","date_gmt":"2025-01-14T15:22:24","guid":{"rendered":"https:\/\/animicaportraits.com\/product\/la-famille-de-fatima\/"},"modified":"2025-01-14T16:22:24","modified_gmt":"2025-01-14T15:22:24","slug":"la-famille-de-fatima","status":"publish","type":"product","link":"https:\/\/animicaportraits.com\/fr\/produit\/la-famille-de-fatima\/","title":{"rendered":"La famille de Fatima"},"content":{"rendered":"","protected":false},"excerpt":{"rendered":"<p>Un an apr\u00e8s la paralysie de son mari Tiziano, aujourd&rsquo;hui, \u00e0 l&rsquo;occasion de leur anniversaire de mariage, son mari est sorti de l&rsquo;h\u00f4pital de Venise o\u00f9 il \u00e9tait hospitalis\u00e9 depuis un an.<\/p>\n<p>Dans notre studio, <strong>Fatu<\/strong>, avec ses enfants <strong>Omar<\/strong>, <strong>Aisha<\/strong> et sa cr\u00e9ature <strong>Laila<\/strong>, <strong>Dud\u00f9<\/strong> et <strong>Pietro<\/strong> pour c\u00e9l\u00e9brer l&rsquo;amour et l&rsquo;anniversaire de mariage de <strong>Fatima<\/strong> et <strong>Tiziano<\/strong>, avec un portrait de famille important, qui rappelle des <em>liens, de l&rsquo;amour, de l&rsquo;affection et des souvenirs ind\u00e9l\u00e9biles.<\/em><\/p>\n","protected":false},"featured_media":22103,"comment_status":"open","ping_status":"closed","template":"","meta":{"_acf_changed":false},"attore":[],"product_brand":[],"product_cat":[68],"product_tag":[562,561,563,69,232,560],"giftcard-category":[],"class_list":{"0":"post-22120","1":"product","2":"type-product","3":"status-publish","4":"has-post-thumbnail","6":"product_cat-portraits-de-famille","7":"product_tag-affection-fr","8":"product_tag-amour","9":"product_tag-famille","10":"product_tag-portraits-de-famille","11":"product_tag-prise-de-photos","12":"product_tag-souvenir","14":"first","15":"instock","16":"taxable","17":"shipping-taxable","18":"product-type-simple"},"acf":[],"_links":{"self":[{"href":"https:\/\/animicaportraits.com\/fr\/wp-json\/wp\/v2\/product\/22120","targetHints":{"allow":["GET"]}}],"collection":[{"href":"https:\/\/animicaportraits.com\/fr\/wp-json\/wp\/v2\/product"}],"about":[{"href":"https:\/\/animicaportraits.com\/fr\/wp-json\/wp\/v2\/types\/product"}],"replies":[{"embeddable":true,"href":"https:\/\/animicaportraits.com\/fr\/wp-json\/wp\/v2\/comments?post=22120"}],"version-history":[{"count":0,"href":"https:\/\/animicaportraits.com\/fr\/wp-json\/wp\/v2\/product\/22120\/revisions"}],"wp:featuredmedia":[{"embeddable":true,"href":"https:\/\/animicaportraits.com\/fr\/wp-json\/wp\/v2\/media\/22103"}],"wp:attachment":[{"href":"https:\/\/animicaportraits.com\/fr\/wp-json\/wp\/v2\/media?parent=22120"}],"wp:term":[{"taxonomy":"attore","embeddable":true,"href":"https:\/\/animicaportraits.com\/fr\/wp-json\/wp\/v2\/attore?post=22120"},{"taxonomy":"product_brand","embeddable":true,"href":"https:\/\/animicaportraits.com\/fr\/wp-json\/wp\/v2\/product_brand?post=22120"},{"taxonomy":"product_cat","embeddable":true,"href":"https:\/\/animicaportraits.com\/fr\/wp-json\/wp\/v2\/product_cat?post=22120"},{"taxonomy":"product_tag","embeddable":true,"href":"https:\/\/animicaportraits.com\/fr\/wp-json\/wp\/v2\/product_tag?post=22120"},{"taxonomy":"giftcard-category","embeddable":true,"href":"https:\/\/animicaportraits.com\/fr\/wp-json\/wp\/v2\/giftcard-category?post=22120"}],"curies":[{"name":"wp","href":"https:\/\/api.w.org\/{rel}","templated":true}]}}