{"id":22372,"date":"2025-01-24T16:41:31","date_gmt":"2025-01-24T15:41:31","guid":{"rendered":"https:\/\/animicaportraits.com\/product\/odette\/"},"modified":"2025-01-24T16:41:31","modified_gmt":"2025-01-24T15:41:31","slug":"odette","status":"publish","type":"product","link":"https:\/\/animicaportraits.com\/fr\/produit\/odette\/","title":{"rendered":"Odette"},"content":{"rendered":"","protected":false},"excerpt":{"rendered":"<p>Odette, 21 ans<br \/>\nElle s&rsquo;est offerte une <strong>exp\u00e9rience portrait multisensorielle<\/strong> avec le<strong> parfum n.7 bliss de Pauline Rochas.<\/strong><\/p>\n<p>Prise de conscience du moi int\u00e9rieur et prise de conscience renouvel\u00e9e \u00e0 travers le portrait de l&rsquo;auteur sign\u00e9<strong> Barbara Pigazzi.<\/strong><\/p>\n<p>Studio photographique An\u00edmica, Giudecca, Venise 23 janvier 2025<\/p>\n<p><img fetchpriority=\"high\" decoding=\"async\" class=\"alignnone wp-image-9487 size-full\" src=\"https:\/\/animicaportraits.com\/wp-content\/uploads\/2024\/05\/essence-No-7-Bliss-in-a-Bottle-Box-Pauline-Rochas.jpg\" alt=\"essence No 7 - Bliss in a Bottle &amp; Box Pauline Rochas\" width=\"1200\" height=\"1252\" srcset=\"https:\/\/animicaportraits.com\/wp-content\/uploads\/2024\/05\/essence-No-7-Bliss-in-a-Bottle-Box-Pauline-Rochas.jpg 1200w, https:\/\/animicaportraits.com\/wp-content\/uploads\/2024\/05\/essence-No-7-Bliss-in-a-Bottle-Box-Pauline-Rochas-300x313.jpg 300w, https:\/\/animicaportraits.com\/wp-content\/uploads\/2024\/05\/essence-No-7-Bliss-in-a-Bottle-Box-Pauline-Rochas-600x626.jpg 600w, https:\/\/animicaportraits.com\/wp-content\/uploads\/2024\/05\/essence-No-7-Bliss-in-a-Bottle-Box-Pauline-Rochas-288x300.jpg 288w, https:\/\/animicaportraits.com\/wp-content\/uploads\/2024\/05\/essence-No-7-Bliss-in-a-Bottle-Box-Pauline-Rochas-981x1024.jpg 981w, https:\/\/animicaportraits.com\/wp-content\/uploads\/2024\/05\/essence-No-7-Bliss-in-a-Bottle-Box-Pauline-Rochas-768x801.jpg 768w\" sizes=\"(max-width: 1200px) 100vw, 1200px\" \/><\/p>\n<p><strong>Link:<\/strong> <a href=\"https:\/\/animicaportraits.com\/fr\/produit\/carte-postale-lux-art-et-bliss-n-7\/\">Bliss N. 7 by Pauline Rochas<\/a><\/p>\n","protected":false},"featured_media":22319,"comment_status":"open","ping_status":"closed","template":"","meta":{"_acf_changed":false},"attore":[],"product_brand":[],"product_cat":[230],"product_tag":[231],"giftcard-category":[],"class_list":{"0":"post-22372","1":"product","2":"type-product","3":"status-publish","4":"has-post-thumbnail","6":"product_cat-portraits-dexperience-multisensorielle","7":"product_tag-portraits-dexperience-multisensorielle","9":"first","10":"instock","11":"taxable","12":"shipping-taxable","13":"product-type-simple"},"acf":[],"_links":{"self":[{"href":"https:\/\/animicaportraits.com\/fr\/wp-json\/wp\/v2\/product\/22372","targetHints":{"allow":["GET"]}}],"collection":[{"href":"https:\/\/animicaportraits.com\/fr\/wp-json\/wp\/v2\/product"}],"about":[{"href":"https:\/\/animicaportraits.com\/fr\/wp-json\/wp\/v2\/types\/product"}],"replies":[{"embeddable":true,"href":"https:\/\/animicaportraits.com\/fr\/wp-json\/wp\/v2\/comments?post=22372"}],"version-history":[{"count":0,"href":"https:\/\/animicaportraits.com\/fr\/wp-json\/wp\/v2\/product\/22372\/revisions"}],"wp:featuredmedia":[{"embeddable":true,"href":"https:\/\/animicaportraits.com\/fr\/wp-json\/wp\/v2\/media\/22319"}],"wp:attachment":[{"href":"https:\/\/animicaportraits.com\/fr\/wp-json\/wp\/v2\/media?parent=22372"}],"wp:term":[{"taxonomy":"attore","embeddable":true,"href":"https:\/\/animicaportraits.com\/fr\/wp-json\/wp\/v2\/attore?post=22372"},{"taxonomy":"product_brand","embeddable":true,"href":"https:\/\/animicaportraits.com\/fr\/wp-json\/wp\/v2\/product_brand?post=22372"},{"taxonomy":"product_cat","embeddable":true,"href":"https:\/\/animicaportraits.com\/fr\/wp-json\/wp\/v2\/product_cat?post=22372"},{"taxonomy":"product_tag","embeddable":true,"href":"https:\/\/animicaportraits.com\/fr\/wp-json\/wp\/v2\/product_tag?post=22372"},{"taxonomy":"giftcard-category","embeddable":true,"href":"https:\/\/animicaportraits.com\/fr\/wp-json\/wp\/v2\/giftcard-category?post=22372"}],"curies":[{"name":"wp","href":"https:\/\/api.w.org\/{rel}","templated":true}]}}