{"id":22457,"date":"2025-01-28T19:56:01","date_gmt":"2025-01-28T18:56:01","guid":{"rendered":"https:\/\/animicaportraits.com\/product\/lux-art-wolf-moon\/"},"modified":"2025-01-28T19:56:01","modified_gmt":"2025-01-28T18:56:01","slug":"lux-art-wolf-moon","status":"publish","type":"product","link":"https:\/\/animicaportraits.com\/fr\/produit\/lux-art-wolf-moon\/","title":{"rendered":"LUX ART WOLF MOON"},"content":{"rendered":"<h3>Caract\u00e9ristiques<\/h3>\n<p><strong>Dimensions:<\/strong> diam\u00e8tre 60 cm.<\/p>\n<p><strong>Support:<\/strong> type mural en m\u00e9tal.<\/p>\n<p><strong>Mat\u00e9riau:<\/strong> aluminium avec finition miroir (lux art chromaluxe).<\/p>\n<p><strong>Certificat de mat\u00e9riau<\/strong> du fabricant am\u00e9ricain.<\/p>\n<p>Authentification: auteur Barbara Pigazzi \u2013 Studio Animica Art Gallery<\/p>\n<p><strong>Ann\u00e9e:<\/strong> 2025<\/p>\n<p><strong>Lieu:<\/strong> Venise, canal de la Giudecca.<\/p>\n","protected":false},"excerpt":{"rendered":"<p>My Wolf Moon est le titre de cette \u0153uvre photographique en diptyque (Moon of the Wolf et Black Lagoon) r\u00e9alis\u00e9e \u00e0 Venise avec la collaboration de l&rsquo;\u00e9quipe Animica.<br \/>\nFabriqu\u00e9 en Italie<\/p>\n","protected":false},"featured_media":22412,"comment_status":"open","ping_status":"closed","template":"","meta":{"_acf_changed":false},"attore":[],"product_brand":[],"product_cat":[569],"product_tag":[],"giftcard-category":[],"class_list":{"0":"post-22457","1":"product","2":"type-product","3":"status-publish","4":"has-post-thumbnail","6":"product_cat-shop-art-fr","8":"first","9":"instock","10":"sold-individually","11":"taxable","12":"shipping-taxable","13":"purchasable","14":"product-type-simple"},"acf":[],"_links":{"self":[{"href":"https:\/\/animicaportraits.com\/fr\/wp-json\/wp\/v2\/product\/22457","targetHints":{"allow":["GET"]}}],"collection":[{"href":"https:\/\/animicaportraits.com\/fr\/wp-json\/wp\/v2\/product"}],"about":[{"href":"https:\/\/animicaportraits.com\/fr\/wp-json\/wp\/v2\/types\/product"}],"replies":[{"embeddable":true,"href":"https:\/\/animicaportraits.com\/fr\/wp-json\/wp\/v2\/comments?post=22457"}],"version-history":[{"count":0,"href":"https:\/\/animicaportraits.com\/fr\/wp-json\/wp\/v2\/product\/22457\/revisions"}],"wp:featuredmedia":[{"embeddable":true,"href":"https:\/\/animicaportraits.com\/fr\/wp-json\/wp\/v2\/media\/22412"}],"wp:attachment":[{"href":"https:\/\/animicaportraits.com\/fr\/wp-json\/wp\/v2\/media?parent=22457"}],"wp:term":[{"taxonomy":"attore","embeddable":true,"href":"https:\/\/animicaportraits.com\/fr\/wp-json\/wp\/v2\/attore?post=22457"},{"taxonomy":"product_brand","embeddable":true,"href":"https:\/\/animicaportraits.com\/fr\/wp-json\/wp\/v2\/product_brand?post=22457"},{"taxonomy":"product_cat","embeddable":true,"href":"https:\/\/animicaportraits.com\/fr\/wp-json\/wp\/v2\/product_cat?post=22457"},{"taxonomy":"product_tag","embeddable":true,"href":"https:\/\/animicaportraits.com\/fr\/wp-json\/wp\/v2\/product_tag?post=22457"},{"taxonomy":"giftcard-category","embeddable":true,"href":"https:\/\/animicaportraits.com\/fr\/wp-json\/wp\/v2\/giftcard-category?post=22457"}],"curies":[{"name":"wp","href":"https:\/\/api.w.org\/{rel}","templated":true}]}}