{"id":24094,"date":"2025-03-24T16:47:07","date_gmt":"2025-03-24T15:47:07","guid":{"rendered":"https:\/\/animicaportraits.com\/product\/dana-et-hilton\/"},"modified":"2025-03-24T16:47:07","modified_gmt":"2025-03-24T15:47:07","slug":"dana-et-hilton","status":"publish","type":"product","link":"https:\/\/animicaportraits.com\/fr\/produit\/dana-et-hilton\/","title":{"rendered":"Dana et Hilton"},"content":{"rendered":"","protected":false},"excerpt":{"rendered":"<p>Dana et Hilton du Shropshire (Royaume-Uni)<br \/>\nen studio \u00e0 Giudecca, pour l&rsquo;exp\u00e9rience de portrait photographique multisensoriel d&rsquo;un couple avec le nouveau parfum Nocturnal de Pauline Rochas.<\/p>\n<p>&nbsp;<\/p>\n<p><img fetchpriority=\"high\" decoding=\"async\" class=\"alignnone wp-image-24027 size-full\" src=\"https:\/\/animicaportraits.com\/wp-content\/uploads\/2025\/03\/eau-de-nuit-nocturnal-pauline-rochas.png\" alt=\"eau-de-nuit-nocturnal-pauline-rochas\" width=\"720\" height=\"720\" srcset=\"https:\/\/animicaportraits.com\/wp-content\/uploads\/2025\/03\/eau-de-nuit-nocturnal-pauline-rochas.png 720w, https:\/\/animicaportraits.com\/wp-content\/uploads\/2025\/03\/eau-de-nuit-nocturnal-pauline-rochas-300x300.png 300w, https:\/\/animicaportraits.com\/wp-content\/uploads\/2025\/03\/eau-de-nuit-nocturnal-pauline-rochas-100x100.png 100w, https:\/\/animicaportraits.com\/wp-content\/uploads\/2025\/03\/eau-de-nuit-nocturnal-pauline-rochas-600x600.png 600w, https:\/\/animicaportraits.com\/wp-content\/uploads\/2025\/03\/eau-de-nuit-nocturnal-pauline-rochas-150x150.png 150w\" sizes=\"(max-width: 720px) 100vw, 720px\" \/><\/p>\n<p>Le couple mari\u00e9, avec 5 enfants, s&rsquo;est offert un voyage d&rsquo;agr\u00e9ment \u00e0 Venise et \u00e0 l&rsquo;occasion de l&rsquo;anniversaire de sa femme Dana, le mari a d\u00e9cid\u00e9 de lui offrir une s\u00e9ance photo avec leurs portraits imprim\u00e9s \u00e0 emporter chez eux.<\/p>\n","protected":false},"featured_media":24039,"comment_status":"open","ping_status":"closed","template":"","meta":{"_acf_changed":false},"attore":[],"product_brand":[],"product_cat":[230],"product_tag":[608,95,581,580,231],"giftcard-category":[],"class_list":{"0":"post-24094","1":"product","2":"type-product","3":"status-publish","4":"has-post-thumbnail","6":"product_cat-portraits-dexperience-multisensorielle","7":"product_tag-nocturnal-parfum-fr","8":"product_tag-pauline-rochas-fr","9":"product_tag-pauline-rochas-essences-fr","10":"product_tag-portrait-photographique-multisensoriel","11":"product_tag-portraits-dexperience-multisensorielle","13":"first","14":"instock","15":"taxable","16":"shipping-taxable","17":"product-type-simple"},"acf":[],"_links":{"self":[{"href":"https:\/\/animicaportraits.com\/fr\/wp-json\/wp\/v2\/product\/24094","targetHints":{"allow":["GET"]}}],"collection":[{"href":"https:\/\/animicaportraits.com\/fr\/wp-json\/wp\/v2\/product"}],"about":[{"href":"https:\/\/animicaportraits.com\/fr\/wp-json\/wp\/v2\/types\/product"}],"replies":[{"embeddable":true,"href":"https:\/\/animicaportraits.com\/fr\/wp-json\/wp\/v2\/comments?post=24094"}],"version-history":[{"count":0,"href":"https:\/\/animicaportraits.com\/fr\/wp-json\/wp\/v2\/product\/24094\/revisions"}],"wp:featuredmedia":[{"embeddable":true,"href":"https:\/\/animicaportraits.com\/fr\/wp-json\/wp\/v2\/media\/24039"}],"wp:attachment":[{"href":"https:\/\/animicaportraits.com\/fr\/wp-json\/wp\/v2\/media?parent=24094"}],"wp:term":[{"taxonomy":"attore","embeddable":true,"href":"https:\/\/animicaportraits.com\/fr\/wp-json\/wp\/v2\/attore?post=24094"},{"taxonomy":"product_brand","embeddable":true,"href":"https:\/\/animicaportraits.com\/fr\/wp-json\/wp\/v2\/product_brand?post=24094"},{"taxonomy":"product_cat","embeddable":true,"href":"https:\/\/animicaportraits.com\/fr\/wp-json\/wp\/v2\/product_cat?post=24094"},{"taxonomy":"product_tag","embeddable":true,"href":"https:\/\/animicaportraits.com\/fr\/wp-json\/wp\/v2\/product_tag?post=24094"},{"taxonomy":"giftcard-category","embeddable":true,"href":"https:\/\/animicaportraits.com\/fr\/wp-json\/wp\/v2\/giftcard-category?post=24094"}],"curies":[{"name":"wp","href":"https:\/\/api.w.org\/{rel}","templated":true}]}}