{"id":24155,"date":"2025-03-25T22:16:13","date_gmt":"2025-03-25T21:16:13","guid":{"rendered":"https:\/\/animicaportraits.com\/product\/helena\/"},"modified":"2025-03-25T22:16:13","modified_gmt":"2025-03-25T21:16:13","slug":"helena","status":"publish","type":"product","link":"https:\/\/animicaportraits.com\/fr\/produit\/helena\/","title":{"rendered":"Helena"},"content":{"rendered":"","protected":false},"excerpt":{"rendered":"<p>H\u00e9l\u00e8ne a re\u00e7u un bon cadeau de sa m\u00e8re, pour une exp\u00e9rience de portrait multisensoriel avec Barbara au studio Animica Art.<\/p>\n<p>Consacrez du temps \u00e0 vous-m\u00eame, laissez-vous tenter par la beaut\u00e9 de votre \u00eatre unique et pr\u00e9cieux, faites-vous photographier par un professionnel ; Arr\u00eater l&rsquo;ici et maintenant pour toujours est avant tout un acte de conscience et d&rsquo;amour de la vie.<\/p>\n<p>V\u00eatue de Nocturnal, H\u00e9l\u00e8ne brillait.<\/p>\n<p>23 mars 2025 Giudecca studio<\/p>\n<p><img fetchpriority=\"high\" decoding=\"async\" class=\"alignnone wp-image-24027 size-full\" src=\"https:\/\/animicaportraits.com\/wp-content\/uploads\/2025\/03\/eau-de-nuit-nocturnal-pauline-rochas.png\" alt=\"eau-de-nuit-nocturnal-pauline-rochas\" width=\"720\" height=\"720\" srcset=\"https:\/\/animicaportraits.com\/wp-content\/uploads\/2025\/03\/eau-de-nuit-nocturnal-pauline-rochas.png 720w, https:\/\/animicaportraits.com\/wp-content\/uploads\/2025\/03\/eau-de-nuit-nocturnal-pauline-rochas-300x300.png 300w, https:\/\/animicaportraits.com\/wp-content\/uploads\/2025\/03\/eau-de-nuit-nocturnal-pauline-rochas-100x100.png 100w, https:\/\/animicaportraits.com\/wp-content\/uploads\/2025\/03\/eau-de-nuit-nocturnal-pauline-rochas-600x600.png 600w, https:\/\/animicaportraits.com\/wp-content\/uploads\/2025\/03\/eau-de-nuit-nocturnal-pauline-rochas-150x150.png 150w\" sizes=\"(max-width: 720px) 100vw, 720px\" \/><\/p>\n","protected":false},"featured_media":24106,"comment_status":"open","ping_status":"closed","template":"","meta":{"_acf_changed":false},"attore":[],"product_brand":[],"product_cat":[230],"product_tag":[608,581,580,231],"giftcard-category":[],"class_list":{"0":"post-24155","1":"product","2":"type-product","3":"status-publish","4":"has-post-thumbnail","6":"product_cat-portraits-dexperience-multisensorielle","7":"product_tag-nocturnal-parfum-fr","8":"product_tag-pauline-rochas-essences-fr","9":"product_tag-portrait-photographique-multisensoriel","10":"product_tag-portraits-dexperience-multisensorielle","12":"first","13":"instock","14":"taxable","15":"shipping-taxable","16":"product-type-simple"},"acf":[],"_links":{"self":[{"href":"https:\/\/animicaportraits.com\/fr\/wp-json\/wp\/v2\/product\/24155","targetHints":{"allow":["GET"]}}],"collection":[{"href":"https:\/\/animicaportraits.com\/fr\/wp-json\/wp\/v2\/product"}],"about":[{"href":"https:\/\/animicaportraits.com\/fr\/wp-json\/wp\/v2\/types\/product"}],"replies":[{"embeddable":true,"href":"https:\/\/animicaportraits.com\/fr\/wp-json\/wp\/v2\/comments?post=24155"}],"version-history":[{"count":0,"href":"https:\/\/animicaportraits.com\/fr\/wp-json\/wp\/v2\/product\/24155\/revisions"}],"wp:featuredmedia":[{"embeddable":true,"href":"https:\/\/animicaportraits.com\/fr\/wp-json\/wp\/v2\/media\/24106"}],"wp:attachment":[{"href":"https:\/\/animicaportraits.com\/fr\/wp-json\/wp\/v2\/media?parent=24155"}],"wp:term":[{"taxonomy":"attore","embeddable":true,"href":"https:\/\/animicaportraits.com\/fr\/wp-json\/wp\/v2\/attore?post=24155"},{"taxonomy":"product_brand","embeddable":true,"href":"https:\/\/animicaportraits.com\/fr\/wp-json\/wp\/v2\/product_brand?post=24155"},{"taxonomy":"product_cat","embeddable":true,"href":"https:\/\/animicaportraits.com\/fr\/wp-json\/wp\/v2\/product_cat?post=24155"},{"taxonomy":"product_tag","embeddable":true,"href":"https:\/\/animicaportraits.com\/fr\/wp-json\/wp\/v2\/product_tag?post=24155"},{"taxonomy":"giftcard-category","embeddable":true,"href":"https:\/\/animicaportraits.com\/fr\/wp-json\/wp\/v2\/giftcard-category?post=24155"}],"curies":[{"name":"wp","href":"https:\/\/api.w.org\/{rel}","templated":true}]}}