{"id":24516,"date":"2025-04-11T01:19:28","date_gmt":"2025-04-10T23:19:28","guid":{"rendered":"https:\/\/animicaportraits.com\/product\/carte-postale-lux-art-et-nocturnal-parfum-pauline-rochas\/"},"modified":"2025-08-28T17:47:17","modified_gmt":"2025-08-28T15:47:17","slug":"carte-postale-lux-art-et-nocturnal-parfum-pauline-rochas","status":"publish","type":"product","link":"https:\/\/animicaportraits.com\/fr\/produit\/carte-postale-lux-art-et-nocturnal-parfum-pauline-rochas\/","title":{"rendered":"Carte Postale Lux Art et Nocturnal Parfum Pauline Rochas"},"content":{"rendered":"<p><strong>Carte postale Lux Art<\/strong><br \/>\nPhotographie d&rsquo;auteur par <em>Barbara Pigazzi<\/em>, imprim\u00e9e sur un support en m\u00e9tal pr\u00e9cieux certifi\u00e9 LUX ART CHROMALUXE MIRROR FINISH.<\/p>\n<p><strong>Format carte postale:<\/strong> 10&#215;15 cm, imprim\u00e9e sur support m\u00e9tallique certifi\u00e9 LUX ART ChromaLuxe, accompagn\u00e9e d&rsquo;une authentification par l&rsquo;auteur avec signature.<br \/>\nLien : Le Lagon Noir<\/p>\n<p><strong>Nuit. Disponible \u00e0 partir de f\u00e9vrier 2025. \u00c9dition limit\u00e9e. \u00c9lixir de parfum 50 ml:<\/strong><br \/>\nNocturnal est le dernier parfum de Pauline Rochas. Cette Eau de Nuit est une invitation \u00e0 s&rsquo;abandonner au charme de la nuit. Des murmures de s\u00e9duction, de myst\u00e8re et une touche de nature sauvage, laissant une impression sensuelle apr\u00e8s la tomb\u00e9e de la nuit. Parfois, la soir\u00e9e est douce. Parfois, il est temps d&rsquo;explorer la nature sauvage. Des notes riches et fum\u00e9es de cuir et d&rsquo;ambre introduisent une intensit\u00e9 animale et audacieuse, parfaite pour les cr\u00e9atures audacieuses de la nuit. La vanille et le musc ajoutent une touche irr\u00e9sistible : une touche gourmande qui rappelle les plaisirs h\u00e9donistes. Nocturnal est le doux frisson d&rsquo;une nuit qui pourrait aller n&rsquo;importe o\u00f9.<br \/>\nD\u00e9velopp\u00e9 avec Yann Vasnier<\/p>\n<p><strong>NOTES DE PARFUM:<\/strong><br \/>\nAccord daim, absolu vanille, muscs, ambre, bois de Georgy, safran, f\u00e8ve tonka, accord frangipanier.<\/p>\n","protected":false},"excerpt":{"rendered":"<p>Le parfum Nocturne de Pauline Rochas et l&rsquo;art d&rsquo;Animica<\/p>\n<p>Il est accompagn\u00e9 d&rsquo;un coffret LUX ART CHROMALUXE \u00e9vocateur de l&rsquo;auteur, finition MIROIR de l&rsquo;\u0153uvre \u00ab\u00a0Le Lagon Noir\u00a0\u00bb de 2020, certifi\u00e9 par l&rsquo;auteure Barbara Pigazzi et certifi\u00e9 CromaLuxe.<\/p>\n","protected":false},"featured_media":24507,"comment_status":"open","ping_status":"closed","template":"","meta":{"_acf_changed":false},"attore":[],"product_brand":[],"product_cat":[249],"product_tag":[262,626,676,95],"giftcard-category":[],"class_list":{"0":"post-24516","1":"product","2":"type-product","3":"status-publish","4":"has-post-thumbnail","6":"product_cat-ambiance-et-essence","7":"product_tag-ambiance-et-essence","8":"product_tag-le-lagon-noire","9":"product_tag-nocturnal-fr","10":"product_tag-pauline-rochas-fr","12":"first","13":"instock","14":"taxable","15":"shipping-taxable","16":"purchasable","17":"product-type-simple"},"acf":[],"_links":{"self":[{"href":"https:\/\/animicaportraits.com\/fr\/wp-json\/wp\/v2\/product\/24516","targetHints":{"allow":["GET"]}}],"collection":[{"href":"https:\/\/animicaportraits.com\/fr\/wp-json\/wp\/v2\/product"}],"about":[{"href":"https:\/\/animicaportraits.com\/fr\/wp-json\/wp\/v2\/types\/product"}],"replies":[{"embeddable":true,"href":"https:\/\/animicaportraits.com\/fr\/wp-json\/wp\/v2\/comments?post=24516"}],"version-history":[{"count":1,"href":"https:\/\/animicaportraits.com\/fr\/wp-json\/wp\/v2\/product\/24516\/revisions"}],"predecessor-version":[{"id":27958,"href":"https:\/\/animicaportraits.com\/fr\/wp-json\/wp\/v2\/product\/24516\/revisions\/27958"}],"wp:featuredmedia":[{"embeddable":true,"href":"https:\/\/animicaportraits.com\/fr\/wp-json\/wp\/v2\/media\/24507"}],"wp:attachment":[{"href":"https:\/\/animicaportraits.com\/fr\/wp-json\/wp\/v2\/media?parent=24516"}],"wp:term":[{"taxonomy":"attore","embeddable":true,"href":"https:\/\/animicaportraits.com\/fr\/wp-json\/wp\/v2\/attore?post=24516"},{"taxonomy":"product_brand","embeddable":true,"href":"https:\/\/animicaportraits.com\/fr\/wp-json\/wp\/v2\/product_brand?post=24516"},{"taxonomy":"product_cat","embeddable":true,"href":"https:\/\/animicaportraits.com\/fr\/wp-json\/wp\/v2\/product_cat?post=24516"},{"taxonomy":"product_tag","embeddable":true,"href":"https:\/\/animicaportraits.com\/fr\/wp-json\/wp\/v2\/product_tag?post=24516"},{"taxonomy":"giftcard-category","embeddable":true,"href":"https:\/\/animicaportraits.com\/fr\/wp-json\/wp\/v2\/giftcard-category?post=24516"}],"curies":[{"name":"wp","href":"https:\/\/api.w.org\/{rel}","templated":true}]}}