{"id":25255,"date":"2025-04-24T12:51:21","date_gmt":"2025-04-24T10:51:21","guid":{"rendered":"https:\/\/animicaportraits.com\/product\/le-pape-francois-salue-les-venitiens-lors-de-sa-visite-a-la-prison-de-la-giudecca-1\/"},"modified":"2025-04-26T16:08:42","modified_gmt":"2025-04-26T14:08:42","slug":"le-pape-francois-salue-les-venitiens-lors-de-sa-visite-a-la-prison-de-la-giudecca-1","status":"publish","type":"product","link":"https:\/\/animicaportraits.com\/fr\/produit\/le-pape-francois-salue-les-venitiens-lors-de-sa-visite-a-la-prison-de-la-giudecca-1\/","title":{"rendered":"Le pape Fran\u00e7ois salue les V\u00e9nitiens lors de sa visite \u00e0 la prison de la Giudecca. #1"},"content":{"rendered":"<p>Cette image, imprim\u00e9e \u00e0 l\u2019aide de la <em>technologie Chromaluxe<\/em> pour une brillance et une durabilit\u00e9 exceptionnelles, est plus qu\u2019une simple photographie : c\u2019est un symbole d\u2019espoir, d\u2019humilit\u00e9 et d\u2019amour inconditionnel. Chaque d\u00e9tail, chaque regard, chaque geste du pape Fran\u00e7ois est rendu avec une clart\u00e9 \u00e9tonnante, vous permettant de revivre ce jour sp\u00e9cial quand vous le souhaitez.<\/p>\n<p><em>\u00ab\u00a0Un hommage \u00e0 un homme extraordinaire, dont la pr\u00e9sence a apport\u00e9 r\u00e9confort et inspiration. Cette estampe est un tr\u00e9sor \u00e0 ch\u00e9rir, un rappel constant de la force de l\u2019humanit\u00e9 et de sa capacit\u00e9 \u00e0 trouver la lumi\u00e8re m\u00eame dans les endroits les plus sombres.\u00a0\u00bb<\/em><\/p>\n<p><strong>Pourquoi choisir cette impression Chromaluxe ?<\/strong><\/p>\n<p><strong>Qualit\u00e9 sup\u00e9rieure :<\/strong> la technologie Chromaluxe garantit des couleurs vives et une durabilit\u00e9 in\u00e9gal\u00e9e dans le temps.<br \/>\n<strong>Moment historique :<\/strong> Un rappel tangible d\u2019un \u00e9v\u00e9nement important, riche en signification \u00e9motionnelle.<br \/>\n<strong>Inspiration quotidienne :<\/strong> Une image qui parle au c\u0153ur, un rappel du pouvoir de l&rsquo;amour et de la compassion.<br \/>\n<strong>Cadeau pr\u00e9cieux :<\/strong> Parfait pour ceux qui appr\u00e9cient les moments de profonde humanit\u00e9 et souhaitent pr\u00e9server leur m\u00e9moire.<br \/>\nNe manquez pas votre chance de poss\u00e9der un morceau d\u2019histoire, une image qui parle \u00e0 l\u2019\u00e2me. Ajoutez cette impression \u00e0 votre collection ou offrez-la \u00e0 quelqu&rsquo;un que vous aimez, pour partager un message d&rsquo;espoir et d&rsquo;humanit\u00e9.<\/p>\n<p><strong><em>Achetez maintenant et emportez chez vous un souvenir \u00e9ternel !<\/em><\/strong><\/p>\n","protected":false},"excerpt":{"rendered":"<p>Venise &#8211; 28 AVRIL 2024 : Le pape Fran\u00e7ois salue les V\u00e9nitiens lors de sa visite \u00e0 la prison pour femmes de Giudecca le 28 avril 2024.<\/p>\n<p><strong>Un souvenir inoubliable : le pape Fran\u00e7ois en Giudecca, le 28 avril 2024<\/strong><\/p>\n<p>Pr\u00e9servez un moment historique et humain avec cette impression A4 Chromaluxe, capturant le pape Fran\u00e7ois lors de sa visite \u00e0 la prison pour femmes de l&rsquo;\u00eele de Giudecca, \u00e0 Venise, le 28 avril 2024.<\/p>\n<p><strong>Format :<\/strong> 21&#215;30 cm<br \/>\n<strong>\u00c9paisseur :<\/strong> 2 mm<br \/>\n<strong>Support d&rsquo;impression :<\/strong> Chromaluxe sur m\u00e9tal finition brillante<br \/>\n<strong>Authentification :<\/strong> Barbara Pigazzi<\/p>\n","protected":false},"featured_media":25347,"comment_status":"open","ping_status":"closed","template":"","meta":{"_acf_changed":false},"attore":[],"product_brand":[],"product_cat":[628],"product_tag":[632],"giftcard-category":[],"class_list":{"0":"post-25255","1":"product","2":"type-product","3":"status-publish","4":"has-post-thumbnail","6":"product_cat-pape-francois","7":"product_tag-pape-francois","9":"first","10":"instock","11":"purchasable","12":"product-type-simple"},"acf":[],"_links":{"self":[{"href":"https:\/\/animicaportraits.com\/fr\/wp-json\/wp\/v2\/product\/25255","targetHints":{"allow":["GET"]}}],"collection":[{"href":"https:\/\/animicaportraits.com\/fr\/wp-json\/wp\/v2\/product"}],"about":[{"href":"https:\/\/animicaportraits.com\/fr\/wp-json\/wp\/v2\/types\/product"}],"replies":[{"embeddable":true,"href":"https:\/\/animicaportraits.com\/fr\/wp-json\/wp\/v2\/comments?post=25255"}],"version-history":[{"count":2,"href":"https:\/\/animicaportraits.com\/fr\/wp-json\/wp\/v2\/product\/25255\/revisions"}],"predecessor-version":[{"id":25373,"href":"https:\/\/animicaportraits.com\/fr\/wp-json\/wp\/v2\/product\/25255\/revisions\/25373"}],"wp:featuredmedia":[{"embeddable":true,"href":"https:\/\/animicaportraits.com\/fr\/wp-json\/wp\/v2\/media\/25347"}],"wp:attachment":[{"href":"https:\/\/animicaportraits.com\/fr\/wp-json\/wp\/v2\/media?parent=25255"}],"wp:term":[{"taxonomy":"attore","embeddable":true,"href":"https:\/\/animicaportraits.com\/fr\/wp-json\/wp\/v2\/attore?post=25255"},{"taxonomy":"product_brand","embeddable":true,"href":"https:\/\/animicaportraits.com\/fr\/wp-json\/wp\/v2\/product_brand?post=25255"},{"taxonomy":"product_cat","embeddable":true,"href":"https:\/\/animicaportraits.com\/fr\/wp-json\/wp\/v2\/product_cat?post=25255"},{"taxonomy":"product_tag","embeddable":true,"href":"https:\/\/animicaportraits.com\/fr\/wp-json\/wp\/v2\/product_tag?post=25255"},{"taxonomy":"giftcard-category","embeddable":true,"href":"https:\/\/animicaportraits.com\/fr\/wp-json\/wp\/v2\/giftcard-category?post=25255"}],"curies":[{"name":"wp","href":"https:\/\/api.w.org\/{rel}","templated":true}]}}