{"id":25366,"date":"2025-04-25T19:20:01","date_gmt":"2025-04-25T17:20:01","guid":{"rendered":"https:\/\/animicaportraits.com\/product\/le-pape-francois-de-profil-depuis-le-canal-de-la-giudecca-5\/"},"modified":"2025-04-25T19:20:01","modified_gmt":"2025-04-25T17:20:01","slug":"le-pape-francois-de-profil-depuis-le-canal-de-la-giudecca-5","status":"publish","type":"product","link":"https:\/\/animicaportraits.com\/fr\/produit\/le-pape-francois-de-profil-depuis-le-canal-de-la-giudecca-5\/","title":{"rendered":"Le pape Fran\u00e7ois de profil depuis le canal de la Giudecca. #5"},"content":{"rendered":"<p>Imprim\u00e9e avec la technologie Chromaluxe pour une brillance et une durabilit\u00e9 exceptionnelles, cette image est plus qu&rsquo;une simple photographie\u00a0: c&rsquo;est un symbole d&rsquo;espoir, d&rsquo;humilit\u00e9 et d&rsquo;amour inconditionnel. Chaque d\u00e9tail, chaque regard, chaque geste du pape Fran\u00e7ois est rendu avec une clart\u00e9 \u00e9tonnante, vous permettant de revivre ce jour sp\u00e9cial quand vous le souhaitez.<\/p>\n<p><em>\u00ab\u00a0Un hommage \u00e0 un homme extraordinaire, dont la pr\u00e9sence a apport\u00e9 r\u00e9confort et inspiration. Ce tirage est un tr\u00e9sor \u00e0 ch\u00e9rir, un rappel constant de la force de l&rsquo;humanit\u00e9 et de la capacit\u00e9 \u00e0 trouver la lumi\u00e8re m\u00eame dans les endroits les plus sombres.\u00bb<\/em><\/p>\n<p><strong>Pourquoi choisir ce tirage Chromaluxe\u00a0?<\/strong><\/p>\n<p><strong>Qualit\u00e9 sup\u00e9rieure\u00a0:<\/strong> La technologie Chromaluxe garantit des couleurs vives et une durabilit\u00e9 in\u00e9gal\u00e9e dans le temps.<br \/>\n<strong>Instant historique\u00a0:<\/strong> Un souvenir tangible d&rsquo;un \u00e9v\u00e9nement important, riche en \u00e9motions.<br \/>\n<strong>Inspiration quotidienne\u00a0:<\/strong> Une image qui parle au c\u0153ur, un rappel du pouvoir de l&rsquo;amour et de la compassion.<br \/>\n<strong>Cadeau pr\u00e9cieux\u00a0:<\/strong> Parfait pour ceux qui appr\u00e9cient les moments d&rsquo;une profonde humanit\u00e9 et souhaitent pr\u00e9server leur souvenir.<br \/>\nNe manquez pas l&rsquo;occasion de poss\u00e9der un morceau d&rsquo;histoire, une image qui parle \u00e0 l&rsquo;\u00e2me. Ajoutez ce tirage \u00e0 votre collection ou offrez-le \u00e0 un \u00eatre cher pour partager un message d&rsquo;espoir et d&rsquo;humanit\u00e9.<\/p>\n<p><em><strong>Achetez-le maintenant et repartez avec un souvenir imp\u00e9rissable\u00a0!<\/strong><\/em><\/p>\n","protected":false},"excerpt":{"rendered":"<p>Venise &#8211; 28 AVRIL 2024 : Le pape Fran\u00e7ois de profil depuis le canal de la Giudecca.<\/p>\n<p><strong>Un souvenir inoubliable\u00a0: Le pape Fran\u00e7ois \u00e0 la Giudecca, le 28 avril 2024<\/strong><\/p>\n<p>Immortalisez un moment historique et humain avec ce tirage Chromaluxe A4, immortalisant le pape Fran\u00e7ois lors de sa visite \u00e0 la prison pour femmes de l&rsquo;\u00eele de la Giudecca, \u00e0 Venise, le 28 avril 2024.<\/p>\n<p><strong>Format\u00a0:<\/strong> 21\u00a0x\u00a030\u00a0cm (A4)<br \/>\n<strong>\u00c9paisseur\u00a0:<\/strong> 2\u00a0mm<br \/>\n<strong>Support d&rsquo;impression\u00a0:<\/strong> Chromaluxe sur m\u00e9tal finition brillante<br \/>\n<strong>Authentification\u00a0:<\/strong> Barbara Pigazzi<\/p>\n","protected":false},"featured_media":25315,"comment_status":"open","ping_status":"closed","template":"","meta":{"_acf_changed":false},"attore":[],"product_brand":[],"product_cat":[628],"product_tag":[632],"giftcard-category":[],"class_list":{"0":"post-25366","1":"product","2":"type-product","3":"status-publish","4":"has-post-thumbnail","6":"product_cat-pape-francois","7":"product_tag-pape-francois","9":"first","10":"instock","11":"taxable","12":"shipping-taxable","13":"purchasable","14":"product-type-simple"},"acf":[],"_links":{"self":[{"href":"https:\/\/animicaportraits.com\/fr\/wp-json\/wp\/v2\/product\/25366","targetHints":{"allow":["GET"]}}],"collection":[{"href":"https:\/\/animicaportraits.com\/fr\/wp-json\/wp\/v2\/product"}],"about":[{"href":"https:\/\/animicaportraits.com\/fr\/wp-json\/wp\/v2\/types\/product"}],"replies":[{"embeddable":true,"href":"https:\/\/animicaportraits.com\/fr\/wp-json\/wp\/v2\/comments?post=25366"}],"version-history":[{"count":0,"href":"https:\/\/animicaportraits.com\/fr\/wp-json\/wp\/v2\/product\/25366\/revisions"}],"wp:featuredmedia":[{"embeddable":true,"href":"https:\/\/animicaportraits.com\/fr\/wp-json\/wp\/v2\/media\/25315"}],"wp:attachment":[{"href":"https:\/\/animicaportraits.com\/fr\/wp-json\/wp\/v2\/media?parent=25366"}],"wp:term":[{"taxonomy":"attore","embeddable":true,"href":"https:\/\/animicaportraits.com\/fr\/wp-json\/wp\/v2\/attore?post=25366"},{"taxonomy":"product_brand","embeddable":true,"href":"https:\/\/animicaportraits.com\/fr\/wp-json\/wp\/v2\/product_brand?post=25366"},{"taxonomy":"product_cat","embeddable":true,"href":"https:\/\/animicaportraits.com\/fr\/wp-json\/wp\/v2\/product_cat?post=25366"},{"taxonomy":"product_tag","embeddable":true,"href":"https:\/\/animicaportraits.com\/fr\/wp-json\/wp\/v2\/product_tag?post=25366"},{"taxonomy":"giftcard-category","embeddable":true,"href":"https:\/\/animicaportraits.com\/fr\/wp-json\/wp\/v2\/giftcard-category?post=25366"}],"curies":[{"name":"wp","href":"https:\/\/api.w.org\/{rel}","templated":true}]}}