{"id":27545,"date":"2025-08-05T15:47:06","date_gmt":"2025-08-05T13:47:06","guid":{"rendered":"https:\/\/animicaportraits.com\/product\/caroline-harth\/"},"modified":"2025-09-14T16:56:25","modified_gmt":"2025-09-14T14:56:25","slug":"caroline-harth","status":"publish","type":"product","link":"https:\/\/animicaportraits.com\/fr\/produit\/caroline-harth\/","title":{"rendered":"Caroline Harth"},"content":{"rendered":"","protected":false},"excerpt":{"rendered":"<p><strong>Caroline Harth<\/strong>, fondatrice et PDG de Harthcommunications.<\/p>\n<p>La professionnelle <strong>Barbara Pigazzi<\/strong> a transform\u00e9 ce portrait en un voyage sensoriel en l&rsquo;associant au parfum <strong>Nocturnal<\/strong>, la derni\u00e8re fragrance de <strong>Pauline Rochas<\/strong>, cr\u00e9ant ainsi une connexion encore plus profonde avec le souvenir.<\/p>\n<p>Cette eau de nuit est une invitation \u00e0 s&rsquo;abandonner \u00e0 l&rsquo;attrait de la nuit, murmurant s\u00e9duction, myst\u00e8re et sensualit\u00e9. Des notes de cuir et d&rsquo;ambre apportent une intensit\u00e9 audacieuse.<\/p>\n<p>Une exp\u00e9rience f\u00e9minine unique, intime et authentique, \u00e0 travers la vision de l&rsquo;artiste.<br \/>\nMerci \u00e0 la belle <strong>Caroline<\/strong>, repr\u00e9sent\u00e9e ici dans son exp\u00e9rience multisensorielle.<\/p>\n<p><img fetchpriority=\"high\" decoding=\"async\" class=\"alignnone wp-image-24027 size-full\" src=\"https:\/\/animicaportraits.com\/wp-content\/uploads\/2025\/03\/eau-de-nuit-nocturnal-pauline-rochas.png\" alt=\"eau-de-nuit-nocturnal-pauline-rochas\" width=\"720\" height=\"720\" srcset=\"https:\/\/animicaportraits.com\/wp-content\/uploads\/2025\/03\/eau-de-nuit-nocturnal-pauline-rochas.png 720w, https:\/\/animicaportraits.com\/wp-content\/uploads\/2025\/03\/eau-de-nuit-nocturnal-pauline-rochas-300x300.png 300w, https:\/\/animicaportraits.com\/wp-content\/uploads\/2025\/03\/eau-de-nuit-nocturnal-pauline-rochas-100x100.png 100w, https:\/\/animicaportraits.com\/wp-content\/uploads\/2025\/03\/eau-de-nuit-nocturnal-pauline-rochas-600x600.png 600w, https:\/\/animicaportraits.com\/wp-content\/uploads\/2025\/03\/eau-de-nuit-nocturnal-pauline-rochas-150x150.png 150w\" sizes=\"(max-width: 720px) 100vw, 720px\" \/><\/p>\n<p>Link: <a href=\"https:\/\/animicaportraits.com\/fr\/produit\/carte-postale-lux-art-et-nocturnal-parfum-pauline-rochas\/\">Nocturnal Perfume<\/a><\/p>\n","protected":false},"featured_media":27497,"comment_status":"open","ping_status":"closed","template":"","meta":{"_acf_changed":false},"attore":[],"product_brand":[],"product_cat":[230],"product_tag":[675,676,231],"giftcard-category":[],"class_list":{"0":"post-27545","1":"product","2":"type-product","3":"status-publish","4":"has-post-thumbnail","6":"product_cat-portraits-dexperience-multisensorielle","7":"product_tag-caroline-harth-fr","8":"product_tag-nocturnal-fr","9":"product_tag-portraits-dexperience-multisensorielle","11":"first","12":"instock","13":"taxable","14":"shipping-taxable","15":"product-type-simple"},"acf":[],"_links":{"self":[{"href":"https:\/\/animicaportraits.com\/fr\/wp-json\/wp\/v2\/product\/27545","targetHints":{"allow":["GET"]}}],"collection":[{"href":"https:\/\/animicaportraits.com\/fr\/wp-json\/wp\/v2\/product"}],"about":[{"href":"https:\/\/animicaportraits.com\/fr\/wp-json\/wp\/v2\/types\/product"}],"replies":[{"embeddable":true,"href":"https:\/\/animicaportraits.com\/fr\/wp-json\/wp\/v2\/comments?post=27545"}],"version-history":[{"count":1,"href":"https:\/\/animicaportraits.com\/fr\/wp-json\/wp\/v2\/product\/27545\/revisions"}],"predecessor-version":[{"id":27961,"href":"https:\/\/animicaportraits.com\/fr\/wp-json\/wp\/v2\/product\/27545\/revisions\/27961"}],"wp:featuredmedia":[{"embeddable":true,"href":"https:\/\/animicaportraits.com\/fr\/wp-json\/wp\/v2\/media\/27497"}],"wp:attachment":[{"href":"https:\/\/animicaportraits.com\/fr\/wp-json\/wp\/v2\/media?parent=27545"}],"wp:term":[{"taxonomy":"attore","embeddable":true,"href":"https:\/\/animicaportraits.com\/fr\/wp-json\/wp\/v2\/attore?post=27545"},{"taxonomy":"product_brand","embeddable":true,"href":"https:\/\/animicaportraits.com\/fr\/wp-json\/wp\/v2\/product_brand?post=27545"},{"taxonomy":"product_cat","embeddable":true,"href":"https:\/\/animicaportraits.com\/fr\/wp-json\/wp\/v2\/product_cat?post=27545"},{"taxonomy":"product_tag","embeddable":true,"href":"https:\/\/animicaportraits.com\/fr\/wp-json\/wp\/v2\/product_tag?post=27545"},{"taxonomy":"giftcard-category","embeddable":true,"href":"https:\/\/animicaportraits.com\/fr\/wp-json\/wp\/v2\/giftcard-category?post=27545"}],"curies":[{"name":"wp","href":"https:\/\/api.w.org\/{rel}","templated":true}]}}