{"id":27565,"date":"2025-08-01T19:07:18","date_gmt":"2025-08-01T17:07:18","guid":{"rendered":"https:\/\/animicaportraits.com\/product\/chahan-minassian\/"},"modified":"2025-08-01T19:07:18","modified_gmt":"2025-08-01T17:07:18","slug":"chahan-minassian","status":"publish","type":"product","link":"https:\/\/animicaportraits.com\/fr\/produit\/chahan-minassian\/","title":{"rendered":"Chahan Minassian"},"content":{"rendered":"","protected":false},"excerpt":{"rendered":"<p><strong>Chahan Minassian<\/strong>, l&rsquo;un des plus grands architectes d&rsquo;int\u00e9rieur fran\u00e7ais de tous les temps.<\/p>\n<p>D&rsquo;origine arm\u00e9nienne, n\u00e9 au Liban, il vit \u00e0 Paris.<br \/>\nIl est consid\u00e9r\u00e9 comme l&rsquo;un des architectes d&rsquo;int\u00e9rieur parisiens les plus remarquables.<\/p>\n<p><a href=\"https:\/\/chahan.com\/\" target=\"_blank\" rel=\"noopener\">www.chahan.com<\/a><\/p>\n<p>Portrait avec son mari <strong>Richard Makin Poole<\/strong>, \u00e0 l&rsquo;int\u00e9rieur du Fortuny Palazzina sur l&rsquo;\u00eele de la Giudecca.<\/p>\n","protected":false},"featured_media":27410,"comment_status":"open","ping_status":"closed","template":"","meta":{"_acf_changed":false},"attore":[],"product_brand":[],"product_cat":[679],"product_tag":[680],"giftcard-category":[],"class_list":{"0":"post-27565","1":"product","2":"type-product","3":"status-publish","4":"has-post-thumbnail","6":"product_cat-visages-importants","7":"product_tag-chahan-minassian-fr","9":"first","10":"instock","11":"taxable","12":"shipping-taxable","13":"product-type-simple"},"acf":[],"_links":{"self":[{"href":"https:\/\/animicaportraits.com\/fr\/wp-json\/wp\/v2\/product\/27565","targetHints":{"allow":["GET"]}}],"collection":[{"href":"https:\/\/animicaportraits.com\/fr\/wp-json\/wp\/v2\/product"}],"about":[{"href":"https:\/\/animicaportraits.com\/fr\/wp-json\/wp\/v2\/types\/product"}],"replies":[{"embeddable":true,"href":"https:\/\/animicaportraits.com\/fr\/wp-json\/wp\/v2\/comments?post=27565"}],"version-history":[{"count":0,"href":"https:\/\/animicaportraits.com\/fr\/wp-json\/wp\/v2\/product\/27565\/revisions"}],"wp:featuredmedia":[{"embeddable":true,"href":"https:\/\/animicaportraits.com\/fr\/wp-json\/wp\/v2\/media\/27410"}],"wp:attachment":[{"href":"https:\/\/animicaportraits.com\/fr\/wp-json\/wp\/v2\/media?parent=27565"}],"wp:term":[{"taxonomy":"attore","embeddable":true,"href":"https:\/\/animicaportraits.com\/fr\/wp-json\/wp\/v2\/attore?post=27565"},{"taxonomy":"product_brand","embeddable":true,"href":"https:\/\/animicaportraits.com\/fr\/wp-json\/wp\/v2\/product_brand?post=27565"},{"taxonomy":"product_cat","embeddable":true,"href":"https:\/\/animicaportraits.com\/fr\/wp-json\/wp\/v2\/product_cat?post=27565"},{"taxonomy":"product_tag","embeddable":true,"href":"https:\/\/animicaportraits.com\/fr\/wp-json\/wp\/v2\/product_tag?post=27565"},{"taxonomy":"giftcard-category","embeddable":true,"href":"https:\/\/animicaportraits.com\/fr\/wp-json\/wp\/v2\/giftcard-category?post=27565"}],"curies":[{"name":"wp","href":"https:\/\/api.w.org\/{rel}","templated":true}]}}