{"id":27614,"date":"2025-08-01T17:10:30","date_gmt":"2025-08-01T15:10:30","guid":{"rendered":"https:\/\/animicaportraits.com\/product\/kenn-bailey\/"},"modified":"2025-08-01T17:10:30","modified_gmt":"2025-08-01T15:10:30","slug":"kenn-bailey","status":"publish","type":"product","link":"https:\/\/animicaportraits.com\/fr\/produit\/kenn-bailey\/","title":{"rendered":"Kenn Bailey"},"content":{"rendered":"","protected":false},"excerpt":{"rendered":"<p><strong>KENN BAILEY,<\/strong> saxophoniste et interpr\u00e8te anglais, est consid\u00e9r\u00e9 comme l&rsquo;un des talents \u00e9mergents de la sc\u00e8ne soul europ\u00e9enne.<\/p>\n<p>En 2021, Kenn a commenc\u00e9 l&rsquo;\u00e9criture de son premier album solo, <strong>*STORM<\/strong>*, une performance musicale narrative cr\u00e9\u00e9e au c\u0153ur de la lagune sud de Venise. Certaines photos ont \u00e9t\u00e9 prises dans <strong>l&rsquo;atelier de Barbara Pigazzi<\/strong>, au Palazzo Gradenigo \u00e0 Piove di Sacco.<\/p>\n","protected":false},"featured_media":27364,"comment_status":"open","ping_status":"closed","template":"","meta":{"_acf_changed":false},"attore":[],"product_brand":[],"product_cat":[679],"product_tag":[688],"giftcard-category":[],"class_list":{"0":"post-27614","1":"product","2":"type-product","3":"status-publish","4":"has-post-thumbnail","6":"product_cat-visages-importants","7":"product_tag-kenn-bailey-fr","9":"first","10":"instock","11":"taxable","12":"shipping-taxable","13":"product-type-simple"},"acf":[],"_links":{"self":[{"href":"https:\/\/animicaportraits.com\/fr\/wp-json\/wp\/v2\/product\/27614","targetHints":{"allow":["GET"]}}],"collection":[{"href":"https:\/\/animicaportraits.com\/fr\/wp-json\/wp\/v2\/product"}],"about":[{"href":"https:\/\/animicaportraits.com\/fr\/wp-json\/wp\/v2\/types\/product"}],"replies":[{"embeddable":true,"href":"https:\/\/animicaportraits.com\/fr\/wp-json\/wp\/v2\/comments?post=27614"}],"version-history":[{"count":0,"href":"https:\/\/animicaportraits.com\/fr\/wp-json\/wp\/v2\/product\/27614\/revisions"}],"wp:featuredmedia":[{"embeddable":true,"href":"https:\/\/animicaportraits.com\/fr\/wp-json\/wp\/v2\/media\/27364"}],"wp:attachment":[{"href":"https:\/\/animicaportraits.com\/fr\/wp-json\/wp\/v2\/media?parent=27614"}],"wp:term":[{"taxonomy":"attore","embeddable":true,"href":"https:\/\/animicaportraits.com\/fr\/wp-json\/wp\/v2\/attore?post=27614"},{"taxonomy":"product_brand","embeddable":true,"href":"https:\/\/animicaportraits.com\/fr\/wp-json\/wp\/v2\/product_brand?post=27614"},{"taxonomy":"product_cat","embeddable":true,"href":"https:\/\/animicaportraits.com\/fr\/wp-json\/wp\/v2\/product_cat?post=27614"},{"taxonomy":"product_tag","embeddable":true,"href":"https:\/\/animicaportraits.com\/fr\/wp-json\/wp\/v2\/product_tag?post=27614"},{"taxonomy":"giftcard-category","embeddable":true,"href":"https:\/\/animicaportraits.com\/fr\/wp-json\/wp\/v2\/giftcard-category?post=27614"}],"curies":[{"name":"wp","href":"https:\/\/api.w.org\/{rel}","templated":true}]}}