{"id":27619,"date":"2025-08-01T14:26:17","date_gmt":"2025-08-01T12:26:17","guid":{"rendered":"https:\/\/animicaportraits.com\/product\/pinhdar-band\/"},"modified":"2025-08-01T14:26:17","modified_gmt":"2025-08-01T12:26:17","slug":"pinhdar-band","status":"publish","type":"product","link":"https:\/\/animicaportraits.com\/fr\/produit\/pinhdar-band\/","title":{"rendered":"PINHDAR BAND"},"content":{"rendered":"","protected":false},"excerpt":{"rendered":"<p><strong>PINHDAR, Band.<\/strong> Duo milanais compos\u00e9 de la chanteuse Cecilia Miradoli et du guitariste\/producteur Max Terenzi. <strong>*Cr\u00e9ateurs de r\u00e9alit\u00e9s parall\u00e8les*<\/strong> Album Parallel.<br \/>\nPortrait pris au studio milanais le 9 avril 2021.<\/p>\n<p><strong>website:<\/strong> <a href=\"https:\/\/pinhdar.com\/\" target=\"_blank\" rel=\"noopener\">pinhdar.com<\/a><\/p>\n","protected":false},"featured_media":27399,"comment_status":"open","ping_status":"closed","template":"","meta":{"_acf_changed":false},"attore":[],"product_brand":[],"product_cat":[679],"product_tag":[692],"giftcard-category":[],"class_list":{"0":"post-27619","1":"product","2":"type-product","3":"status-publish","4":"has-post-thumbnail","6":"product_cat-visages-importants","7":"product_tag-pinhdar-band-fr","9":"first","10":"instock","11":"taxable","12":"shipping-taxable","13":"product-type-simple"},"acf":[],"_links":{"self":[{"href":"https:\/\/animicaportraits.com\/fr\/wp-json\/wp\/v2\/product\/27619","targetHints":{"allow":["GET"]}}],"collection":[{"href":"https:\/\/animicaportraits.com\/fr\/wp-json\/wp\/v2\/product"}],"about":[{"href":"https:\/\/animicaportraits.com\/fr\/wp-json\/wp\/v2\/types\/product"}],"replies":[{"embeddable":true,"href":"https:\/\/animicaportraits.com\/fr\/wp-json\/wp\/v2\/comments?post=27619"}],"version-history":[{"count":0,"href":"https:\/\/animicaportraits.com\/fr\/wp-json\/wp\/v2\/product\/27619\/revisions"}],"wp:featuredmedia":[{"embeddable":true,"href":"https:\/\/animicaportraits.com\/fr\/wp-json\/wp\/v2\/media\/27399"}],"wp:attachment":[{"href":"https:\/\/animicaportraits.com\/fr\/wp-json\/wp\/v2\/media?parent=27619"}],"wp:term":[{"taxonomy":"attore","embeddable":true,"href":"https:\/\/animicaportraits.com\/fr\/wp-json\/wp\/v2\/attore?post=27619"},{"taxonomy":"product_brand","embeddable":true,"href":"https:\/\/animicaportraits.com\/fr\/wp-json\/wp\/v2\/product_brand?post=27619"},{"taxonomy":"product_cat","embeddable":true,"href":"https:\/\/animicaportraits.com\/fr\/wp-json\/wp\/v2\/product_cat?post=27619"},{"taxonomy":"product_tag","embeddable":true,"href":"https:\/\/animicaportraits.com\/fr\/wp-json\/wp\/v2\/product_tag?post=27619"},{"taxonomy":"giftcard-category","embeddable":true,"href":"https:\/\/animicaportraits.com\/fr\/wp-json\/wp\/v2\/giftcard-category?post=27619"}],"curies":[{"name":"wp","href":"https:\/\/api.w.org\/{rel}","templated":true}]}}