{"id":27857,"date":"2025-08-01T20:00:21","date_gmt":"2025-08-01T18:00:21","guid":{"rendered":"https:\/\/animicaportraits.com\/product\/sigrid-de-montrond\/"},"modified":"2025-12-03T10:03:04","modified_gmt":"2025-12-03T09:03:04","slug":"sigrid-de-montrond","status":"publish","type":"product","link":"https:\/\/animicaportraits.com\/fr\/produit\/sigrid-de-montrond\/","title":{"rendered":"Sigrid De Montrond"},"content":{"rendered":"","protected":false},"excerpt":{"rendered":"<p>SIGRID DE MONTROND<\/p>\n<p>Son travail \u00e0 Venise consiste \u00e0 redonner vie \u00e0 des pi\u00e8ces anciennes et oubli\u00e9es de verre de Murano, transformant lustres et autres objets en \u0153uvres d&rsquo;art uniques. Avec l&rsquo;\u0153il d&rsquo;une cr\u00e9atrice de costumes et une approche de galerie intuitive, Sigrid de Montrond red\u00e9couvre des fragments de verre abandonn\u00e9s dans les entrep\u00f4ts des ma\u00eetres verriers de Murano et les r\u00e9assemble avec pr\u00e9cision et cr\u00e9ativit\u00e9, cr\u00e9ant ainsi de nouvelles lampes, cand\u00e9labres et bijoux.<\/p>\n<p>L&rsquo;Atelier Visconti, sa galerie d&rsquo;art, est situ\u00e9e \u00e0 Paris, mais son c\u0153ur battant bat \u00e9galement \u00e0 Venise, dans le magnifique Palazzo Bragadin, une demeure du XVe si\u00e8cle. Achet\u00e9 en 2003, le palais a \u00e9t\u00e9 m\u00e9ticuleusement restaur\u00e9 par Sigrid et son mari, l&rsquo;architecte Xavier de Montrond. Ensemble, ils forment un duo dynamique qui a su redonner toute sa splendeur \u00e0 ce b\u00e2timent historique, qui abrite aujourd&rsquo;hui le si\u00e8ge v\u00e9nitien de l&rsquo;Atelier Visconti et divers \u00e9v\u00e9nements artistiques.<\/p>\n","protected":false},"featured_media":27830,"comment_status":"open","ping_status":"closed","template":"","meta":{"_acf_changed":false},"attore":[],"product_brand":[],"product_cat":[679],"product_tag":[695],"giftcard-category":[],"class_list":{"0":"post-27857","1":"product","2":"type-product","3":"status-publish","4":"has-post-thumbnail","6":"product_cat-visages-importants","7":"product_tag-sigrid-de-montrond-fr","9":"first","10":"instock","11":"taxable","12":"shipping-taxable","13":"product-type-simple"},"acf":[],"_links":{"self":[{"href":"https:\/\/animicaportraits.com\/fr\/wp-json\/wp\/v2\/product\/27857","targetHints":{"allow":["GET"]}}],"collection":[{"href":"https:\/\/animicaportraits.com\/fr\/wp-json\/wp\/v2\/product"}],"about":[{"href":"https:\/\/animicaportraits.com\/fr\/wp-json\/wp\/v2\/types\/product"}],"replies":[{"embeddable":true,"href":"https:\/\/animicaportraits.com\/fr\/wp-json\/wp\/v2\/comments?post=27857"}],"version-history":[{"count":0,"href":"https:\/\/animicaportraits.com\/fr\/wp-json\/wp\/v2\/product\/27857\/revisions"}],"wp:featuredmedia":[{"embeddable":true,"href":"https:\/\/animicaportraits.com\/fr\/wp-json\/wp\/v2\/media\/27830"}],"wp:attachment":[{"href":"https:\/\/animicaportraits.com\/fr\/wp-json\/wp\/v2\/media?parent=27857"}],"wp:term":[{"taxonomy":"attore","embeddable":true,"href":"https:\/\/animicaportraits.com\/fr\/wp-json\/wp\/v2\/attore?post=27857"},{"taxonomy":"product_brand","embeddable":true,"href":"https:\/\/animicaportraits.com\/fr\/wp-json\/wp\/v2\/product_brand?post=27857"},{"taxonomy":"product_cat","embeddable":true,"href":"https:\/\/animicaportraits.com\/fr\/wp-json\/wp\/v2\/product_cat?post=27857"},{"taxonomy":"product_tag","embeddable":true,"href":"https:\/\/animicaportraits.com\/fr\/wp-json\/wp\/v2\/product_tag?post=27857"},{"taxonomy":"giftcard-category","embeddable":true,"href":"https:\/\/animicaportraits.com\/fr\/wp-json\/wp\/v2\/giftcard-category?post=27857"}],"curies":[{"name":"wp","href":"https:\/\/api.w.org\/{rel}","templated":true}]}}