{"id":27871,"date":"2025-08-07T17:35:18","date_gmt":"2025-08-07T15:35:18","guid":{"rendered":"https:\/\/animicaportraits.com\/product\/maria-grazia-rosin\/"},"modified":"2025-08-07T17:35:18","modified_gmt":"2025-08-07T15:35:18","slug":"maria-grazia-rosin","status":"publish","type":"product","link":"https:\/\/animicaportraits.com\/fr\/produit\/maria-grazia-rosin\/","title":{"rendered":"Maria Grazia Rosin"},"content":{"rendered":"","protected":false},"excerpt":{"rendered":"<p>MARIA GRAZIA ROSIN<\/p>\n<p><strong>Maria Grazia Rosin<\/strong> (n\u00e9e en 1958) est une artiste verri\u00e8re italienne. Ses \u0153uvres font partie des <strong>collections permanentes du Corning Museum of Glass de New York, du Carnegie Museum of Art de Pittsburgh, du Kunst Museum de D\u00fcsseldorf et du Mus\u00e9e du Verre de Murano, en Italie.<\/strong><\/p>\n<p>N\u00e9e \u00e0 Cortina d&rsquo;Ampezzo, en Italie, Rosin a \u00e9tudi\u00e9 \u00e0 l&rsquo;Istituto d&rsquo;Arte di Cortina. En 1979, elle s&rsquo;installe \u00e0 Venise, o\u00f9 elle \u00e9tudie aupr\u00e8s d&rsquo;Emilio Vedova \u00e0 l&rsquo;Acad\u00e9mie des Beaux-Arts, dont elle sort dipl\u00f4m\u00e9e en 1983.<\/p>\n<p>Apr\u00e8s ses \u00e9tudes, Rosin se consacre d&rsquo;abord \u00e0 la peinture et travaille \u00e9galement dans le graphisme, la publicit\u00e9 et le design. Sa passion pour le verre s&rsquo;est toutefois d\u00e9velopp\u00e9e au fil du temps et, depuis 1994, elle se consacre presque exclusivement \u00e0 ce mat\u00e9riau.<\/p>\n<p>Sa transition vers le verre s&rsquo;est op\u00e9r\u00e9e gr\u00e2ce \u00e0 sa collaboration avec<strong> la Fondation Bevilacqua La Masa en 1992,<\/strong> o\u00f9 il a exp\u00e9riment\u00e9 des \u0153uvres en verre cr\u00e9\u00e9es avec l&rsquo;\u00e9cole de Murano. Ses \u0153uvres sont connues pour allier les techniques artisanales ancestrales des ma\u00eetres verriers de Murano \u00e0 l&rsquo;utilisation de technologies complexes, telles que le contr\u00f4le de la lumi\u00e8re, des images et des sons \u00e9lectroniques, cr\u00e9ant ainsi des installations immersives et multisensorielles.<\/p>\n<p>Ses cr\u00e9ations, souvent caract\u00e9ris\u00e9es par des formes organiques et inspir\u00e9es du monde sous-marin, offrent un \u00e9quilibre entre art et design. Parmi ses \u0153uvres les plus marquantes figurent les lustres du<strong> restaurant de la Scala de Milan,<\/strong> command\u00e9s en 2005.<\/p>\n<p>Il a particip\u00e9 \u00e0 de nombreuses expositions personnelles et collectives en Italie et \u00e0 l&rsquo;\u00e9tranger, et ses \u0153uvres font partie d&rsquo;importantes collections permanentes. Outre celles d\u00e9j\u00e0 mentionn\u00e9es, elles sont \u00e9galement conserv\u00e9es au <strong>Mus\u00e9e d&rsquo;art d&rsquo;Indianapolis et au Mus\u00e9e des beaux-arts de Montr\u00e9al.<\/strong><\/p>\n","protected":false},"featured_media":27861,"comment_status":"open","ping_status":"closed","template":"","meta":{"_acf_changed":false},"attore":[],"product_brand":[],"product_cat":[679],"product_tag":[698],"giftcard-category":[],"class_list":{"0":"post-27871","1":"product","2":"type-product","3":"status-publish","4":"has-post-thumbnail","6":"product_cat-visages-importants","7":"product_tag-maria-grazia-rosin-fr","9":"first","10":"instock","11":"taxable","12":"shipping-taxable","13":"product-type-simple"},"acf":[],"_links":{"self":[{"href":"https:\/\/animicaportraits.com\/fr\/wp-json\/wp\/v2\/product\/27871","targetHints":{"allow":["GET"]}}],"collection":[{"href":"https:\/\/animicaportraits.com\/fr\/wp-json\/wp\/v2\/product"}],"about":[{"href":"https:\/\/animicaportraits.com\/fr\/wp-json\/wp\/v2\/types\/product"}],"replies":[{"embeddable":true,"href":"https:\/\/animicaportraits.com\/fr\/wp-json\/wp\/v2\/comments?post=27871"}],"version-history":[{"count":0,"href":"https:\/\/animicaportraits.com\/fr\/wp-json\/wp\/v2\/product\/27871\/revisions"}],"wp:featuredmedia":[{"embeddable":true,"href":"https:\/\/animicaportraits.com\/fr\/wp-json\/wp\/v2\/media\/27861"}],"wp:attachment":[{"href":"https:\/\/animicaportraits.com\/fr\/wp-json\/wp\/v2\/media?parent=27871"}],"wp:term":[{"taxonomy":"attore","embeddable":true,"href":"https:\/\/animicaportraits.com\/fr\/wp-json\/wp\/v2\/attore?post=27871"},{"taxonomy":"product_brand","embeddable":true,"href":"https:\/\/animicaportraits.com\/fr\/wp-json\/wp\/v2\/product_brand?post=27871"},{"taxonomy":"product_cat","embeddable":true,"href":"https:\/\/animicaportraits.com\/fr\/wp-json\/wp\/v2\/product_cat?post=27871"},{"taxonomy":"product_tag","embeddable":true,"href":"https:\/\/animicaportraits.com\/fr\/wp-json\/wp\/v2\/product_tag?post=27871"},{"taxonomy":"giftcard-category","embeddable":true,"href":"https:\/\/animicaportraits.com\/fr\/wp-json\/wp\/v2\/giftcard-category?post=27871"}],"curies":[{"name":"wp","href":"https:\/\/api.w.org\/{rel}","templated":true}]}}