{"id":28148,"date":"2025-08-21T16:49:26","date_gmt":"2025-08-21T14:49:26","guid":{"rendered":"https:\/\/animicaportraits.com\/product\/portrait-de-famille-generationnel\/"},"modified":"2025-08-21T16:49:26","modified_gmt":"2025-08-21T14:49:26","slug":"portrait-de-famille-generationnel","status":"publish","type":"product","link":"https:\/\/animicaportraits.com\/fr\/produit\/portrait-de-famille-generationnel\/","title":{"rendered":"Portrait de famille g\u00e9n\u00e9rationnel"},"content":{"rendered":"","protected":false},"excerpt":{"rendered":"<p><strong>Roman<\/strong> avec ses fils <strong>Jasper<\/strong> et <strong>Gaston<\/strong>, ainsi que leur <strong>p\u00e8re<\/strong>.<br \/>\nPortrait r\u00e9alis\u00e9 en France pour <em>la F\u00eate des P\u00e8res<\/em>, le 17 juin 2025, \u00e0 La Ciotat, lors de <strong>l&rsquo;\u00e9v\u00e9nement portraits pop-up<\/strong>\u00a0de la Maison du Capitaine.<\/p>\n","protected":false},"featured_media":28120,"comment_status":"open","ping_status":"closed","template":"","meta":{"_acf_changed":false},"attore":[],"product_brand":[],"product_cat":[68],"product_tag":[563,619,69],"giftcard-category":[],"class_list":{"0":"post-28148","1":"product","2":"type-product","3":"status-publish","4":"has-post-thumbnail","6":"product_cat-portraits-de-famille","7":"product_tag-famille","8":"product_tag-photographie-de-portrait-de-famille","9":"product_tag-portraits-de-famille","11":"first","12":"instock","13":"taxable","14":"shipping-taxable","15":"product-type-simple"},"acf":[],"_links":{"self":[{"href":"https:\/\/animicaportraits.com\/fr\/wp-json\/wp\/v2\/product\/28148","targetHints":{"allow":["GET"]}}],"collection":[{"href":"https:\/\/animicaportraits.com\/fr\/wp-json\/wp\/v2\/product"}],"about":[{"href":"https:\/\/animicaportraits.com\/fr\/wp-json\/wp\/v2\/types\/product"}],"replies":[{"embeddable":true,"href":"https:\/\/animicaportraits.com\/fr\/wp-json\/wp\/v2\/comments?post=28148"}],"version-history":[{"count":0,"href":"https:\/\/animicaportraits.com\/fr\/wp-json\/wp\/v2\/product\/28148\/revisions"}],"wp:featuredmedia":[{"embeddable":true,"href":"https:\/\/animicaportraits.com\/fr\/wp-json\/wp\/v2\/media\/28120"}],"wp:attachment":[{"href":"https:\/\/animicaportraits.com\/fr\/wp-json\/wp\/v2\/media?parent=28148"}],"wp:term":[{"taxonomy":"attore","embeddable":true,"href":"https:\/\/animicaportraits.com\/fr\/wp-json\/wp\/v2\/attore?post=28148"},{"taxonomy":"product_brand","embeddable":true,"href":"https:\/\/animicaportraits.com\/fr\/wp-json\/wp\/v2\/product_brand?post=28148"},{"taxonomy":"product_cat","embeddable":true,"href":"https:\/\/animicaportraits.com\/fr\/wp-json\/wp\/v2\/product_cat?post=28148"},{"taxonomy":"product_tag","embeddable":true,"href":"https:\/\/animicaportraits.com\/fr\/wp-json\/wp\/v2\/product_tag?post=28148"},{"taxonomy":"giftcard-category","embeddable":true,"href":"https:\/\/animicaportraits.com\/fr\/wp-json\/wp\/v2\/giftcard-category?post=28148"}],"curies":[{"name":"wp","href":"https:\/\/api.w.org\/{rel}","templated":true}]}}