{"id":28834,"date":"2025-09-24T14:53:01","date_gmt":"2025-09-24T12:53:01","guid":{"rendered":"https:\/\/animicaportraits.com\/product\/marc-jacobs-et-sofia-coppola\/"},"modified":"2025-09-24T14:53:01","modified_gmt":"2025-09-24T12:53:01","slug":"marc-jacobs-et-sofia-coppola","status":"publish","type":"product","link":"https:\/\/animicaportraits.com\/fr\/produit\/marc-jacobs-et-sofia-coppola\/","title":{"rendered":"Marc Jacobs et Sofia Coppola"},"content":{"rendered":"","protected":false},"excerpt":{"rendered":"<p>MARC JACOBS (n\u00e9 le 9 avril 1963) est un cr\u00e9ateur de mode am\u00e9ricain.<br \/>\nIl est le directeur artistique de sa propre marque, MARC JACOBS, et anciennement Marc by MARC JACOBS, une ligne de pr\u00eat-\u00e0-porter produite pendant environ 15 ans.<br \/>\nJacobs figurait en 2010 sur la liste des 50 hommes gays les plus influents d&rsquo;Am\u00e9rique \u00e9tablie par le magazine TIME.<br \/>\nIl a \u00e9pous\u00e9 sa compagne de longue date, Charly Defrancesco, le 6 avril 2019.<\/p>\n<p>Au Festival du Film de Venise, Sofia Coppola pr\u00e9sente son premier documentaire, hors comp\u00e9tition, consacr\u00e9 \u00e0 leurs 30 ans d&rsquo;amiti\u00e9.<br \/>\nTitre du documentaire\u00a0: Marc (Jacobs) par Sofia (Coppola), l&rsquo;histoire d&rsquo;une amiti\u00e9.<br \/>\nUne d\u00e9dicace \u00e0 la vie et \u00e0 la carri\u00e8re du cr\u00e9ateur de mode.<br \/>\nDes amiti\u00e9s aussi sinc\u00e8res et authentiques dans la mode sont extr\u00eamement rares et pr\u00e9cieuses dans les histoires intimes.<\/p>\n<p>Ils se sont rencontr\u00e9s en 1992, alors que Marc \u00e9tait le cr\u00e9ateur \u00e9mergent le plus suivi aux \u00c9tats-Unis.<br \/>\nParmi ses fans les plus fervents figurait Sofia, photographi\u00e9e portant ses v\u00eatements.<br \/>\nCe fut un v\u00e9ritable coup de foudre platonique.<\/p>\n","protected":false},"featured_media":28771,"comment_status":"open","ping_status":"closed","template":"","meta":{"_acf_changed":false},"attore":[],"product_brand":[],"product_cat":[679],"product_tag":[726],"giftcard-category":[],"class_list":{"0":"post-28834","1":"product","2":"type-product","3":"status-publish","4":"has-post-thumbnail","6":"product_cat-visages-importants","7":"product_tag-marc-jacobs-fr","9":"first","10":"instock","11":"taxable","12":"shipping-taxable","13":"product-type-simple"},"acf":[],"_links":{"self":[{"href":"https:\/\/animicaportraits.com\/fr\/wp-json\/wp\/v2\/product\/28834","targetHints":{"allow":["GET"]}}],"collection":[{"href":"https:\/\/animicaportraits.com\/fr\/wp-json\/wp\/v2\/product"}],"about":[{"href":"https:\/\/animicaportraits.com\/fr\/wp-json\/wp\/v2\/types\/product"}],"replies":[{"embeddable":true,"href":"https:\/\/animicaportraits.com\/fr\/wp-json\/wp\/v2\/comments?post=28834"}],"version-history":[{"count":0,"href":"https:\/\/animicaportraits.com\/fr\/wp-json\/wp\/v2\/product\/28834\/revisions"}],"wp:featuredmedia":[{"embeddable":true,"href":"https:\/\/animicaportraits.com\/fr\/wp-json\/wp\/v2\/media\/28771"}],"wp:attachment":[{"href":"https:\/\/animicaportraits.com\/fr\/wp-json\/wp\/v2\/media?parent=28834"}],"wp:term":[{"taxonomy":"attore","embeddable":true,"href":"https:\/\/animicaportraits.com\/fr\/wp-json\/wp\/v2\/attore?post=28834"},{"taxonomy":"product_brand","embeddable":true,"href":"https:\/\/animicaportraits.com\/fr\/wp-json\/wp\/v2\/product_brand?post=28834"},{"taxonomy":"product_cat","embeddable":true,"href":"https:\/\/animicaportraits.com\/fr\/wp-json\/wp\/v2\/product_cat?post=28834"},{"taxonomy":"product_tag","embeddable":true,"href":"https:\/\/animicaportraits.com\/fr\/wp-json\/wp\/v2\/product_tag?post=28834"},{"taxonomy":"giftcard-category","embeddable":true,"href":"https:\/\/animicaportraits.com\/fr\/wp-json\/wp\/v2\/giftcard-category?post=28834"}],"curies":[{"name":"wp","href":"https:\/\/api.w.org\/{rel}","templated":true}]}}