{"id":28935,"date":"2025-10-03T20:08:09","date_gmt":"2025-10-03T18:08:09","guid":{"rendered":"https:\/\/animicaportraits.com\/product\/maman-vanessa-nadir-et-christian\/"},"modified":"2025-10-03T20:08:09","modified_gmt":"2025-10-03T18:08:09","slug":"maman-vanessa-nadir-et-christian","status":"publish","type":"product","link":"https:\/\/animicaportraits.com\/fr\/produit\/maman-vanessa-nadir-et-christian\/","title":{"rendered":"Maman Vanessa, Nadir et Christian."},"content":{"rendered":"","protected":false},"excerpt":{"rendered":"<p>Cette magnifique <strong>s\u00e9rie de portraits<\/strong> capture <em>l&rsquo;amour pur et vibrant d&rsquo;une famille.<\/em><\/p>\n<p>Ce fut un moment pr\u00e9cieux de complicit\u00e9 et de joie. <strong>Vanessa<\/strong> a choisi d&rsquo;immortaliser le temps, c\u00e9l\u00e9brant le lien unique qui la unit \u00e0 ses deux fils, <strong>Nadir<\/strong> et <strong>Christian<\/strong>.<\/p>\n<p>Ces clich\u00e9s ne sont pas de simples images, mais de v\u00e9ritables ponts \u00e9motionnels, destin\u00e9s \u00e0 voyager loin\u00a0: ils seront envoy\u00e9s \u00e0 leurs <strong>grands-parents au Mexique,<\/strong> porteurs d&rsquo;une \u00e9treinte tangible au-del\u00e0 des distances.<\/p>\n","protected":false},"featured_media":28916,"comment_status":"open","ping_status":"closed","template":"","meta":{"_acf_changed":false},"attore":[],"product_brand":[],"product_cat":[68],"product_tag":[619],"giftcard-category":[],"class_list":{"0":"post-28935","1":"product","2":"type-product","3":"status-publish","4":"has-post-thumbnail","6":"product_cat-portraits-de-famille","7":"product_tag-photographie-de-portrait-de-famille","9":"first","10":"instock","11":"taxable","12":"shipping-taxable","13":"product-type-simple"},"acf":[],"_links":{"self":[{"href":"https:\/\/animicaportraits.com\/fr\/wp-json\/wp\/v2\/product\/28935","targetHints":{"allow":["GET"]}}],"collection":[{"href":"https:\/\/animicaportraits.com\/fr\/wp-json\/wp\/v2\/product"}],"about":[{"href":"https:\/\/animicaportraits.com\/fr\/wp-json\/wp\/v2\/types\/product"}],"replies":[{"embeddable":true,"href":"https:\/\/animicaportraits.com\/fr\/wp-json\/wp\/v2\/comments?post=28935"}],"version-history":[{"count":0,"href":"https:\/\/animicaportraits.com\/fr\/wp-json\/wp\/v2\/product\/28935\/revisions"}],"wp:featuredmedia":[{"embeddable":true,"href":"https:\/\/animicaportraits.com\/fr\/wp-json\/wp\/v2\/media\/28916"}],"wp:attachment":[{"href":"https:\/\/animicaportraits.com\/fr\/wp-json\/wp\/v2\/media?parent=28935"}],"wp:term":[{"taxonomy":"attore","embeddable":true,"href":"https:\/\/animicaportraits.com\/fr\/wp-json\/wp\/v2\/attore?post=28935"},{"taxonomy":"product_brand","embeddable":true,"href":"https:\/\/animicaportraits.com\/fr\/wp-json\/wp\/v2\/product_brand?post=28935"},{"taxonomy":"product_cat","embeddable":true,"href":"https:\/\/animicaportraits.com\/fr\/wp-json\/wp\/v2\/product_cat?post=28935"},{"taxonomy":"product_tag","embeddable":true,"href":"https:\/\/animicaportraits.com\/fr\/wp-json\/wp\/v2\/product_tag?post=28935"},{"taxonomy":"giftcard-category","embeddable":true,"href":"https:\/\/animicaportraits.com\/fr\/wp-json\/wp\/v2\/giftcard-category?post=28935"}],"curies":[{"name":"wp","href":"https:\/\/api.w.org\/{rel}","templated":true}]}}