{"id":29924,"date":"2025-11-11T12:31:32","date_gmt":"2025-11-11T11:31:32","guid":{"rendered":"https:\/\/animicaportraits.com\/product\/fabio-et-milo\/"},"modified":"2025-11-13T11:10:24","modified_gmt":"2025-11-13T10:10:24","slug":"fabio-et-milo","status":"publish","type":"product","link":"https:\/\/animicaportraits.com\/fr\/produit\/fabio-et-milo\/","title":{"rendered":"Fabio et Milo"},"content":{"rendered":"","protected":false},"excerpt":{"rendered":"<p>8 NOVEMBRE 2025<\/p>\n<p><strong>Milo<\/strong>, un chien crois\u00e9 de quatre ans et demi, et son ma\u00eetre <strong>Fabio<\/strong> ont choisi un <em>portrait sign\u00e9<\/em>, \u0153uvre d&rsquo;art de <strong>Barbara Pigazzi.<\/strong><\/p>\n<p>Fabio est b\u00e9n\u00e9vole \u00e0 la <a href=\"https:\/\/www.lndcanimalprotection.org\/\" target=\"_blank\" rel=\"noopener\"><em>Ligue nationale de d\u00e9fense des chiens de Venise.<\/em><\/a><br \/>\nIl a choisi le <strong>PORTRAIT SOLIDARIT\u00c9<\/strong>, en soutien \u00e0 l&rsquo;initiative men\u00e9e par le <em>Studio Animica<\/em> et <strong>Caterina Murino.<\/strong><\/p>\n<p><strong>Lien\u00a0:<\/strong> <a href=\"https:\/\/animicaportraits.com\/fr\/produit\/bon-cadeau-pour-un-portrait-dauteur\/\">Portraits Solidaires<\/a><\/p>\n","protected":false},"featured_media":29878,"comment_status":"open","ping_status":"closed","template":"","meta":{"_acf_changed":false},"attore":[],"product_brand":[],"product_cat":[766],"product_tag":[],"giftcard-category":[],"class_list":{"0":"post-29924","1":"product","2":"type-product","3":"status-publish","4":"has-post-thumbnail","6":"product_cat-portraits-animaux-de-compagnie","8":"first","9":"instock","10":"taxable","11":"shipping-taxable","12":"product-type-simple"},"acf":[],"_links":{"self":[{"href":"https:\/\/animicaportraits.com\/fr\/wp-json\/wp\/v2\/product\/29924","targetHints":{"allow":["GET"]}}],"collection":[{"href":"https:\/\/animicaportraits.com\/fr\/wp-json\/wp\/v2\/product"}],"about":[{"href":"https:\/\/animicaportraits.com\/fr\/wp-json\/wp\/v2\/types\/product"}],"replies":[{"embeddable":true,"href":"https:\/\/animicaportraits.com\/fr\/wp-json\/wp\/v2\/comments?post=29924"}],"version-history":[{"count":0,"href":"https:\/\/animicaportraits.com\/fr\/wp-json\/wp\/v2\/product\/29924\/revisions"}],"wp:featuredmedia":[{"embeddable":true,"href":"https:\/\/animicaportraits.com\/fr\/wp-json\/wp\/v2\/media\/29878"}],"wp:attachment":[{"href":"https:\/\/animicaportraits.com\/fr\/wp-json\/wp\/v2\/media?parent=29924"}],"wp:term":[{"taxonomy":"attore","embeddable":true,"href":"https:\/\/animicaportraits.com\/fr\/wp-json\/wp\/v2\/attore?post=29924"},{"taxonomy":"product_brand","embeddable":true,"href":"https:\/\/animicaportraits.com\/fr\/wp-json\/wp\/v2\/product_brand?post=29924"},{"taxonomy":"product_cat","embeddable":true,"href":"https:\/\/animicaportraits.com\/fr\/wp-json\/wp\/v2\/product_cat?post=29924"},{"taxonomy":"product_tag","embeddable":true,"href":"https:\/\/animicaportraits.com\/fr\/wp-json\/wp\/v2\/product_tag?post=29924"},{"taxonomy":"giftcard-category","embeddable":true,"href":"https:\/\/animicaportraits.com\/fr\/wp-json\/wp\/v2\/giftcard-category?post=29924"}],"curies":[{"name":"wp","href":"https:\/\/api.w.org\/{rel}","templated":true}]}}