{"id":30092,"date":"2025-11-13T17:33:21","date_gmt":"2025-11-13T16:33:21","guid":{"rendered":"https:\/\/animicaportraits.com\/product\/sylvie-et-carine\/"},"modified":"2025-11-13T17:33:21","modified_gmt":"2025-11-13T16:33:21","slug":"sylvie-et-carine","status":"publish","type":"product","link":"https:\/\/animicaportraits.com\/fr\/produit\/sylvie-et-carine\/","title":{"rendered":"Sylvie et Carine"},"content":{"rendered":"","protected":false},"excerpt":{"rendered":"<p><strong>Sylvie<\/strong> et <strong>Carine<\/strong>, toutes deux <em>Belges<\/em>, ont choisi de <em>c\u00e9l\u00e9brer leurs 43 ans d&rsquo;amiti\u00e9<\/em> par une s<em>\u00e9ance photo multisensorielle<\/em> r\u00e9alis\u00e9e par <strong>Barbara Pigazzi.<\/strong><\/p>\n<p>Leur rencontre \u00e0 Isola, au studio Animica, \u00e9tait attendue et planifi\u00e9e de longue date\u00a0; enfin, le 11 novembre, elles ont os\u00e9 se pr\u00eater au jeu de leur plus beau portrait.<\/p>\n","protected":false},"featured_media":30059,"comment_status":"open","ping_status":"closed","template":"","meta":{"_acf_changed":false},"attore":[],"product_brand":[],"product_cat":[230],"product_tag":[580,231],"giftcard-category":[],"class_list":{"0":"post-30092","1":"product","2":"type-product","3":"status-publish","4":"has-post-thumbnail","6":"product_cat-portraits-dexperience-multisensorielle","7":"product_tag-portrait-photographique-multisensoriel","8":"product_tag-portraits-dexperience-multisensorielle","10":"first","11":"instock","12":"taxable","13":"shipping-taxable","14":"product-type-simple"},"acf":[],"_links":{"self":[{"href":"https:\/\/animicaportraits.com\/fr\/wp-json\/wp\/v2\/product\/30092","targetHints":{"allow":["GET"]}}],"collection":[{"href":"https:\/\/animicaportraits.com\/fr\/wp-json\/wp\/v2\/product"}],"about":[{"href":"https:\/\/animicaportraits.com\/fr\/wp-json\/wp\/v2\/types\/product"}],"replies":[{"embeddable":true,"href":"https:\/\/animicaportraits.com\/fr\/wp-json\/wp\/v2\/comments?post=30092"}],"version-history":[{"count":0,"href":"https:\/\/animicaportraits.com\/fr\/wp-json\/wp\/v2\/product\/30092\/revisions"}],"wp:featuredmedia":[{"embeddable":true,"href":"https:\/\/animicaportraits.com\/fr\/wp-json\/wp\/v2\/media\/30059"}],"wp:attachment":[{"href":"https:\/\/animicaportraits.com\/fr\/wp-json\/wp\/v2\/media?parent=30092"}],"wp:term":[{"taxonomy":"attore","embeddable":true,"href":"https:\/\/animicaportraits.com\/fr\/wp-json\/wp\/v2\/attore?post=30092"},{"taxonomy":"product_brand","embeddable":true,"href":"https:\/\/animicaportraits.com\/fr\/wp-json\/wp\/v2\/product_brand?post=30092"},{"taxonomy":"product_cat","embeddable":true,"href":"https:\/\/animicaportraits.com\/fr\/wp-json\/wp\/v2\/product_cat?post=30092"},{"taxonomy":"product_tag","embeddable":true,"href":"https:\/\/animicaportraits.com\/fr\/wp-json\/wp\/v2\/product_tag?post=30092"},{"taxonomy":"giftcard-category","embeddable":true,"href":"https:\/\/animicaportraits.com\/fr\/wp-json\/wp\/v2\/giftcard-category?post=30092"}],"curies":[{"name":"wp","href":"https:\/\/api.w.org\/{rel}","templated":true}]}}