{"id":30325,"date":"2025-11-20T11:27:30","date_gmt":"2025-11-20T10:27:30","guid":{"rendered":"https:\/\/animicaportraits.com\/product\/anne-marie\/"},"modified":"2025-11-20T11:27:30","modified_gmt":"2025-11-20T10:27:30","slug":"anne-marie","status":"publish","type":"product","link":"https:\/\/animicaportraits.com\/fr\/produit\/anne-marie\/","title":{"rendered":"Anne Marie"},"content":{"rendered":"","protected":false},"excerpt":{"rendered":"<p><strong>Anne-Marie<\/strong> a choisi une s\u00e9ance photo multisensorielle avec <strong>Barbara Pigazzi<\/strong> comme <em>cadeau d&rsquo;anniversaire de son mari,<\/em> <strong>Jean-Claude.<\/strong><br \/>\nDe Paris \u00e0 l&rsquo;\u00eele magique de la Giudecca, impr\u00e9gn\u00e9e de l&rsquo;univers de <strong>Pauline Rochas, Bliss N7<\/strong> a \u00e9t\u00e9 s\u00e9lectionn\u00e9e pour une exp\u00e9rience unique et inoubliable.<br \/>\nNous vous rappelons que le <strong>Studio Animica<\/strong>, repr\u00e9sent\u00e9 par Barbara, est l&rsquo;ambassadeur officiel en Italie de l&#8217;embl\u00e9matique Pauline Rochas.<\/p>\n<p><img fetchpriority=\"high\" decoding=\"async\" class=\"alignnone wp-image-9487 size-full\" src=\"https:\/\/animicaportraits.com\/wp-content\/uploads\/2024\/05\/essence-No-7-Bliss-in-a-Bottle-Box-Pauline-Rochas.jpg\" alt=\"essence No 7 - Bliss in a Bottle &amp; Box Pauline Rochas\" width=\"1200\" height=\"1252\" srcset=\"https:\/\/animicaportraits.com\/wp-content\/uploads\/2024\/05\/essence-No-7-Bliss-in-a-Bottle-Box-Pauline-Rochas.jpg 1200w, https:\/\/animicaportraits.com\/wp-content\/uploads\/2024\/05\/essence-No-7-Bliss-in-a-Bottle-Box-Pauline-Rochas-300x313.jpg 300w, https:\/\/animicaportraits.com\/wp-content\/uploads\/2024\/05\/essence-No-7-Bliss-in-a-Bottle-Box-Pauline-Rochas-600x626.jpg 600w, https:\/\/animicaportraits.com\/wp-content\/uploads\/2024\/05\/essence-No-7-Bliss-in-a-Bottle-Box-Pauline-Rochas-288x300.jpg 288w, https:\/\/animicaportraits.com\/wp-content\/uploads\/2024\/05\/essence-No-7-Bliss-in-a-Bottle-Box-Pauline-Rochas-981x1024.jpg 981w, https:\/\/animicaportraits.com\/wp-content\/uploads\/2024\/05\/essence-No-7-Bliss-in-a-Bottle-Box-Pauline-Rochas-768x801.jpg 768w\" sizes=\"(max-width: 1200px) 100vw, 1200px\" \/><\/p>\n","protected":false},"featured_media":30305,"comment_status":"open","ping_status":"closed","template":"","meta":{"_acf_changed":false},"attore":[],"product_brand":[],"product_cat":[230],"product_tag":[580,231],"giftcard-category":[],"class_list":{"0":"post-30325","1":"product","2":"type-product","3":"status-publish","4":"has-post-thumbnail","6":"product_cat-portraits-dexperience-multisensorielle","7":"product_tag-portrait-photographique-multisensoriel","8":"product_tag-portraits-dexperience-multisensorielle","10":"first","11":"instock","12":"taxable","13":"shipping-taxable","14":"product-type-simple"},"acf":[],"_links":{"self":[{"href":"https:\/\/animicaportraits.com\/fr\/wp-json\/wp\/v2\/product\/30325","targetHints":{"allow":["GET"]}}],"collection":[{"href":"https:\/\/animicaportraits.com\/fr\/wp-json\/wp\/v2\/product"}],"about":[{"href":"https:\/\/animicaportraits.com\/fr\/wp-json\/wp\/v2\/types\/product"}],"replies":[{"embeddable":true,"href":"https:\/\/animicaportraits.com\/fr\/wp-json\/wp\/v2\/comments?post=30325"}],"version-history":[{"count":0,"href":"https:\/\/animicaportraits.com\/fr\/wp-json\/wp\/v2\/product\/30325\/revisions"}],"wp:featuredmedia":[{"embeddable":true,"href":"https:\/\/animicaportraits.com\/fr\/wp-json\/wp\/v2\/media\/30305"}],"wp:attachment":[{"href":"https:\/\/animicaportraits.com\/fr\/wp-json\/wp\/v2\/media?parent=30325"}],"wp:term":[{"taxonomy":"attore","embeddable":true,"href":"https:\/\/animicaportraits.com\/fr\/wp-json\/wp\/v2\/attore?post=30325"},{"taxonomy":"product_brand","embeddable":true,"href":"https:\/\/animicaportraits.com\/fr\/wp-json\/wp\/v2\/product_brand?post=30325"},{"taxonomy":"product_cat","embeddable":true,"href":"https:\/\/animicaportraits.com\/fr\/wp-json\/wp\/v2\/product_cat?post=30325"},{"taxonomy":"product_tag","embeddable":true,"href":"https:\/\/animicaportraits.com\/fr\/wp-json\/wp\/v2\/product_tag?post=30325"},{"taxonomy":"giftcard-category","embeddable":true,"href":"https:\/\/animicaportraits.com\/fr\/wp-json\/wp\/v2\/giftcard-category?post=30325"}],"curies":[{"name":"wp","href":"https:\/\/api.w.org\/{rel}","templated":true}]}}