{"id":30349,"date":"2025-11-20T12:32:40","date_gmt":"2025-11-20T11:32:40","guid":{"rendered":"https:\/\/animicaportraits.com\/product\/marise\/"},"modified":"2025-11-20T13:02:07","modified_gmt":"2025-11-20T12:02:07","slug":"marise","status":"publish","type":"product","link":"https:\/\/animicaportraits.com\/fr\/produit\/marise\/","title":{"rendered":"Maryse"},"content":{"rendered":"","protected":false},"excerpt":{"rendered":"<p><strong>Maryse<\/strong>, originaire de <em>Paris<\/em>, a choisi l&rsquo;exp\u00e9rience d&rsquo;un <strong>portrait multisensoriel<\/strong> offert par son mari <strong>Michel<\/strong>. Il s&rsquo;agit d&rsquo;un portrait sign\u00e9, imprim\u00e9 et encadr\u00e9, r\u00e9alis\u00e9 par <strong>Barbara Pigazzi<\/strong> \u00e0 la <em>galerie d&rsquo;art Studio Animica<\/em>, sur l&rsquo;\u00eele de la Giudecca.<\/p>\n<p>Le couple vit \u00e0 Paris et, pour l&rsquo;anniversaire de Maryse, ils ont choisi \u00ab <em>l&rsquo;\u00eele des Sourires<\/em> \u00bb, comme ils l&rsquo;appellent, l&rsquo;\u00eele de la Giudecca qui surplombe Venise.<\/p>\n","protected":false},"featured_media":30342,"comment_status":"open","ping_status":"closed","template":"","meta":{"_acf_changed":false},"attore":[],"product_brand":[],"product_cat":[230],"product_tag":[580,231],"giftcard-category":[],"class_list":{"0":"post-30349","1":"product","2":"type-product","3":"status-publish","4":"has-post-thumbnail","6":"product_cat-portraits-dexperience-multisensorielle","7":"product_tag-portrait-photographique-multisensoriel","8":"product_tag-portraits-dexperience-multisensorielle","10":"first","11":"instock","12":"taxable","13":"shipping-taxable","14":"product-type-simple"},"acf":[],"_links":{"self":[{"href":"https:\/\/animicaportraits.com\/fr\/wp-json\/wp\/v2\/product\/30349","targetHints":{"allow":["GET"]}}],"collection":[{"href":"https:\/\/animicaportraits.com\/fr\/wp-json\/wp\/v2\/product"}],"about":[{"href":"https:\/\/animicaportraits.com\/fr\/wp-json\/wp\/v2\/types\/product"}],"replies":[{"embeddable":true,"href":"https:\/\/animicaportraits.com\/fr\/wp-json\/wp\/v2\/comments?post=30349"}],"version-history":[{"count":1,"href":"https:\/\/animicaportraits.com\/fr\/wp-json\/wp\/v2\/product\/30349\/revisions"}],"predecessor-version":[{"id":30353,"href":"https:\/\/animicaportraits.com\/fr\/wp-json\/wp\/v2\/product\/30349\/revisions\/30353"}],"wp:featuredmedia":[{"embeddable":true,"href":"https:\/\/animicaportraits.com\/fr\/wp-json\/wp\/v2\/media\/30342"}],"wp:attachment":[{"href":"https:\/\/animicaportraits.com\/fr\/wp-json\/wp\/v2\/media?parent=30349"}],"wp:term":[{"taxonomy":"attore","embeddable":true,"href":"https:\/\/animicaportraits.com\/fr\/wp-json\/wp\/v2\/attore?post=30349"},{"taxonomy":"product_brand","embeddable":true,"href":"https:\/\/animicaportraits.com\/fr\/wp-json\/wp\/v2\/product_brand?post=30349"},{"taxonomy":"product_cat","embeddable":true,"href":"https:\/\/animicaportraits.com\/fr\/wp-json\/wp\/v2\/product_cat?post=30349"},{"taxonomy":"product_tag","embeddable":true,"href":"https:\/\/animicaportraits.com\/fr\/wp-json\/wp\/v2\/product_tag?post=30349"},{"taxonomy":"giftcard-category","embeddable":true,"href":"https:\/\/animicaportraits.com\/fr\/wp-json\/wp\/v2\/giftcard-category?post=30349"}],"curies":[{"name":"wp","href":"https:\/\/api.w.org\/{rel}","templated":true}]}}