{"id":30381,"date":"2025-11-20T21:33:07","date_gmt":"2025-11-20T20:33:07","guid":{"rendered":"https:\/\/animicaportraits.com\/product\/anne-marie-et-jean-claude\/"},"modified":"2025-11-20T21:33:07","modified_gmt":"2025-11-20T20:33:07","slug":"anne-marie-et-jean-claude","status":"publish","type":"product","link":"https:\/\/animicaportraits.com\/fr\/produit\/anne-marie-et-jean-claude\/","title":{"rendered":"Anne-Marie et Jean-Claude"},"content":{"rendered":"","protected":false},"excerpt":{"rendered":"<p><strong>Anne-Marie<\/strong> et <strong>Jean-Claude<\/strong> ont choisi de <em>c\u00e9l\u00e9brer leur anniversaire de mariage<\/em> avec des portraits sign\u00e9s, imprim\u00e9s et encadr\u00e9s par <strong>Barbara Pigazzi<\/strong> pour leur appartement parisien.<\/p>\n<p>Ils ont \u00e9galement choisi de participer \u00e0 l&rsquo;initiative <strong>SOLIDARITY PORTRAITS<\/strong>, promue par la <em>galerie d&rsquo;art Studio Animica.<\/em><\/p>\n","protected":false},"featured_media":30372,"comment_status":"open","ping_status":"closed","template":"","meta":{"_acf_changed":false},"attore":[],"product_brand":[],"product_cat":[68],"product_tag":[563,69],"giftcard-category":[],"class_list":{"0":"post-30381","1":"product","2":"type-product","3":"status-publish","4":"has-post-thumbnail","6":"product_cat-portraits-de-famille","7":"product_tag-famille","8":"product_tag-portraits-de-famille","10":"first","11":"instock","12":"taxable","13":"shipping-taxable","14":"product-type-simple"},"acf":[],"_links":{"self":[{"href":"https:\/\/animicaportraits.com\/fr\/wp-json\/wp\/v2\/product\/30381","targetHints":{"allow":["GET"]}}],"collection":[{"href":"https:\/\/animicaportraits.com\/fr\/wp-json\/wp\/v2\/product"}],"about":[{"href":"https:\/\/animicaportraits.com\/fr\/wp-json\/wp\/v2\/types\/product"}],"replies":[{"embeddable":true,"href":"https:\/\/animicaportraits.com\/fr\/wp-json\/wp\/v2\/comments?post=30381"}],"version-history":[{"count":0,"href":"https:\/\/animicaportraits.com\/fr\/wp-json\/wp\/v2\/product\/30381\/revisions"}],"wp:featuredmedia":[{"embeddable":true,"href":"https:\/\/animicaportraits.com\/fr\/wp-json\/wp\/v2\/media\/30372"}],"wp:attachment":[{"href":"https:\/\/animicaportraits.com\/fr\/wp-json\/wp\/v2\/media?parent=30381"}],"wp:term":[{"taxonomy":"attore","embeddable":true,"href":"https:\/\/animicaportraits.com\/fr\/wp-json\/wp\/v2\/attore?post=30381"},{"taxonomy":"product_brand","embeddable":true,"href":"https:\/\/animicaportraits.com\/fr\/wp-json\/wp\/v2\/product_brand?post=30381"},{"taxonomy":"product_cat","embeddable":true,"href":"https:\/\/animicaportraits.com\/fr\/wp-json\/wp\/v2\/product_cat?post=30381"},{"taxonomy":"product_tag","embeddable":true,"href":"https:\/\/animicaportraits.com\/fr\/wp-json\/wp\/v2\/product_tag?post=30381"},{"taxonomy":"giftcard-category","embeddable":true,"href":"https:\/\/animicaportraits.com\/fr\/wp-json\/wp\/v2\/giftcard-category?post=30381"}],"curies":[{"name":"wp","href":"https:\/\/api.w.org\/{rel}","templated":true}]}}