{"id":30615,"date":"2025-12-08T18:21:30","date_gmt":"2025-12-08T17:21:30","guid":{"rendered":"https:\/\/animicaportraits.com\/?post_type=product&#038;p=30615"},"modified":"2025-12-08T18:21:30","modified_gmt":"2025-12-08T17:21:30","slug":"la-famille-de-neshell","status":"publish","type":"product","link":"https:\/\/animicaportraits.com\/fr\/produit\/la-famille-de-neshell\/","title":{"rendered":"La famille de Neshell"},"content":{"rendered":"","protected":false},"excerpt":{"rendered":"<p>La famille de <strong>Neshell\u00a0<\/strong>: son mari, <strong>Lex<\/strong>, et leurs trois filles, <strong>Destiny<\/strong>, 15\u00a0ans, <strong>Precious<\/strong>, 14\u00a0ans, et <strong>Patrizia<\/strong>, 12\u00a0ans.<\/p>\n<p><em>Originaires des Philippines<\/em>, ils vivent et travaillent \u00e0 Venise depuis 17\u00a0ans.<\/p>\n<p>Ils ont choisi les portraits sign\u00e9s, imprim\u00e9s et encadr\u00e9s par <strong>Barbara Pigazzi<\/strong> pour leur maison.<\/p>\n<p>D\u00e9cembre\u00a02025<\/p>\n","protected":false},"featured_media":30611,"comment_status":"open","ping_status":"closed","template":"","meta":{"_acf_changed":false},"attore":[],"product_brand":[],"product_cat":[68],"product_tag":[],"giftcard-category":[],"class_list":{"0":"post-30615","1":"product","2":"type-product","3":"status-publish","4":"has-post-thumbnail","6":"product_cat-portraits-de-famille","8":"first","9":"instock","10":"taxable","11":"shipping-taxable","12":"product-type-simple"},"acf":[],"_links":{"self":[{"href":"https:\/\/animicaportraits.com\/fr\/wp-json\/wp\/v2\/product\/30615","targetHints":{"allow":["GET"]}}],"collection":[{"href":"https:\/\/animicaportraits.com\/fr\/wp-json\/wp\/v2\/product"}],"about":[{"href":"https:\/\/animicaportraits.com\/fr\/wp-json\/wp\/v2\/types\/product"}],"replies":[{"embeddable":true,"href":"https:\/\/animicaportraits.com\/fr\/wp-json\/wp\/v2\/comments?post=30615"}],"version-history":[{"count":1,"href":"https:\/\/animicaportraits.com\/fr\/wp-json\/wp\/v2\/product\/30615\/revisions"}],"predecessor-version":[{"id":30617,"href":"https:\/\/animicaportraits.com\/fr\/wp-json\/wp\/v2\/product\/30615\/revisions\/30617"}],"wp:featuredmedia":[{"embeddable":true,"href":"https:\/\/animicaportraits.com\/fr\/wp-json\/wp\/v2\/media\/30611"}],"wp:attachment":[{"href":"https:\/\/animicaportraits.com\/fr\/wp-json\/wp\/v2\/media?parent=30615"}],"wp:term":[{"taxonomy":"attore","embeddable":true,"href":"https:\/\/animicaportraits.com\/fr\/wp-json\/wp\/v2\/attore?post=30615"},{"taxonomy":"product_brand","embeddable":true,"href":"https:\/\/animicaportraits.com\/fr\/wp-json\/wp\/v2\/product_brand?post=30615"},{"taxonomy":"product_cat","embeddable":true,"href":"https:\/\/animicaportraits.com\/fr\/wp-json\/wp\/v2\/product_cat?post=30615"},{"taxonomy":"product_tag","embeddable":true,"href":"https:\/\/animicaportraits.com\/fr\/wp-json\/wp\/v2\/product_tag?post=30615"},{"taxonomy":"giftcard-category","embeddable":true,"href":"https:\/\/animicaportraits.com\/fr\/wp-json\/wp\/v2\/giftcard-category?post=30615"}],"curies":[{"name":"wp","href":"https:\/\/api.w.org\/{rel}","templated":true}]}}